{"id":14304,"date":"2025-02-24T22:46:18","date_gmt":"2025-02-24T21:46:18","guid":{"rendered":"https:\/\/staviori.com.pl\/product\/kolczyk-z-brylantami-kxc6412\/"},"modified":"2026-04-09T21:47:51","modified_gmt":"2026-04-09T19:47:51","slug":"kolczyk-z-brylantami-kxc6412","status":"publish","type":"product","link":"https:\/\/staviori.com.pl\/cs\/product\/kolczyk-z-brylantami-kxc6412\/","title":{"rendered":"Zlat\u00e9 diamantov\u00e9 n\u00e1u\u0161nice s anglick\u00fdm zap\u00edn\u00e1n\u00edm - 375"},"content":{"rendered":"<p>Model: KXC6412<br \/>\nHmotnost p\u0159ibli\u017en\u011b 1,75 g<br \/>\nN\u00e1u\u0161nice.<br \/>\n\u017b\u00f3\u0142te, Bia\u0142e Z\u0142oto 0,375.<br \/>\n2 Diamenty, szlif achtkant, o masie 0,06 ct., barwa H-I, czysto\u015b\u0107 SI1-I1.<\/p>\n<p>\u015arednica 4.6 mm.<br \/>\nD\u00e9lka 16 mm.<\/p>\n<p>Kolczyki to wyj\u0105tkowy zestaw wykonany z \u017c\u00f3\u0142tego z\u0142ota o pr\u00f3bie 0,375, ozdobiony diamentami. Diamenty s\u0105 osadzone w eleganckiej oprawie wykonanej ze szlifowanego bia\u0142ego z\u0142ota. Zapi\u0119cie angielskie. Kolczyki s\u0105 delikatne, emanuj\u0105 pi\u0119knym blaskiem i maj\u0105 subtelny design, kt\u00f3ry jest ponadczasowy.<\/p>","protected":false},"excerpt":{"rendered":"<p>V\u00fdjime\u010dn\u00e9 n\u00e1u\u0161nice ze \u017elut\u00e9ho zlata 0,375 s jemn\u00fdm akcentem z b\u00edl\u00e9ho zlata jsou kombinac\u00ed t\u0159\u00eddy a lesku. Dva p\u0159\u00edrodn\u00ed diamanty o celkov\u00e9 v\u00e1ze 0,06 ct zasazen\u00e9 do drah\u00e9ho osazen\u00ed rozz\u00e1\u0159\u00ed celek a dodaj\u00ed \u0161perku mimo\u0159\u00e1dnou eleganci. N\u00e1u\u0161nice maj\u00ed bezpe\u010dn\u00e9 anglick\u00e9 zap\u00edn\u00e1n\u00ed a jejich jemn\u00fd, nad\u010dasov\u00fd design se uplatn\u00ed jak p\u0159i ka\u017edodenn\u00edm no\u0161en\u00ed, tak p\u0159i zvl\u00e1\u0161tn\u00edch p\u0159\u00edle\u017eitostech.<\/p>","protected":false},"featured_media":18172,"comment_status":"closed","ping_status":"closed","template":"","meta":{"om_disable_all_campaigns":false},"product_brand":[2284,2350],"product_cat":[1838,1990,199],"product_tag":[3496,3497,2315,2660,2698,2667,3499,2683,3498],"class_list":{"0":"post-14304","1":"product","2":"type-product","3":"status-publish","4":"has-post-thumbnail","6":"product_brand-staviori","7":"product_brand-verona","8":"product_cat-diamenty","9":"product_cat-kolczyk-z-brylantami","10":"product_cat-kolczyki","11":"product_tag-3496","12":"product_tag-angielskie-zapiecie","13":"product_tag-diamentowa-bizuteria","14":"product_tag-eleganckie-kolczyki","15":"product_tag-kolczyki-na-prezent","16":"product_tag-kolczyki-z-diamentami","17":"product_tag-kxc6412","18":"product_tag-zlote-kolczyki","19":"product_tag-zloto-375","20":"pa_barwa-h-i","21":"pa_czystosc-si1-i1","22":"pa_dlugosc-16mm","23":"pa_kamien-diament","24":"pa_kolor-zolte","25":"pa_kruszec-zloto","26":"pa_proba-0-375","27":"pa_waga-175g","28":"pa_zapiecie-angielskie","30":"first","31":"onbackorder","32":"purchasable","33":"product-type-simple"},"aioseo_notices":[],"_links":{"self":[{"href":"https:\/\/staviori.com.pl\/cs\/wp-json\/wp\/v2\/product\/14304","targetHints":{"allow":["GET"]}}],"collection":[{"href":"https:\/\/staviori.com.pl\/cs\/wp-json\/wp\/v2\/product"}],"about":[{"href":"https:\/\/staviori.com.pl\/cs\/wp-json\/wp\/v2\/types\/product"}],"replies":[{"embeddable":true,"href":"https:\/\/staviori.com.pl\/cs\/wp-json\/wp\/v2\/comments?post=14304"}],"wp:featuredmedia":[{"embeddable":true,"href":"https:\/\/staviori.com.pl\/cs\/wp-json\/wp\/v2\/media\/18172"}],"wp:attachment":[{"href":"https:\/\/staviori.com.pl\/cs\/wp-json\/wp\/v2\/media?parent=14304"}],"wp:term":[{"taxonomy":"product_brand","embeddable":true,"href":"https:\/\/staviori.com.pl\/cs\/wp-json\/wp\/v2\/product_brand?post=14304"},{"taxonomy":"product_cat","embeddable":true,"href":"https:\/\/staviori.com.pl\/cs\/wp-json\/wp\/v2\/product_cat?post=14304"},{"taxonomy":"product_tag","embeddable":true,"href":"https:\/\/staviori.com.pl\/cs\/wp-json\/wp\/v2\/product_tag?post=14304"}],"curies":[{"name":"wp","href":"https:\/\/api.w.org\/{rel}","templated":true}]}}