{"id":14289,"date":"2025-02-24T22:46:15","date_gmt":"2025-02-24T21:46:15","guid":{"rendered":"https:\/\/staviori.com.pl\/product\/zlote-kolczyki-kxc6216\/"},"modified":"2026-03-16T06:50:32","modified_gmt":"2026-03-16T05:50:32","slug":"zlote-kolczyki-kxc6216","status":"publish","type":"product","link":"https:\/\/staviori.com.pl\/cs\/product\/zlote-kolczyki-kxc6216\/","title":{"rendered":"Zlat\u00e9 koso\u010dtvercov\u00e9 n\u00e1u\u0161nice ze \u017elut\u00e9ho zlata 333 - KXC6216"},"content":{"rendered":"<p>Model: KXC6216<br \/>\nHmotnost p\u0159ibli\u017en\u011b 0,93 g<\/p>\n<p>N\u00e1u\u0161nice.<br \/>\n\u017dlut\u00e9 zlato 0,333.<\/p>\n<p>Pr\u016fm\u011br 19 mm.<br \/>\n\u0160\u00ed\u0159ka 2 mm.<\/p>\n<p>Kr\u00e1sn\u00e9, neobvykl\u00e9 n\u00e1u\u0161nice se \u0161arnirov\u00fdm zap\u00edn\u00e1n\u00edm.<\/p>","protected":false},"excerpt":{"rendered":"<p>Modern\u00ed a decentn\u00ed n\u00e1u\u0161nice ve tvaru zaoblen\u00e9ho obd\u00e9ln\u00edku ze \u017elut\u00e9ho zlata 0,333. Jejich neobvykl\u00fd design upout\u00e1 pozornost a ostr\u00e9 zap\u00edn\u00e1n\u00ed zajist\u00ed pohodl\u00ed a bezpe\u010dnost p\u0159i no\u0161en\u00ed. Jsou ide\u00e1ln\u00ed pro ka\u017edodenn\u00ed no\u0161en\u00ed a elegantn\u00ed styling - dodaj\u00ed noblesu ka\u017ed\u00e9mu \u017eensk\u00e9mu vzhledu. Jedn\u00e1 se o \u0161perky, kter\u00e9 spojuj\u00ed minimalismus s v\u00fdjime\u010dn\u00fdm p\u016fvabem.<\/p>","protected":false},"featured_media":18114,"comment_status":"closed","ping_status":"closed","template":"","meta":{"om_disable_all_campaigns":false},"product_brand":[2284,2350],"product_cat":[199,2044,1930],"product_tag":[3435,3436,3437,2708,3434,2668,2569,2787,2522],"class_list":{"0":"post-14289","1":"product","2":"type-product","3":"status-publish","4":"has-post-thumbnail","6":"product_brand-staviori","7":"product_brand-verona","8":"product_cat-kolczyki","9":"product_cat-zlote-kolczyki","10":"product_cat-zloto-2","11":"product_tag-ka16420","12":"product_tag-kolczyki-333","13":"product_tag-kolczyki-szarnir","14":"product_tag-kolczyki-zlote","15":"product_tag-kxc6216","16":"product_tag-minimalistyczne-kolczyki","17":"product_tag-nowoczesna-bizuteria","18":"product_tag-zlote-kolczyki-damskie","19":"product_tag-zolte-zloto","20":"pa_kolor-zolte","21":"pa_kruszec-zloto","22":"pa_proba-0-333","23":"pa_srednica-19mm","24":"pa_szerokosc-2mm","25":"pa_waga-093g","27":"first","28":"instock","29":"purchasable","30":"product-type-simple"},"aioseo_notices":[],"_links":{"self":[{"href":"https:\/\/staviori.com.pl\/cs\/wp-json\/wp\/v2\/product\/14289","targetHints":{"allow":["GET"]}}],"collection":[{"href":"https:\/\/staviori.com.pl\/cs\/wp-json\/wp\/v2\/product"}],"about":[{"href":"https:\/\/staviori.com.pl\/cs\/wp-json\/wp\/v2\/types\/product"}],"replies":[{"embeddable":true,"href":"https:\/\/staviori.com.pl\/cs\/wp-json\/wp\/v2\/comments?post=14289"}],"wp:featuredmedia":[{"embeddable":true,"href":"https:\/\/staviori.com.pl\/cs\/wp-json\/wp\/v2\/media\/18114"}],"wp:attachment":[{"href":"https:\/\/staviori.com.pl\/cs\/wp-json\/wp\/v2\/media?parent=14289"}],"wp:term":[{"taxonomy":"product_brand","embeddable":true,"href":"https:\/\/staviori.com.pl\/cs\/wp-json\/wp\/v2\/product_brand?post=14289"},{"taxonomy":"product_cat","embeddable":true,"href":"https:\/\/staviori.com.pl\/cs\/wp-json\/wp\/v2\/product_cat?post=14289"},{"taxonomy":"product_tag","embeddable":true,"href":"https:\/\/staviori.com.pl\/cs\/wp-json\/wp\/v2\/product_tag?post=14289"}],"curies":[{"name":"wp","href":"https:\/\/api.w.org\/{rel}","templated":true}]}}