{"id":14278,"date":"2025-02-24T22:46:15","date_gmt":"2025-02-24T21:46:15","guid":{"rendered":"https:\/\/staviori.com.pl\/product\/zlote-kolczyki-kxc20343\/"},"modified":"2026-04-20T01:16:33","modified_gmt":"2026-04-19T23:16:33","slug":"zlote-kolczyki-kxc20343","status":"publish","type":"product","link":"https:\/\/staviori.com.pl\/cs\/product\/zlote-kolczyki-kxc20343\/","title":{"rendered":"Zlat\u00e9 elegantn\u00ed n\u00e1u\u0161nice s \u010dern\u00fdmi zirkony - 333"},"content":{"rendered":"<p>Model: KXC20343<br \/>\nWaga ok. 1,65g<\/p>\n<p>N\u00e1u\u0161nice.<br \/>\n\u017dlut\u00e9 zlato 0,333.<br \/>\nZirkonov\u00e1 \u010dern\u00e1.<br \/>\nD\u0142ugo\u015b\u0107 11 mm.<br \/>\nSzeroko\u015b\u0107 9 mm.<\/p>","protected":false},"excerpt":{"rendered":"<p>Stylowe kolczyki na sztyfcie wykonane z \u017c\u00f3\u0142tego z\u0142ota pr\u00f3by 0,333, ozdobione czarnymi cyrkoniami w wyj\u0105tkowym, ornamentalnym wzorze. Centralna, owalna cyrkonia przyci\u0105ga wzrok eleganckim po\u0142yskiem, a otaczaj\u0105ce j\u0105 drobniejsze kamienie dodaj\u0105 ca\u0142o\u015bci g\u0142\u0119bi i wyrazisto\u015bci. Ten klasyczny model w nowoczesnym wydaniu to idealny wyb\u00f3r zar\u00f3wno do codziennych stylizacji, jak i na wieczorne wyj\u015bcia.<\/p>","protected":false},"featured_media":14279,"comment_status":"closed","ping_status":"closed","template":"","meta":{"om_disable_all_campaigns":false},"product_brand":[2284,2350],"product_cat":[199,2044,1930],"product_tag":[3448,2317,2603,3436,2954,3223,2899,2708,3447,3446],"class_list":{"0":"post-14278","1":"product","2":"type-product","3":"status-publish","4":"has-post-thumbnail","6":"product_brand-staviori","7":"product_brand-verona","8":"product_cat-kolczyki","9":"product_cat-zlote-kolczyki","10":"product_cat-zloto-2","11":"product_tag-czarne-cyrkonie","12":"product_tag-elegancka-bizuteria","13":"product_tag-klasyczna-bizuteria","14":"product_tag-kolczyki-333","15":"product_tag-kolczyki-na-sztyfcie","16":"product_tag-kolczyki-vintage","17":"product_tag-kolczyki-z-kamieniami","18":"product_tag-kolczyki-zlote","19":"product_tag-kx20343","20":"product_tag-kxc20343","21":"pa_dlugosc-11mm","22":"pa_kamien-cyrkonia-czarna","23":"pa_kolor-zolte","24":"pa_kruszec-zloto","25":"pa_proba-0-333","26":"pa_szerokosc-9mm","27":"pa_waga-165g","28":"pa_zapiecie-sztyft","30":"first","31":"onbackorder","32":"purchasable","33":"product-type-simple"},"aioseo_notices":[],"_links":{"self":[{"href":"https:\/\/staviori.com.pl\/cs\/wp-json\/wp\/v2\/product\/14278","targetHints":{"allow":["GET"]}}],"collection":[{"href":"https:\/\/staviori.com.pl\/cs\/wp-json\/wp\/v2\/product"}],"about":[{"href":"https:\/\/staviori.com.pl\/cs\/wp-json\/wp\/v2\/types\/product"}],"replies":[{"embeddable":true,"href":"https:\/\/staviori.com.pl\/cs\/wp-json\/wp\/v2\/comments?post=14278"}],"wp:featuredmedia":[{"embeddable":true,"href":"https:\/\/staviori.com.pl\/cs\/wp-json\/wp\/v2\/media\/14279"}],"wp:attachment":[{"href":"https:\/\/staviori.com.pl\/cs\/wp-json\/wp\/v2\/media?parent=14278"}],"wp:term":[{"taxonomy":"product_brand","embeddable":true,"href":"https:\/\/staviori.com.pl\/cs\/wp-json\/wp\/v2\/product_brand?post=14278"},{"taxonomy":"product_cat","embeddable":true,"href":"https:\/\/staviori.com.pl\/cs\/wp-json\/wp\/v2\/product_cat?post=14278"},{"taxonomy":"product_tag","embeddable":true,"href":"https:\/\/staviori.com.pl\/cs\/wp-json\/wp\/v2\/product_tag?post=14278"}],"curies":[{"name":"wp","href":"https:\/\/api.w.org\/{rel}","templated":true}]}}