{"id":14273,"date":"2025-02-24T22:46:15","date_gmt":"2025-02-24T21:46:15","guid":{"rendered":"https:\/\/staviori.com.pl\/product\/perly-ze-srebrem-ksn6496\/"},"modified":"2026-02-11T00:08:44","modified_gmt":"2026-02-10T23:08:44","slug":"perly-ze-srebrem-ksn6496","status":"publish","type":"product","link":"https:\/\/staviori.com.pl\/cs\/product\/perly-ze-srebrem-ksn6496\/","title":{"rendered":"Pozlacen\u00e9 st\u0159\u00edbrn\u00e9 n\u00e1u\u0161nice s 8mm perlami - KSN6496"},"content":{"rendered":"<p>Model: KSN6496<br \/>\nHmotnost p\u0159ibli\u017en\u011b 1,20 g<\/p>\n<p>N\u00e1u\u0161nice.<br \/>\nSt\u0159\u00edbro 0.925 pokoven\u00e9 \u017elut\u00fdm zlatem<br \/>\nP\u0159\u00edrodn\u00ed sladkovodn\u00ed kultivovan\u00e9 perly.<br \/>\nPr\u016fm\u011br perel cca 8 mm.<\/p>","protected":false},"excerpt":{"rendered":"<p>Jemn\u00e9 puzetov\u00e9 n\u00e1u\u0161nice s p\u0159\u00edrodn\u00edmi sladkovodn\u00edmi perlami jsou klasikou ve sv\u00e9 nej\u010dist\u0161\u00ed podob\u011b. Jejich elegantn\u00ed tvar a lesk b\u00edl\u00fdch perel kr\u00e1sn\u011b lad\u00ed s h\u0159ejivou z\u00e1\u0159\u00ed st\u0159\u00edbra pokoven\u00e9ho \u017elut\u00fdm zlatem. Jedn\u00e1 se o nad\u010dasov\u00fd dopln\u011bk, kter\u00fd podtrhne p\u016fvab ka\u017ed\u00e9 stylizace - ka\u017edodenn\u00ed i ve\u010dern\u00ed.<br \/>\nN\u00e1u\u0161nice Staviori. P\u0159\u00edrodn\u00ed kultivovan\u00e9 sladkovodn\u00ed perly. St\u0159\u00edbro 0.925. pokoven\u00e9 \u017elut\u00fdm zlatem Rozm\u011bry kamen\u016f cca 8 mm.<\/p>","protected":false},"featured_media":14274,"comment_status":"closed","ping_status":"closed","template":"","meta":{"om_disable_all_campaigns":false},"product_brand":[2284,2350],"product_cat":[1393,1919,1817],"product_tag":[2317,2603,2698,3451,1395,3449,3450,2532,2942],"class_list":{"0":"post-14273","1":"product","2":"type-product","3":"status-publish","4":"has-post-thumbnail","6":"product_brand-staviori","7":"product_brand-verona","8":"product_cat-perly","9":"product_cat-perly-ze-srebrem","10":"product_cat-srebro-2","11":"product_tag-elegancka-bizuteria","12":"product_tag-klasyczna-bizuteria","13":"product_tag-kolczyki-na-prezent","14":"product_tag-kolczyki-perlowe","15":"product_tag-kolczyki-z-perlami","16":"product_tag-ks51394","17":"product_tag-ksn6496","18":"product_tag-perly-slodkowodne","19":"product_tag-srebrne-kolczyki","20":"pa_kamien-naturalne-perly-hodowane-slodkowodne","21":"pa_kruszec-srebro","22":"pa_kruszec-srebro-pozlacane","23":"pa_proba-0-925","24":"pa_waga-120g","25":"pa_zapiecie-sztyft","27":"first","28":"instock","29":"purchasable","30":"product-type-simple"},"aioseo_notices":[],"_links":{"self":[{"href":"https:\/\/staviori.com.pl\/cs\/wp-json\/wp\/v2\/product\/14273","targetHints":{"allow":["GET"]}}],"collection":[{"href":"https:\/\/staviori.com.pl\/cs\/wp-json\/wp\/v2\/product"}],"about":[{"href":"https:\/\/staviori.com.pl\/cs\/wp-json\/wp\/v2\/types\/product"}],"replies":[{"embeddable":true,"href":"https:\/\/staviori.com.pl\/cs\/wp-json\/wp\/v2\/comments?post=14273"}],"wp:featuredmedia":[{"embeddable":true,"href":"https:\/\/staviori.com.pl\/cs\/wp-json\/wp\/v2\/media\/14274"}],"wp:attachment":[{"href":"https:\/\/staviori.com.pl\/cs\/wp-json\/wp\/v2\/media?parent=14273"}],"wp:term":[{"taxonomy":"product_brand","embeddable":true,"href":"https:\/\/staviori.com.pl\/cs\/wp-json\/wp\/v2\/product_brand?post=14273"},{"taxonomy":"product_cat","embeddable":true,"href":"https:\/\/staviori.com.pl\/cs\/wp-json\/wp\/v2\/product_cat?post=14273"},{"taxonomy":"product_tag","embeddable":true,"href":"https:\/\/staviori.com.pl\/cs\/wp-json\/wp\/v2\/product_tag?post=14273"}],"curies":[{"name":"wp","href":"https:\/\/api.w.org\/{rel}","templated":true}]}}