{"id":14268,"date":"2025-02-24T22:46:15","date_gmt":"2025-02-24T21:46:15","guid":{"rendered":"https:\/\/staviori.com.pl\/product\/perly-ze-srebrem-ksn6495\/"},"modified":"2026-02-11T00:08:44","modified_gmt":"2026-02-10T23:08:44","slug":"perly-ze-srebrem-ksn6495","status":"publish","type":"product","link":"https:\/\/staviori.com.pl\/cs\/product\/perly-ze-srebrem-ksn6495\/","title":{"rendered":"Pozlacen\u00e9 st\u0159\u00edbrn\u00e9 n\u00e1u\u0161nice s 6mm perlami - KSN6495"},"content":{"rendered":"<p>Model: KSN6495<br \/>\nHmotnost p\u0159ibli\u017en\u011b 1,20 g<\/p>\n<p>N\u00e1u\u0161nice.<br \/>\nSt\u0159\u00edbro 0.925 pokoven\u00e9 \u017elut\u00fdm zlatem<br \/>\nP\u0159\u00edrodn\u00ed sladkovodn\u00ed kultivovan\u00e9 perly.<\/p>\n<p>\u015arednica pere\u0142 ok. 6 mm.<\/p>","protected":false},"excerpt":{"rendered":"<p>Staviori Kolczyki. Naturalne Per\u0142y hodowane s\u0142odkowodne. Srebro 0,925.  pokryte \u017c\u00f3\u0142tym z\u0142otem Wymiary kamieni ok. 6 mm.<\/p>\n<p>Klasyczne kolczyki sztyfty z naturalnymi s\u0142odkowodnymi per\u0142ami o \u015brednicy 6 mm zachwycaj\u0105 subtelno\u015bci\u0105 i ponadczasowym wdzi\u0119kiem. Wykonane ze srebra pr\u00f3by 925, pokrytego \u017c\u00f3\u0142tym z\u0142otem, idealnie podkre\u015blaj\u0105 delikatne pi\u0119kno pere\u0142. To uniwersalny dodatek, kt\u00f3ry doskonale sprawdzi si\u0119 zar\u00f3wno na co dzie\u0144, jak i przy wyj\u0105tkowych okazjach.<\/p>","protected":false},"featured_media":14269,"comment_status":"closed","ping_status":"closed","template":"","meta":{"om_disable_all_campaigns":false},"product_brand":[2284,2350],"product_cat":[1393,1919,1817],"product_tag":[2317,2664,1395,3453,3452,3454,2532,2291,2942],"class_list":{"0":"post-14268","1":"product","2":"type-product","3":"status-publish","4":"has-post-thumbnail","6":"product_brand-staviori","7":"product_brand-verona","8":"product_cat-perly","9":"product_cat-perly-ze-srebrem","10":"product_cat-srebro-2","11":"product_tag-elegancka-bizuteria","12":"product_tag-klasyczne-kolczyki","13":"product_tag-kolczyki-z-perlami","14":"product_tag-ks51395","15":"product_tag-ksn6495","16":"product_tag-male-perly","17":"product_tag-perly-slodkowodne","18":"product_tag-prezent-dla-niej","19":"product_tag-srebrne-kolczyki","20":"pa_kamien-naturalne-perly-hodowane-slodkowodne","21":"pa_kruszec-srebro","22":"pa_kruszec-srebro-pozlacane","23":"pa_proba-0-925","24":"pa_waga-120g","25":"pa_zapiecie-sztyft","27":"first","28":"instock","29":"purchasable","30":"product-type-simple"},"aioseo_notices":[],"_links":{"self":[{"href":"https:\/\/staviori.com.pl\/cs\/wp-json\/wp\/v2\/product\/14268","targetHints":{"allow":["GET"]}}],"collection":[{"href":"https:\/\/staviori.com.pl\/cs\/wp-json\/wp\/v2\/product"}],"about":[{"href":"https:\/\/staviori.com.pl\/cs\/wp-json\/wp\/v2\/types\/product"}],"replies":[{"embeddable":true,"href":"https:\/\/staviori.com.pl\/cs\/wp-json\/wp\/v2\/comments?post=14268"}],"wp:featuredmedia":[{"embeddable":true,"href":"https:\/\/staviori.com.pl\/cs\/wp-json\/wp\/v2\/media\/14269"}],"wp:attachment":[{"href":"https:\/\/staviori.com.pl\/cs\/wp-json\/wp\/v2\/media?parent=14268"}],"wp:term":[{"taxonomy":"product_brand","embeddable":true,"href":"https:\/\/staviori.com.pl\/cs\/wp-json\/wp\/v2\/product_brand?post=14268"},{"taxonomy":"product_cat","embeddable":true,"href":"https:\/\/staviori.com.pl\/cs\/wp-json\/wp\/v2\/product_cat?post=14268"},{"taxonomy":"product_tag","embeddable":true,"href":"https:\/\/staviori.com.pl\/cs\/wp-json\/wp\/v2\/product_tag?post=14268"}],"curies":[{"name":"wp","href":"https:\/\/api.w.org\/{rel}","templated":true}]}}