{"id":14259,"date":"2025-02-24T22:46:11","date_gmt":"2025-02-24T21:46:11","guid":{"rendered":"https:\/\/staviori.com.pl\/product\/perly-ze-srebrem-ksn4315\/"},"modified":"2026-02-11T00:08:44","modified_gmt":"2026-02-10T23:08:44","slug":"perly-ze-srebrem-ksn4315","status":"publish","type":"product","link":"https:\/\/staviori.com.pl\/cs\/product\/perly-ze-srebrem-ksn4315\/","title":{"rendered":"St\u0159\u00edbrn\u00e9 n\u00e1u\u0161nice s 8mm \u010dern\u00fdmi perlami - KSN4315"},"content":{"rendered":"<p>Model: KSN4315<br \/>\nHmotnost p\u0159ibli\u017en\u011b 1,30 g<\/p>\n<p>N\u00e1u\u0161nice.<br \/>\nSt\u0159\u00edbro 0,925.<br \/>\nP\u0159\u00edrodn\u00ed sladkovodn\u00ed kultivovan\u00e9 perly.<br \/>\nKvalita B - \u010dern\u00e1<br \/>\nPr\u016fm\u011br 8 mm.<\/p>\n<p>Vezm\u011bte pros\u00edm na v\u011bdom\u00ed, \u017ee p\u0159\u00edrodn\u00ed perly a d\u00edlo p\u0159\u00edrody nejsou identick\u00e9 nebo dokonal\u00e9 a ka\u017ed\u00fd perlov\u00fd v\u00fdrobek se m\u016f\u017ee m\u00edrn\u011b li\u0161it.<\/p>","protected":false},"excerpt":{"rendered":"<p>Elegantn\u00ed n\u00e1u\u0161nice s p\u0159\u00edrodn\u00edmi sladkovodn\u00edmi perlami v barv\u011b syt\u011b \u010dern\u00e9, zasazen\u00e9 ve st\u0159\u00edb\u0159e 0.925. Perly o pr\u016fm\u011bru 8 mm a kvalit\u011b B pot\u011b\u0161\u00ed sv\u00fdm rafinovan\u00fdm leskem a u\u0161lechtilou barvou. Jedn\u00e1 se o vynikaj\u00edc\u00ed volbu pro \u017eeny, kter\u00e9 hledaj\u00ed klasick\u00fd a z\u00e1rove\u0148 origin\u00e1ln\u00ed \u0161perk.<br \/>\nUpozorn\u011bn\u00ed: perly jsou p\u0159\u00edrodn\u00ed - mohou se li\u0161it tvarem a povrchem, tak\u017ee ka\u017ed\u00fd kus je jedine\u010dn\u00fd.<\/p>","protected":false},"featured_media":18087,"comment_status":"closed","ping_status":"closed","template":"","meta":{"om_disable_all_campaigns":false},"product_brand":[2284,2350],"product_cat":[1393,1919,1817],"product_tag":[3260,3410,2317,3408,2664,1396,1395,3409,3399,2427],"class_list":{"0":"post-14259","1":"product","2":"type-product","3":"status-publish","4":"has-post-thumbnail","6":"product_brand-staviori","7":"product_brand-verona","8":"product_cat-perly","9":"product_cat-perly-ze-srebrem","10":"product_cat-srebro-2","11":"product_tag-bizuteria-z-perlami","12":"product_tag-czarne-perly","13":"product_tag-elegancka-bizuteria","14":"product_tag-ikpm002","15":"product_tag-klasyczne-kolczyki","16":"product_tag-kolczyki-srebrne","17":"product_tag-kolczyki-z-perlami","18":"product_tag-ksn4315","19":"product_tag-perly-naturalne","20":"product_tag-srebro-925","21":"pa_kamien-czarne-perly","22":"pa_kamien-naturalne-perly-hodowane-slodkowodne","23":"pa_kruszec-srebro","24":"pa_proba-0-925","25":"pa_waga-130g","26":"pa_zapiecie-sztyft","28":"first","29":"instock","30":"purchasable","31":"product-type-simple"},"aioseo_notices":[],"_links":{"self":[{"href":"https:\/\/staviori.com.pl\/cs\/wp-json\/wp\/v2\/product\/14259","targetHints":{"allow":["GET"]}}],"collection":[{"href":"https:\/\/staviori.com.pl\/cs\/wp-json\/wp\/v2\/product"}],"about":[{"href":"https:\/\/staviori.com.pl\/cs\/wp-json\/wp\/v2\/types\/product"}],"replies":[{"embeddable":true,"href":"https:\/\/staviori.com.pl\/cs\/wp-json\/wp\/v2\/comments?post=14259"}],"wp:featuredmedia":[{"embeddable":true,"href":"https:\/\/staviori.com.pl\/cs\/wp-json\/wp\/v2\/media\/18087"}],"wp:attachment":[{"href":"https:\/\/staviori.com.pl\/cs\/wp-json\/wp\/v2\/media?parent=14259"}],"wp:term":[{"taxonomy":"product_brand","embeddable":true,"href":"https:\/\/staviori.com.pl\/cs\/wp-json\/wp\/v2\/product_brand?post=14259"},{"taxonomy":"product_cat","embeddable":true,"href":"https:\/\/staviori.com.pl\/cs\/wp-json\/wp\/v2\/product_cat?post=14259"},{"taxonomy":"product_tag","embeddable":true,"href":"https:\/\/staviori.com.pl\/cs\/wp-json\/wp\/v2\/product_tag?post=14259"}],"curies":[{"name":"wp","href":"https:\/\/api.w.org\/{rel}","templated":true}]}}