{"id":14258,"date":"2025-02-24T22:46:11","date_gmt":"2025-02-24T21:46:11","guid":{"rendered":"https:\/\/staviori.com.pl\/product\/perly-ze-srebrem-ksn4307\/"},"modified":"2026-04-16T11:31:44","modified_gmt":"2026-04-16T09:31:44","slug":"perly-ze-srebrem-ksn4307","status":"publish","type":"product","link":"https:\/\/staviori.com.pl\/cs\/product\/perly-ze-srebrem-ksn4307\/","title":{"rendered":"St\u0159\u00edbrn\u00e9 n\u00e1u\u0161nice s perlami - KSN4307"},"content":{"rendered":"<p>Model: KSN4307<br \/>\nWaga ok. 3,00g<\/p>\n<p>N\u00e1u\u0161nice.<br \/>\nSt\u0159\u00edbro 0,925.<br \/>\nP\u0159\u00edrodn\u00ed sladkovodn\u00ed kultivovan\u00e9 perly.<br \/>\nKvalita B - b\u00edl\u00e1<br \/>\n\u015arednica 8-10 mm.<\/p>\n<p>D\u0142ugo\u015b\u0107 koczyk\u00f3w 20mm.<\/p>\n<p>Vezm\u011bte pros\u00edm na v\u011bdom\u00ed, \u017ee p\u0159\u00edrodn\u00ed perly a d\u00edlo p\u0159\u00edrody nejsou identick\u00e9 nebo dokonal\u00e9 a ka\u017ed\u00fd perlov\u00fd v\u00fdrobek se m\u016f\u017ee m\u00edrn\u011b li\u0161it.<\/p>","protected":false},"excerpt":{"rendered":"<p>Klasyczne kolczyki z naturalnymi per\u0142ami s\u0142odkowodnymi w kszta\u0142cie kropli, osadzone w srebrze pr\u00f3by 0,925. Per\u0142y o \u015brednicy 9 mm w jako\u015bci B zachwycaj\u0105 naturalnym blaskiem i subtelnym urokiem. Elegancka oprawa podkre\u015bla ich delikatn\u0105 form\u0119, a d\u0142ugo\u015b\u0107 kolczyk\u00f3w nadaje ca\u0142o\u015bci szykownego charakteru. Idealny wyb\u00f3r dla kobiet ceni\u0105cych ponadczasow\u0105 bi\u017cuteri\u0119 z dusz\u0105.<br \/>\nUwaga: ka\u017cda per\u0142a jest unikatowa \u2013 jej kszta\u0142t i powierzchnia mog\u0105 si\u0119 nieznacznie r\u00f3\u017cni\u0107 jako naturalne dzie\u0142o natury.<\/p>","protected":false},"featured_media":2401,"comment_status":"closed","ping_status":"closed","template":"","meta":{"om_disable_all_campaigns":false},"product_brand":[2284,2350],"product_cat":[1393,1919,1817],"product_tag":[3260,2317,3398,2664,1396,1395,3397,3029,3399,2427],"class_list":{"0":"post-14258","1":"product","2":"type-product","3":"status-publish","4":"has-post-thumbnail","6":"product_brand-staviori","7":"product_brand-verona","8":"product_cat-perly","9":"product_cat-perly-ze-srebrem","10":"product_cat-srebro-2","11":"product_tag-bizuteria-z-perlami","12":"product_tag-elegancka-bizuteria","13":"product_tag-ikpw238","14":"product_tag-klasyczne-kolczyki","15":"product_tag-kolczyki-srebrne","16":"product_tag-kolczyki-z-perlami","17":"product_tag-ksn4307","18":"product_tag-perly-hodowane","19":"product_tag-perly-naturalne","20":"product_tag-srebro-925","21":"pa_dlugosc-21mm","22":"pa_kamien-naturalne-perly-hodowane-slodkowodne","23":"pa_kruszec-srebro","24":"pa_proba-0-925","25":"pa_waga-3-00g","26":"pa_zapiecie-sztyft","28":"first","29":"instock","30":"purchasable","31":"product-type-simple"},"aioseo_notices":[],"_links":{"self":[{"href":"https:\/\/staviori.com.pl\/cs\/wp-json\/wp\/v2\/product\/14258","targetHints":{"allow":["GET"]}}],"collection":[{"href":"https:\/\/staviori.com.pl\/cs\/wp-json\/wp\/v2\/product"}],"about":[{"href":"https:\/\/staviori.com.pl\/cs\/wp-json\/wp\/v2\/types\/product"}],"replies":[{"embeddable":true,"href":"https:\/\/staviori.com.pl\/cs\/wp-json\/wp\/v2\/comments?post=14258"}],"wp:featuredmedia":[{"embeddable":true,"href":"https:\/\/staviori.com.pl\/cs\/wp-json\/wp\/v2\/media\/2401"}],"wp:attachment":[{"href":"https:\/\/staviori.com.pl\/cs\/wp-json\/wp\/v2\/media?parent=14258"}],"wp:term":[{"taxonomy":"product_brand","embeddable":true,"href":"https:\/\/staviori.com.pl\/cs\/wp-json\/wp\/v2\/product_brand?post=14258"},{"taxonomy":"product_cat","embeddable":true,"href":"https:\/\/staviori.com.pl\/cs\/wp-json\/wp\/v2\/product_cat?post=14258"},{"taxonomy":"product_tag","embeddable":true,"href":"https:\/\/staviori.com.pl\/cs\/wp-json\/wp\/v2\/product_tag?post=14258"}],"curies":[{"name":"wp","href":"https:\/\/api.w.org\/{rel}","templated":true}]}}