{"id":14245,"date":"2025-02-24T22:46:11","date_gmt":"2025-02-24T21:46:11","guid":{"rendered":"https:\/\/staviori.com.pl\/product\/perly-ze-srebrem-ksn0304\/"},"modified":"2026-02-11T00:08:44","modified_gmt":"2026-02-10T23:08:44","slug":"perly-ze-srebrem-ksn0304","status":"publish","type":"product","link":"https:\/\/staviori.com.pl\/cs\/product\/perly-ze-srebrem-ksn0304\/","title":{"rendered":"St\u0159\u00edbrn\u00e9 n\u00e1u\u0161nice s 8mm perlami - KSN0304"},"content":{"rendered":"<p>Model: KSN0304<br \/>\nHmotnost p\u0159ibli\u017en\u011b 1,30 g<\/p>\n<p>N\u00e1u\u0161nice.<br \/>\nSt\u0159\u00edbro 0,925.<br \/>\nP\u0159\u00edrodn\u00ed sladkovodn\u00ed kultivovan\u00e9 perly.<br \/>\nPr\u016fm\u011br 8 mm.<\/p>","protected":false},"excerpt":{"rendered":"<p>Eleganckie kolczyki z naturalnymi s\u0142odkowodnymi per\u0142ami o \u015brednicy 8 mm, oprawione w srebro pr\u00f3by 0,925. Klasyczny wz\u00f3r z wi\u0119ksz\u0105 per\u0142\u0105 zachwyca ponadczasowym stylem i subtelnym blaskiem. Doskona\u0142y wyb\u00f3r dla kobiet, kt\u00f3re ceni\u0105 wyrafinowan\u0105 prostot\u0119 i uniwersaln\u0105 elegancj\u0119 \u2013 zar\u00f3wno na co dzie\u0144, jak i na wyj\u0105tkowe okazje.<\/p>","protected":false},"featured_media":18061,"comment_status":"closed","ping_status":"closed","template":"","meta":{"om_disable_all_campaigns":false},"product_brand":[2284,2350],"product_cat":[1393,1919,1817],"product_tag":[3260,3389,2660,2603,1396,1395,3388,3029,3390,2427],"class_list":{"0":"post-14245","1":"product","2":"type-product","3":"status-publish","4":"has-post-thumbnail","6":"product_brand-staviori","7":"product_brand-verona","8":"product_cat-perly","9":"product_cat-perly-ze-srebrem","10":"product_cat-srebro-2","11":"product_tag-bizuteria-z-perlami","12":"product_tag-duze-perly","13":"product_tag-eleganckie-kolczyki","14":"product_tag-klasyczna-bizuteria","15":"product_tag-kolczyki-srebrne","16":"product_tag-kolczyki-z-perlami","17":"product_tag-ksn0304","18":"product_tag-perly-hodowane","19":"product_tag-skp9848","20":"product_tag-srebro-925","21":"pa_kamien-naturalne-perly-hodowane-slodkowodne","22":"pa_kruszec-srebro","23":"pa_srednica-perel-8mm","24":"pa_waga-130g","26":"first","27":"instock","28":"sale","29":"purchasable","30":"product-type-simple"},"aioseo_notices":[],"_links":{"self":[{"href":"https:\/\/staviori.com.pl\/cs\/wp-json\/wp\/v2\/product\/14245","targetHints":{"allow":["GET"]}}],"collection":[{"href":"https:\/\/staviori.com.pl\/cs\/wp-json\/wp\/v2\/product"}],"about":[{"href":"https:\/\/staviori.com.pl\/cs\/wp-json\/wp\/v2\/types\/product"}],"replies":[{"embeddable":true,"href":"https:\/\/staviori.com.pl\/cs\/wp-json\/wp\/v2\/comments?post=14245"}],"wp:featuredmedia":[{"embeddable":true,"href":"https:\/\/staviori.com.pl\/cs\/wp-json\/wp\/v2\/media\/18061"}],"wp:attachment":[{"href":"https:\/\/staviori.com.pl\/cs\/wp-json\/wp\/v2\/media?parent=14245"}],"wp:term":[{"taxonomy":"product_brand","embeddable":true,"href":"https:\/\/staviori.com.pl\/cs\/wp-json\/wp\/v2\/product_brand?post=14245"},{"taxonomy":"product_cat","embeddable":true,"href":"https:\/\/staviori.com.pl\/cs\/wp-json\/wp\/v2\/product_cat?post=14245"},{"taxonomy":"product_tag","embeddable":true,"href":"https:\/\/staviori.com.pl\/cs\/wp-json\/wp\/v2\/product_tag?post=14245"}],"curies":[{"name":"wp","href":"https:\/\/api.w.org\/{rel}","templated":true}]}}