{"id":14237,"date":"2025-02-24T22:46:11","date_gmt":"2025-02-24T21:46:11","guid":{"rendered":"https:\/\/staviori.com.pl\/product\/srebrne-kolczyki-ksm6384\/"},"modified":"2026-02-11T00:08:43","modified_gmt":"2026-02-10T23:08:43","slug":"srebrne-kolczyki-ksm6384","status":"publish","type":"product","link":"https:\/\/staviori.com.pl\/cs\/product\/srebrne-kolczyki-ksm6384\/","title":{"rendered":"St\u0159\u00edbrn\u00e1 man\u017eeta do ucha bez piercingu - KSM6384"},"content":{"rendered":"<p>Model: KSM6384<br \/>\nWaga ok. 0,15g<\/p>\n<p>Kolczyk<br \/>\n0,925 rhodiovan\u00e9 st\u0159\u00edbro.<\/p>\n<p>Nausznica \/ Mankiet do uszu<\/p>\n<p>Sprzeda\u017c na sztuki!<br \/>\nCena dotyczy 1 sztuki.<\/p>","protected":false},"excerpt":{"rendered":"<p>Minimalistyczny mankiet do ucha wykonany z rodowanego srebra pr\u00f3by 0,925. Prosta, zaokr\u0105glona forma nadaje mu nowoczesny charakter, a lustrzany po\u0142ysk podkre\u015bla jego uniwersalny styl. Nie wymaga przek\u0142uwania \u2013 wystarczy na\u0142o\u017cy\u0107 go na ma\u0142\u017cowin\u0119 ucha. Sprzedawany na sztuki, co pozwala tworzy\u0107 unikalne i asymetryczne kompozycje. Idealny wyb\u00f3r dla mi\u0142o\u015bniczek subtelnej, ale wyrazistej bi\u017cuterii.<\/p>","protected":false},"featured_media":18092,"comment_status":"closed","ping_status":"closed","template":"","meta":{"om_disable_all_campaigns":false},"product_brand":[2284,2350],"product_cat":[199,1818,1817],"product_tag":[3403,3413,3404,3378,3414,3402,2384,3415,2569,2427,2426],"class_list":{"0":"post-14237","1":"product","2":"type-product","3":"status-publish","4":"has-post-thumbnail","6":"product_brand-staviori","7":"product_brand-verona","8":"product_cat-kolczyki","9":"product_cat-srebrne-kolczyki","10":"product_cat-srebro-2","11":"product_tag-ear-cuff","12":"product_tag-i050403","13":"product_tag-kolczyk-bez-przekluwania","14":"product_tag-kolczyk-na-sztuki","15":"product_tag-ksm6384","16":"product_tag-mankiet-do-ucha","17":"product_tag-minimalistyczna-bizuteria","18":"product_tag-nausznica","19":"product_tag-nowoczesna-bizuteria","20":"product_tag-srebro-925","21":"product_tag-srebro-rodowane","22":"pa_kruszec-srebro-rodowane","23":"pa_proba-0-925","24":"pa_waga-015g","26":"first","27":"instock","28":"purchasable","29":"product-type-simple"},"aioseo_notices":[],"_links":{"self":[{"href":"https:\/\/staviori.com.pl\/cs\/wp-json\/wp\/v2\/product\/14237","targetHints":{"allow":["GET"]}}],"collection":[{"href":"https:\/\/staviori.com.pl\/cs\/wp-json\/wp\/v2\/product"}],"about":[{"href":"https:\/\/staviori.com.pl\/cs\/wp-json\/wp\/v2\/types\/product"}],"replies":[{"embeddable":true,"href":"https:\/\/staviori.com.pl\/cs\/wp-json\/wp\/v2\/comments?post=14237"}],"wp:featuredmedia":[{"embeddable":true,"href":"https:\/\/staviori.com.pl\/cs\/wp-json\/wp\/v2\/media\/18092"}],"wp:attachment":[{"href":"https:\/\/staviori.com.pl\/cs\/wp-json\/wp\/v2\/media?parent=14237"}],"wp:term":[{"taxonomy":"product_brand","embeddable":true,"href":"https:\/\/staviori.com.pl\/cs\/wp-json\/wp\/v2\/product_brand?post=14237"},{"taxonomy":"product_cat","embeddable":true,"href":"https:\/\/staviori.com.pl\/cs\/wp-json\/wp\/v2\/product_cat?post=14237"},{"taxonomy":"product_tag","embeddable":true,"href":"https:\/\/staviori.com.pl\/cs\/wp-json\/wp\/v2\/product_tag?post=14237"}],"curies":[{"name":"wp","href":"https:\/\/api.w.org\/{rel}","templated":true}]}}