{"id":14234,"date":"2025-02-24T22:46:11","date_gmt":"2025-02-24T21:46:11","guid":{"rendered":"https:\/\/staviori.com.pl\/product\/srebrne-kolczyki-ksm6381\/"},"modified":"2026-02-11T00:08:43","modified_gmt":"2026-02-10T23:08:43","slug":"srebrne-kolczyki-ksm6381","status":"publish","type":"product","link":"https:\/\/staviori.com.pl\/cs\/product\/srebrne-kolczyki-ksm6381\/","title":{"rendered":"St\u0159\u00edbrn\u00e9 mal\u00e9 n\u00e1u\u0161nice se zirkony - KSM6381"},"content":{"rendered":"<p>Model: KSM6381<br \/>\nWaga ok. 0,15g<\/p>\n<p>Kolczyk<br \/>\n0,925 rhodiovan\u00e9 st\u0159\u00edbro.<br \/>\n1 Cyrkonia.<\/p>\n<p>Pr\u016fm\u011br 3 mm.<\/p>\n<p>Cena dotyczy 1 sztuki.<br \/>\nSprzeda\u017c na sztuki!<\/p>","protected":false},"excerpt":{"rendered":"<p>Subtelny kolczyk sztyft wykonany z rodowanego srebra pr\u00f3by 0,925, ozdobiony pojedyncz\u0105 cyrkoni\u0105 o \u015brednicy 3 mm. Klasyczne cztery \u0142apki podkre\u015blaj\u0105 blask kamienia, tworz\u0105c elegancki i minimalistyczny efekt. Sprzedawany na sztuki \u2013 doskona\u0142y do tworzenia indywidualnych, asymetrycznych stylizacji lub jako uzupe\u0142nienie zestaw\u00f3w. Idealny dla os\u00f3b ceni\u0105cych ponadczasow\u0105 prostot\u0119 i subtelny po\u0142ysk.<\/p>","protected":false},"featured_media":18095,"comment_status":"closed","ping_status":"closed","template":"","meta":{"om_disable_all_campaigns":false},"product_brand":[2284,2350],"product_cat":[199,1818,1817],"product_tag":[2454,3416,3378,3419,3384,3418,3417,2384,2427,2426],"class_list":{"0":"post-14234","1":"product","2":"type-product","3":"status-publish","4":"has-post-thumbnail","6":"product_brand-staviori","7":"product_brand-verona","8":"product_cat-kolczyki","9":"product_cat-srebrne-kolczyki","10":"product_cat-srebro-2","11":"product_tag-cyrkonia","12":"product_tag-iw51203","13":"product_tag-kolczyk-na-sztuki","14":"product_tag-kolczyk-pojedynczy","15":"product_tag-kolczyk-sztyft","16":"product_tag-kolczyk-z-cyrkonia","17":"product_tag-ksm6381","18":"product_tag-minimalistyczna-bizuteria","19":"product_tag-srebro-925","20":"product_tag-srebro-rodowane","21":"pa_kamien-cyrkonia","22":"pa_kruszec-srebro-rodowane","23":"pa_proba-0-925","24":"pa_srednica-3mm","25":"pa_waga-015g","26":"pa_zapiecie-sztyft","28":"first","29":"instock","30":"purchasable","31":"product-type-simple"},"aioseo_notices":[],"_links":{"self":[{"href":"https:\/\/staviori.com.pl\/cs\/wp-json\/wp\/v2\/product\/14234","targetHints":{"allow":["GET"]}}],"collection":[{"href":"https:\/\/staviori.com.pl\/cs\/wp-json\/wp\/v2\/product"}],"about":[{"href":"https:\/\/staviori.com.pl\/cs\/wp-json\/wp\/v2\/types\/product"}],"replies":[{"embeddable":true,"href":"https:\/\/staviori.com.pl\/cs\/wp-json\/wp\/v2\/comments?post=14234"}],"wp:featuredmedia":[{"embeddable":true,"href":"https:\/\/staviori.com.pl\/cs\/wp-json\/wp\/v2\/media\/18095"}],"wp:attachment":[{"href":"https:\/\/staviori.com.pl\/cs\/wp-json\/wp\/v2\/media?parent=14234"}],"wp:term":[{"taxonomy":"product_brand","embeddable":true,"href":"https:\/\/staviori.com.pl\/cs\/wp-json\/wp\/v2\/product_brand?post=14234"},{"taxonomy":"product_cat","embeddable":true,"href":"https:\/\/staviori.com.pl\/cs\/wp-json\/wp\/v2\/product_cat?post=14234"},{"taxonomy":"product_tag","embeddable":true,"href":"https:\/\/staviori.com.pl\/cs\/wp-json\/wp\/v2\/product_tag?post=14234"}],"curies":[{"name":"wp","href":"https:\/\/api.w.org\/{rel}","templated":true}]}}