{"id":14225,"date":"2025-02-24T22:46:07","date_gmt":"2025-02-24T21:46:07","guid":{"rendered":"https:\/\/staviori.com.pl\/product\/srebrne-kolczyki-kse6591\/"},"modified":"2026-02-11T00:08:43","modified_gmt":"2026-02-10T23:08:43","slug":"srebrne-kolczyki-kse6591","status":"publish","type":"product","link":"https:\/\/staviori.com.pl\/cs\/product\/srebrne-kolczyki-kse6591\/","title":{"rendered":"St\u0159\u00edbrn\u00e9 kv\u011btinov\u00e9 n\u00e1u\u0161nice se zirkony"},"content":{"rendered":"<p>Model: KSE6591<br \/>\nWaga ok. 0,45g<\/p>\n<p>N\u00e1u\u0161nice.<br \/>\n0,925 rhodiovan\u00e9 st\u0159\u00edbro.<\/p>","protected":false},"excerpt":{"rendered":"<p>Urocze kolczyki srebrne w kszta\u0142cie subtelnych kwiatk\u00f3w, kt\u00f3re zachwycaj\u0105 swoj\u0105 lekko\u015bci\u0105 i dziewcz\u0119cym urokiem. W centrum ka\u017cdego kwiatu umieszczono l\u015bni\u0105c\u0105 cyrkoni\u0119, kt\u00f3ra dodaje ca\u0142o\u015bci delikatnego blasku. Wykonane ze srebra rodowanego pr\u00f3by 0,925, s\u0105 doskona\u0142ym wyborem na co dzie\u0144, a tak\u017ce jako prezent dla najm\u0142odszych z kolekcji Bambini.<\/p>","protected":false},"featured_media":21473,"comment_status":"closed","ping_status":"closed","template":"","meta":{"om_disable_all_campaigns":false},"product_brand":[2284,2350],"product_cat":[199,1818,1817],"product_tag":[6439,6041,6438,6437,6436,3286,2692,1396,2953,6434,6435,5826,5820,2427,5824,6042],"class_list":{"0":"post-14225","1":"product","2":"type-product","3":"status-publish","4":"has-post-thumbnail","6":"product_brand-staviori","7":"product_brand-verona","8":"product_cat-kolczyki","9":"product_cat-srebrne-kolczyki","10":"product_cat-srebro-2","11":"product_tag-blume-ohrringe","12":"product_tag-cubic-zirconia-earrings","13":"product_tag-detske-nausnice","14":"product_tag-flower-earrings","15":"product_tag-kolczyki-bambini","16":"product_tag-kolczyki-dzieciece","17":"product_tag-kolczyki-kwiatki","18":"product_tag-kolczyki-srebrne","19":"product_tag-kolczyki-z-cyrkoniami","20":"product_tag-ks52940","21":"product_tag-kse6591","22":"product_tag-ohrringe-silber","23":"product_tag-silver-earrings","24":"product_tag-srebro-925","25":"product_tag-stribrne-nausnice","26":"product_tag-zirkonia-ohrringe","27":"pa_kruszec-srebro-rodowane","28":"pa_motyw-kwiatek","29":"pa_proba-0-925","30":"pa_waga-045g","31":"pa_zapiecie-sztyft","33":"first","34":"instock","35":"purchasable","36":"product-type-simple"},"aioseo_notices":[],"_links":{"self":[{"href":"https:\/\/staviori.com.pl\/cs\/wp-json\/wp\/v2\/product\/14225","targetHints":{"allow":["GET"]}}],"collection":[{"href":"https:\/\/staviori.com.pl\/cs\/wp-json\/wp\/v2\/product"}],"about":[{"href":"https:\/\/staviori.com.pl\/cs\/wp-json\/wp\/v2\/types\/product"}],"replies":[{"embeddable":true,"href":"https:\/\/staviori.com.pl\/cs\/wp-json\/wp\/v2\/comments?post=14225"}],"wp:featuredmedia":[{"embeddable":true,"href":"https:\/\/staviori.com.pl\/cs\/wp-json\/wp\/v2\/media\/21473"}],"wp:attachment":[{"href":"https:\/\/staviori.com.pl\/cs\/wp-json\/wp\/v2\/media?parent=14225"}],"wp:term":[{"taxonomy":"product_brand","embeddable":true,"href":"https:\/\/staviori.com.pl\/cs\/wp-json\/wp\/v2\/product_brand?post=14225"},{"taxonomy":"product_cat","embeddable":true,"href":"https:\/\/staviori.com.pl\/cs\/wp-json\/wp\/v2\/product_cat?post=14225"},{"taxonomy":"product_tag","embeddable":true,"href":"https:\/\/staviori.com.pl\/cs\/wp-json\/wp\/v2\/product_tag?post=14225"}],"curies":[{"name":"wp","href":"https:\/\/api.w.org\/{rel}","templated":true}]}}