{"id":14218,"date":"2025-02-24T22:46:07","date_gmt":"2025-02-24T21:46:07","guid":{"rendered":"https:\/\/staviori.com.pl\/product\/srebrne-kolczyki-kse6429\/"},"modified":"2026-02-11T00:08:43","modified_gmt":"2026-02-10T23:08:43","slug":"srebrne-kolczyki-kse6429","status":"publish","type":"product","link":"https:\/\/staviori.com.pl\/cs\/product\/srebrne-kolczyki-kse6429\/","title":{"rendered":"Pozlacen\u00e9 n\u00e1u\u0161nice muchom\u016frky - KSE6429"},"content":{"rendered":"<p>Model: KSE6429<br \/>\nHmotnost p\u0159ibli\u017en\u011b 1 g<\/p>\n<p>N\u00e1u\u0161nice.<br \/>\nSt\u0159\u00edbro 0.925 pokoven\u00e9 \u017elut\u00fdm zlatem<br \/>\nEmalia.<\/p>\n<p>D\u00e9lka 7 mm.<br \/>\n\u0160\u00ed\u0159ka 4 mm.<\/p>\n<p>Kolczyki srebrne, poz\u0142acane w kszta\u0142cie muchomorka. Ozdobione emali\u0105.<\/p>","protected":false},"excerpt":{"rendered":"<p>Prze\u015bliczne kolczyki w kszta\u0142cie muchomork\u00f3w, wykonane ze srebra pr\u00f3by 0,925 pokrytego \u017c\u00f3\u0142tym z\u0142otem i ozdobione kolorow\u0105 emali\u0105. Czerwone kapelusze z drobnymi z\u0142otymi kropkami nadaj\u0105 im bajkowy, dzieci\u0119cy charakter. To idealna propozycja dla najm\u0142odszych \u2013 lekkie, wygodne i pe\u0142ne uroku. Doskona\u0142y pomys\u0142 na radosny prezent.<\/p>","protected":false},"featured_media":18053,"comment_status":"closed","ping_status":"closed","template":"","meta":{"om_disable_all_campaigns":false},"product_brand":[2284,2350],"product_cat":[199,1818,1817],"product_tag":[3374,3371,3341,3286,3373,3047,2944,3372,3338,2427],"class_list":{"0":"post-14218","1":"product","2":"type-product","3":"status-publish","4":"has-post-thumbnail","6":"product_brand-staviori","7":"product_brand-verona","8":"product_cat-kolczyki","9":"product_cat-srebrne-kolczyki","10":"product_cat-srebro-2","11":"product_tag-bajkowa-bizuteria","12":"product_tag-kc50813","13":"product_tag-kolczyki-dla-dzieci","14":"product_tag-kolczyki-dzieciece","15":"product_tag-kolczyki-muchomorki","16":"product_tag-kolczyki-pozlacane","17":"product_tag-kolczyki-z-emalia","18":"product_tag-kse6429","19":"product_tag-prezent-dla-dziewczynki","20":"product_tag-srebro-925","21":"pa_dlugosc-7mm","22":"pa_kamien-emalia","23":"pa_kruszec-srebro","24":"pa_kruszec-srebro-pozlacane","25":"pa_proba-0-925","26":"pa_szerokosc-4mm","27":"pa_waga-1g","28":"pa_zapiecie-sztyft","30":"first","31":"instock","32":"purchasable","33":"product-type-simple"},"aioseo_notices":[],"_links":{"self":[{"href":"https:\/\/staviori.com.pl\/cs\/wp-json\/wp\/v2\/product\/14218","targetHints":{"allow":["GET"]}}],"collection":[{"href":"https:\/\/staviori.com.pl\/cs\/wp-json\/wp\/v2\/product"}],"about":[{"href":"https:\/\/staviori.com.pl\/cs\/wp-json\/wp\/v2\/types\/product"}],"replies":[{"embeddable":true,"href":"https:\/\/staviori.com.pl\/cs\/wp-json\/wp\/v2\/comments?post=14218"}],"wp:featuredmedia":[{"embeddable":true,"href":"https:\/\/staviori.com.pl\/cs\/wp-json\/wp\/v2\/media\/18053"}],"wp:attachment":[{"href":"https:\/\/staviori.com.pl\/cs\/wp-json\/wp\/v2\/media?parent=14218"}],"wp:term":[{"taxonomy":"product_brand","embeddable":true,"href":"https:\/\/staviori.com.pl\/cs\/wp-json\/wp\/v2\/product_brand?post=14218"},{"taxonomy":"product_cat","embeddable":true,"href":"https:\/\/staviori.com.pl\/cs\/wp-json\/wp\/v2\/product_cat?post=14218"},{"taxonomy":"product_tag","embeddable":true,"href":"https:\/\/staviori.com.pl\/cs\/wp-json\/wp\/v2\/product_tag?post=14218"}],"curies":[{"name":"wp","href":"https:\/\/api.w.org\/{rel}","templated":true}]}}