{"id":14216,"date":"2025-02-24T22:46:07","date_gmt":"2025-02-24T21:46:07","guid":{"rendered":"https:\/\/staviori.com.pl\/product\/srebrne-kolczyki-kse6427\/"},"modified":"2026-02-11T00:08:43","modified_gmt":"2026-02-10T23:08:43","slug":"srebrne-kolczyki-kse6427","status":"publish","type":"product","link":"https:\/\/staviori.com.pl\/cs\/product\/srebrne-kolczyki-kse6427\/","title":{"rendered":"St\u0159\u00edbrn\u00e9 n\u00e1u\u0161nice sedmikr\u00e1sky pro d\u00edvky KSE6427"},"content":{"rendered":"<p>Model: KSE6427<br \/>\nHmotnost p\u0159ibli\u017en\u011b 1 g<\/p>\n<p>N\u00e1u\u0161nice.<br \/>\n0,925 rhodiovan\u00e9 st\u0159\u00edbro.<br \/>\nEmalia.<\/p>","protected":false},"excerpt":{"rendered":"<p>Kolczyki w kszta\u0142cie stokrotek wykonane z rodowanego srebra pr\u00f3by 0,925 i ozdobione kolorow\u0105 emali\u0105. Bia\u0142e p\u0142atki i s\u0142oneczny, \u017c\u00f3\u0142ty \u015brodek nadaj\u0105 im pogodny, dziewcz\u0119cy charakter. To idealna propozycja dla najm\u0142odszych mi\u0142o\u015bniczek bi\u017cuterii \u2013 lekkie, bezpieczne i pe\u0142ne uroku. \u015awietny pomys\u0142 na prezent, kt\u00f3ry wywo\u0142a u\u015bmiech.<\/p>","protected":false},"featured_media":18044,"comment_status":"closed","ping_status":"closed","template":"","meta":{"om_disable_all_campaigns":false},"product_brand":[2284,2350],"product_cat":[199,1818,1817],"product_tag":[3360,3357,3341,3344,2692,2698,3358,3356,3359,2427],"class_list":{"0":"post-14216","1":"product","2":"type-product","3":"status-publish","4":"has-post-thumbnail","6":"product_brand-staviori","7":"product_brand-verona","8":"product_cat-kolczyki","9":"product_cat-srebrne-kolczyki","10":"product_cat-srebro-2","11":"product_tag-dziewczece-kolczyki","12":"product_tag-ka50796","13":"product_tag-kolczyki-dla-dzieci","14":"product_tag-kolczyki-emaliowane","15":"product_tag-kolczyki-kwiatki","16":"product_tag-kolczyki-na-prezent","17":"product_tag-kolczyki-stokrotki","18":"product_tag-kse6427","19":"product_tag-srebrna-bizuteria-dziecieca","20":"product_tag-srebro-925","21":"pa_kamien-emalia","22":"pa_kruszec-srebro-rodowane","23":"pa_motyw-kwiatek","24":"pa_proba-0-925","25":"pa_waga-1g","26":"pa_zapiecie-sztyft","28":"first","29":"instock","30":"purchasable","31":"product-type-simple"},"aioseo_notices":[],"_links":{"self":[{"href":"https:\/\/staviori.com.pl\/cs\/wp-json\/wp\/v2\/product\/14216","targetHints":{"allow":["GET"]}}],"collection":[{"href":"https:\/\/staviori.com.pl\/cs\/wp-json\/wp\/v2\/product"}],"about":[{"href":"https:\/\/staviori.com.pl\/cs\/wp-json\/wp\/v2\/types\/product"}],"replies":[{"embeddable":true,"href":"https:\/\/staviori.com.pl\/cs\/wp-json\/wp\/v2\/comments?post=14216"}],"wp:featuredmedia":[{"embeddable":true,"href":"https:\/\/staviori.com.pl\/cs\/wp-json\/wp\/v2\/media\/18044"}],"wp:attachment":[{"href":"https:\/\/staviori.com.pl\/cs\/wp-json\/wp\/v2\/media?parent=14216"}],"wp:term":[{"taxonomy":"product_brand","embeddable":true,"href":"https:\/\/staviori.com.pl\/cs\/wp-json\/wp\/v2\/product_brand?post=14216"},{"taxonomy":"product_cat","embeddable":true,"href":"https:\/\/staviori.com.pl\/cs\/wp-json\/wp\/v2\/product_cat?post=14216"},{"taxonomy":"product_tag","embeddable":true,"href":"https:\/\/staviori.com.pl\/cs\/wp-json\/wp\/v2\/product_tag?post=14216"}],"curies":[{"name":"wp","href":"https:\/\/api.w.org\/{rel}","templated":true}]}}