{"id":14214,"date":"2025-02-24T22:46:07","date_gmt":"2025-02-24T21:46:07","guid":{"rendered":"https:\/\/staviori.com.pl\/product\/srebrne-kolczyki-kse6208\/"},"modified":"2026-02-11T00:08:43","modified_gmt":"2026-02-10T23:08:43","slug":"srebrne-kolczyki-kse6208","status":"publish","type":"product","link":"https:\/\/staviori.com.pl\/cs\/product\/srebrne-kolczyki-kse6208\/","title":{"rendered":"St\u0159\u00edbrn\u00e9 n\u00e1u\u0161nice baletky a korunky - KSE6208"},"content":{"rendered":"<p>Model: KSE6208<br \/>\nHmotnost p\u0159ibli\u017en\u011b 1 g<\/p>\n<p>N\u00e1u\u0161nice.<br \/>\nSt\u0159\u00edbro 0,925.<br \/>\nZirkonie.<br \/>\nEmalia.<\/p>\n<p>Kr\u00e1sn\u00e9 n\u00e1u\u0161nice - baletka a korunka. Pro ka\u017edou malou princeznu.<\/p>","protected":false},"excerpt":{"rendered":"<p>Prze\u015bliczne, asymetryczne kolczyki wykonane ze srebra pr\u00f3by 0,925 \u2013 jeden w kszta\u0142cie baletnicy ozdobionej r\u00f3\u017cow\u0105 emali\u0105 i drobnymi pere\u0142kami, drugi w formie b\u0142yszcz\u0105cej korony wysadzanej cyrkoniami. To bi\u017cuteria stworzona z my\u015bl\u0105 o ma\u0142ych ksi\u0119\u017cniczkach, kt\u00f3re marz\u0105 o bajkowym \u015bwiecie. Lekka, bezpieczna i pe\u0142na wdzi\u0119ku \u2013 idealna na prezent.<\/p>","protected":false},"featured_media":18047,"comment_status":"closed","ping_status":"closed","template":"","meta":{"om_disable_all_campaigns":false},"product_brand":[2284,2350],"product_cat":[199,1818,1817],"product_tag":[3362,3049,3363,3173,3286,3364,2964,2944,3361,3365,3101],"class_list":{"0":"post-14214","1":"product","2":"type-product","3":"status-publish","4":"has-post-thumbnail","6":"product_brand-staviori","7":"product_brand-verona","8":"product_cat-kolczyki","9":"product_cat-srebrne-kolczyki","10":"product_cat-srebro-2","11":"product_tag-ki47938","12":"product_tag-kolczyki-asymetryczne","13":"product_tag-kolczyki-baletnica","14":"product_tag-kolczyki-dla-dziewczynki","15":"product_tag-kolczyki-dzieciece","16":"product_tag-kolczyki-korona","17":"product_tag-kolczyki-z-cyrkonia","18":"product_tag-kolczyki-z-emalia","19":"product_tag-kse6208","20":"product_tag-prezent-dla-malej-ksiezniczki","21":"product_tag-srebrna-bizuteria","22":"pa_kamien-cyrkonia","23":"pa_kamien-emalia","24":"pa_kruszec-srebro","25":"pa_proba-0-925","26":"pa_waga-1g","27":"pa_zapiecie-sztyft","29":"first","30":"instock","31":"purchasable","32":"product-type-simple"},"aioseo_notices":[],"_links":{"self":[{"href":"https:\/\/staviori.com.pl\/cs\/wp-json\/wp\/v2\/product\/14214","targetHints":{"allow":["GET"]}}],"collection":[{"href":"https:\/\/staviori.com.pl\/cs\/wp-json\/wp\/v2\/product"}],"about":[{"href":"https:\/\/staviori.com.pl\/cs\/wp-json\/wp\/v2\/types\/product"}],"replies":[{"embeddable":true,"href":"https:\/\/staviori.com.pl\/cs\/wp-json\/wp\/v2\/comments?post=14214"}],"wp:featuredmedia":[{"embeddable":true,"href":"https:\/\/staviori.com.pl\/cs\/wp-json\/wp\/v2\/media\/18047"}],"wp:attachment":[{"href":"https:\/\/staviori.com.pl\/cs\/wp-json\/wp\/v2\/media?parent=14214"}],"wp:term":[{"taxonomy":"product_brand","embeddable":true,"href":"https:\/\/staviori.com.pl\/cs\/wp-json\/wp\/v2\/product_brand?post=14214"},{"taxonomy":"product_cat","embeddable":true,"href":"https:\/\/staviori.com.pl\/cs\/wp-json\/wp\/v2\/product_cat?post=14214"},{"taxonomy":"product_tag","embeddable":true,"href":"https:\/\/staviori.com.pl\/cs\/wp-json\/wp\/v2\/product_tag?post=14214"}],"curies":[{"name":"wp","href":"https:\/\/api.w.org\/{rel}","templated":true}]}}