{"id":14211,"date":"2025-02-24T22:46:07","date_gmt":"2025-02-24T21:46:07","guid":{"rendered":"https:\/\/staviori.com.pl\/product\/srebrne-kolczyki-kse4699\/"},"modified":"2026-02-11T00:08:42","modified_gmt":"2026-02-10T23:08:42","slug":"srebrne-kolczyki-kse4699","status":"publish","type":"product","link":"https:\/\/staviori.com.pl\/cs\/product\/srebrne-kolczyki-kse4699\/","title":{"rendered":"St\u0159\u00edbrn\u00e9 n\u00e1u\u0161nice beru\u0161ky pro d\u00edvku"},"content":{"rendered":"<p>Model: KSE4699<br \/>\nWaga ok. 0,80g<\/p>\n<p>N\u00e1u\u0161nice.<br \/>\n0,925 rhodiovan\u00e9 st\u0159\u00edbro.<br \/>\nEmalia.<\/p>\n<p>Wysoko\u015b\u0107 6 mm.<\/p>","protected":false},"excerpt":{"rendered":"<p>Rozko\u0161n\u00e9 n\u00e1u\u0161nice ve tvaru beru\u0161ky vyroben\u00e9 z rhodiovan\u00e9ho st\u0159\u00edbra a zdoben\u00e9 barevn\u00fdm smaltem. \u010cerven\u00e9 a \u010dern\u00e9 akcenty jim dod\u00e1vaj\u00ed vesel\u00fd charakter, kter\u00fd se jist\u011b bude l\u00edbit i t\u011bm nejmen\u0161\u00edm milovn\u00edk\u016fm \u0161perk\u016f. Ide\u00e1ln\u00ed jako prvn\u00ed d\u011btsk\u00e9 n\u00e1u\u0161nice - lehk\u00e9, bezpe\u010dn\u00e9 a pln\u00e9 \u0161armu.<\/p>","protected":false},"featured_media":18028,"comment_status":"closed","ping_status":"closed","template":"","meta":{"om_disable_all_campaigns":false},"product_brand":[2284,2350],"product_cat":[199,1818,1817],"product_tag":[3343,3342,3341,3344,3340,3345,3338,3339,2942],"class_list":{"0":"post-14211","1":"product","2":"type-product","3":"status-publish","4":"has-post-thumbnail","6":"product_brand-staviori","7":"product_brand-verona","8":"product_cat-kolczyki","9":"product_cat-srebrne-kolczyki","10":"product_cat-srebro-2","11":"product_tag-bizuteria-dziecieca","12":"product_tag-kolczyki-biedronki","13":"product_tag-kolczyki-dla-dzieci","14":"product_tag-kolczyki-emaliowane","15":"product_tag-kse4699","16":"product_tag-pierwsze-kolczyki","17":"product_tag-prezent-dla-dziewczynki","18":"product_tag-sks3423","19":"product_tag-srebrne-kolczyki","20":"pa_kamien-emalia","21":"pa_kruszec-srebro-rodowane","22":"pa_proba-0-925","23":"pa_waga-080g","24":"pa_wysokosc-6mm","25":"pa_zapiecie-sztyft","27":"first","28":"instock","29":"purchasable","30":"product-type-simple"},"aioseo_notices":[],"_links":{"self":[{"href":"https:\/\/staviori.com.pl\/cs\/wp-json\/wp\/v2\/product\/14211","targetHints":{"allow":["GET"]}}],"collection":[{"href":"https:\/\/staviori.com.pl\/cs\/wp-json\/wp\/v2\/product"}],"about":[{"href":"https:\/\/staviori.com.pl\/cs\/wp-json\/wp\/v2\/types\/product"}],"replies":[{"embeddable":true,"href":"https:\/\/staviori.com.pl\/cs\/wp-json\/wp\/v2\/comments?post=14211"}],"wp:featuredmedia":[{"embeddable":true,"href":"https:\/\/staviori.com.pl\/cs\/wp-json\/wp\/v2\/media\/18028"}],"wp:attachment":[{"href":"https:\/\/staviori.com.pl\/cs\/wp-json\/wp\/v2\/media?parent=14211"}],"wp:term":[{"taxonomy":"product_brand","embeddable":true,"href":"https:\/\/staviori.com.pl\/cs\/wp-json\/wp\/v2\/product_brand?post=14211"},{"taxonomy":"product_cat","embeddable":true,"href":"https:\/\/staviori.com.pl\/cs\/wp-json\/wp\/v2\/product_cat?post=14211"},{"taxonomy":"product_tag","embeddable":true,"href":"https:\/\/staviori.com.pl\/cs\/wp-json\/wp\/v2\/product_tag?post=14211"}],"curies":[{"name":"wp","href":"https:\/\/api.w.org\/{rel}","templated":true}]}}