{"id":14204,"date":"2025-02-24T22:46:07","date_gmt":"2025-02-24T21:46:07","guid":{"rendered":"https:\/\/staviori.com.pl\/product\/srebrne-kolczyki-ksc6255\/"},"modified":"2026-02-11T00:08:42","modified_gmt":"2026-02-10T23:08:42","slug":"srebrne-kolczyki-ksc6255","status":"publish","type":"product","link":"https:\/\/staviori.com.pl\/cs\/product\/srebrne-kolczyki-ksc6255\/","title":{"rendered":"St\u0159\u00edbrn\u00e9 geometrick\u00e9 kruhov\u00e9 n\u00e1u\u0161nice - KSC6255"},"content":{"rendered":"<p>Model: KSC6255<br \/>\nWaga ok. 2,20g<\/p>\n<p>N\u00e1u\u0161nice.<br \/>\n0,925 rhodiovan\u00e9 st\u0159\u00edbro.<\/p>\n<p>Wymiary 11&#215;15 mm.<br \/>\nD\u0142ugo\u015b\u0107 19 mm.<br \/>\n\u015arednica kulki 2.5 mm.<\/p>","protected":false},"excerpt":{"rendered":"<p>Nowoczesne kolczyki wykonane z rodowanego srebra pr\u00f3by 0,925 o geometrycznym, a zarazem subtelnym charakterze. Dwa nachodz\u0105ce na siebie k\u00f3\u0142ka tworz\u0105 efektown\u0105 kompozycj\u0119, kt\u00f3ra pi\u0119knie porusza si\u0119 przy ka\u017cdym ruchu. Minimalistyczna forma w eleganckim wydaniu sprawdzi si\u0119 zar\u00f3wno na co dzie\u0144, jak i jako stylowe dope\u0142nienie wieczorowej stylizacji.<\/p>","protected":false},"featured_media":18036,"comment_status":"closed","ping_status":"closed","template":"","meta":{"om_disable_all_campaigns":false},"product_brand":[2284,2350],"product_cat":[199,1818,1817],"product_tag":[2660,3350,3158,2673,2674,1396,3351,2384,2569,2426],"class_list":{"0":"post-14204","1":"product","2":"type-product","3":"status-publish","4":"has-post-thumbnail","6":"product_brand-staviori","7":"product_brand-verona","8":"product_cat-kolczyki","9":"product_cat-srebrne-kolczyki","10":"product_cat-srebro-2","11":"product_tag-eleganckie-kolczyki","12":"product_tag-k050079","13":"product_tag-kolczyki-geometryczne","14":"product_tag-kolczyki-kolka","15":"product_tag-kolczyki-na-co-dzien","16":"product_tag-kolczyki-srebrne","17":"product_tag-ksc6255","18":"product_tag-minimalistyczna-bizuteria","19":"product_tag-nowoczesna-bizuteria","20":"product_tag-srebro-rodowane","21":"pa_dlugosc-19mm","22":"pa_kruszec-srebro-rodowane","23":"pa_proba-0-925","24":"pa_waga-220g","25":"pa_wymiary-11x15mm","26":"pa_zapiecie-sztyft","28":"first","29":"instock","30":"purchasable","31":"product-type-simple"},"aioseo_notices":[],"_links":{"self":[{"href":"https:\/\/staviori.com.pl\/cs\/wp-json\/wp\/v2\/product\/14204","targetHints":{"allow":["GET"]}}],"collection":[{"href":"https:\/\/staviori.com.pl\/cs\/wp-json\/wp\/v2\/product"}],"about":[{"href":"https:\/\/staviori.com.pl\/cs\/wp-json\/wp\/v2\/types\/product"}],"replies":[{"embeddable":true,"href":"https:\/\/staviori.com.pl\/cs\/wp-json\/wp\/v2\/comments?post=14204"}],"wp:featuredmedia":[{"embeddable":true,"href":"https:\/\/staviori.com.pl\/cs\/wp-json\/wp\/v2\/media\/18036"}],"wp:attachment":[{"href":"https:\/\/staviori.com.pl\/cs\/wp-json\/wp\/v2\/media?parent=14204"}],"wp:term":[{"taxonomy":"product_brand","embeddable":true,"href":"https:\/\/staviori.com.pl\/cs\/wp-json\/wp\/v2\/product_brand?post=14204"},{"taxonomy":"product_cat","embeddable":true,"href":"https:\/\/staviori.com.pl\/cs\/wp-json\/wp\/v2\/product_cat?post=14204"},{"taxonomy":"product_tag","embeddable":true,"href":"https:\/\/staviori.com.pl\/cs\/wp-json\/wp\/v2\/product_tag?post=14204"}],"curies":[{"name":"wp","href":"https:\/\/api.w.org\/{rel}","templated":true}]}}