{"id":14199,"date":"2025-02-24T22:46:07","date_gmt":"2025-02-24T21:46:07","guid":{"rendered":"https:\/\/staviori.com.pl\/product\/srebrne-kolczyki-ksc6200\/"},"modified":"2026-02-11T00:08:42","modified_gmt":"2026-02-10T23:08:42","slug":"srebrne-kolczyki-ksc6200","status":"publish","type":"product","link":"https:\/\/staviori.com.pl\/cs\/product\/srebrne-kolczyki-ksc6200\/","title":{"rendered":"st\u0159\u00edbrn\u00e9 pozlacen\u00e9 n\u00e1u\u0161nice s mo\u0159skou hv\u011bzdic\u00ed"},"content":{"rendered":"<p>Model: KSC6200<br \/>\nWaga ok. 0,88g<\/p>\n<p>N\u00e1u\u0161nice.<br \/>\nSt\u0159\u00edbro 0.925 pokoven\u00e9 \u017elut\u00fdm zlatem<\/p>\n<p>Kr\u00e1sn\u00e9 st\u0159\u00edbrn\u00e9 pozlacen\u00e9 n\u00e1u\u0161nice - mo\u0159sk\u00e1 hv\u011bzdice.<\/p>","protected":false},"excerpt":{"rendered":"<p>Przepi\u0119kne srebrne kolczyki w kszta\u0142cie rozgwiazdy, pokryte \u017c\u00f3\u0142tym z\u0142otem, emanuj\u0105 lekko\u015bci\u0105 i elegancj\u0105. Ich morski motyw przywo\u0142uje wspomnienia lata i promieni s\u0142o\u0144ca. Idealne dla kobiet ceni\u0105cych nowoczesny styl i subtelny blask z\u0142ota. Te delikatne kolczyki doskonale uzupe\u0142ni\u0105 zar\u00f3wno codzienne, jak i wakacyjne stylizacje.<\/p>","protected":false},"featured_media":2327,"comment_status":"closed","ping_status":"closed","template":"","meta":{"om_disable_all_campaigns":false},"product_brand":[2284,2350],"product_cat":[199,1818,1817],"product_tag":[3932,6798,5916,6800,6794,3047,6795,1396,6801,6796,5831,3967,6797,6799,6416],"class_list":{"0":"post-14199","1":"product","2":"type-product","3":"status-publish","4":"has-post-thumbnail","6":"product_brand-staviori","7":"product_brand-verona","8":"product_cat-kolczyki","9":"product_cat-srebrne-kolczyki","10":"product_cat-srebro-2","11":"product_tag-3932","12":"product_tag-beach-jewelry","13":"product_tag-gold-plated-earrings","14":"product_tag-hvezdice-nausnice","15":"product_tag-k049624","16":"product_tag-kolczyki-pozlacane","17":"product_tag-kolczyki-rozgwiazdy","18":"product_tag-kolczyki-srebrne","19":"product_tag-ksc6200","20":"product_tag-pozlacane-zlotem","21":"product_tag-silber-ohrringe","22":"product_tag-srebro-0","23":"product_tag-starfish-earrings","24":"product_tag-summer-style","25":"product_tag-vergoldet","26":"pa_kruszec-srebro","27":"pa_kruszec-srebro-pozlacane","28":"pa_motyw-gwiazda","29":"pa_motyw-rozgwiazda","30":"pa_proba-0-925","31":"pa_waga-080g","32":"pa_zapiecie-sztyft","34":"first","35":"instock","36":"purchasable","37":"product-type-simple"},"aioseo_notices":[],"_links":{"self":[{"href":"https:\/\/staviori.com.pl\/cs\/wp-json\/wp\/v2\/product\/14199","targetHints":{"allow":["GET"]}}],"collection":[{"href":"https:\/\/staviori.com.pl\/cs\/wp-json\/wp\/v2\/product"}],"about":[{"href":"https:\/\/staviori.com.pl\/cs\/wp-json\/wp\/v2\/types\/product"}],"replies":[{"embeddable":true,"href":"https:\/\/staviori.com.pl\/cs\/wp-json\/wp\/v2\/comments?post=14199"}],"wp:featuredmedia":[{"embeddable":true,"href":"https:\/\/staviori.com.pl\/cs\/wp-json\/wp\/v2\/media\/2327"}],"wp:attachment":[{"href":"https:\/\/staviori.com.pl\/cs\/wp-json\/wp\/v2\/media?parent=14199"}],"wp:term":[{"taxonomy":"product_brand","embeddable":true,"href":"https:\/\/staviori.com.pl\/cs\/wp-json\/wp\/v2\/product_brand?post=14199"},{"taxonomy":"product_cat","embeddable":true,"href":"https:\/\/staviori.com.pl\/cs\/wp-json\/wp\/v2\/product_cat?post=14199"},{"taxonomy":"product_tag","embeddable":true,"href":"https:\/\/staviori.com.pl\/cs\/wp-json\/wp\/v2\/product_tag?post=14199"}],"curies":[{"name":"wp","href":"https:\/\/api.w.org\/{rel}","templated":true}]}}