{"id":14193,"date":"2025-02-24T22:46:03","date_gmt":"2025-02-24T21:46:03","guid":{"rendered":"https:\/\/staviori.com.pl\/product\/srebrne-kolczyki-ksc4371\/"},"modified":"2026-04-24T09:50:06","modified_gmt":"2026-04-24T07:50:06","slug":"srebrne-kolczyki-ksc4371","status":"publish","type":"product","link":"https:\/\/staviori.com.pl\/cs\/product\/srebrne-kolczyki-ksc4371\/","title":{"rendered":"St\u0159\u00edbrn\u00e9 n\u00e1u\u0161nice s modr\u00fdm zirkonem na n\u00e1u\u0161nici"},"content":{"rendered":"<p>Model: KSC4371<br \/>\nHmotnost p\u0159ibli\u017en\u011b 1,95 g<\/p>\n<p>N\u00e1u\u0161nice.<br \/>\n0,925 rhodiovan\u00e9 st\u0159\u00edbro.<br \/>\nZirkonie.<\/p>\n<p>Wymiary 7.4&#215;9.9 mm.<br \/>\nGrubo\u015b\u0107 4.3 mm.<br \/>\nWysoko\u015b\u0107 16 mm.<\/p>","protected":false},"excerpt":{"rendered":"<p>Eleganckie srebrne kolczyki z g\u0142\u0119bokoniebieskimi cyrkoniami to klasyka, kt\u00f3ra nigdy nie wychodzi z mody. Wykonane ze srebra rodowanego pr\u00f3by 0,925, zachwycaj\u0105 pi\u0119knym po\u0142yskiem i trwa\u0142o\u015bci\u0105. Owalny kamie\u0144 otoczony b\u0142yszcz\u0105cymi, drobnymi cyrkoniami tworzy wyj\u0105tkowy efekt bi\u017cuterii w stylu kr\u00f3lewskim. Idealne na wiecz\u00f3r, eleganckie przyj\u0119cie lub wyj\u0105tkowy prezent dla kobiety z klas\u0105.<\/p>","protected":false},"featured_media":21830,"comment_status":"closed","ping_status":"closed","template":"","meta":{"om_disable_all_campaigns":false},"product_brand":[2284,2350],"product_cat":[199,1818,1817],"product_tag":[3932,4263,2660,6079,1396,2964,3192,6803,6802,5820,3967,2924,6808],"class_list":{"0":"post-14193","1":"product","2":"type-product","3":"status-publish","4":"has-post-thumbnail","6":"product_brand-staviori","7":"product_brand-verona","8":"product_cat-kolczyki","9":"product_cat-srebrne-kolczyki","10":"product_cat-srebro-2","11":"product_tag-3932","12":"product_tag-blue-cubic-zirconia","13":"product_tag-eleganckie-kolczyki","14":"product_tag-elegant-earrings","15":"product_tag-kolczyki-srebrne","16":"product_tag-kolczyki-z-cyrkonia","17":"product_tag-kolczyki-z-niebieskim-kamieniem","18":"product_tag-nausnice-stribro","19":"product_tag-ohrringe-silber-925","20":"product_tag-silver-earrings","21":"product_tag-srebro-0","22":"product_tag-wieczorowa-bizuteria","23":"product_tag-zirkonia-blau","24":"pa_grubosc-4-3mm","25":"pa_kamien-cyrkonia","26":"pa_kamien-cyrkonia-niebieskia","27":"pa_kruszec-srebro-rodowane","28":"pa_proba-0-925","29":"pa_waga-195g","30":"pa_wymiary-7-4x9-9mm","31":"pa_zapiecie-bigiel","33":"first","34":"instock","35":"purchasable","36":"product-type-simple"},"aioseo_notices":[],"_links":{"self":[{"href":"https:\/\/staviori.com.pl\/cs\/wp-json\/wp\/v2\/product\/14193","targetHints":{"allow":["GET"]}}],"collection":[{"href":"https:\/\/staviori.com.pl\/cs\/wp-json\/wp\/v2\/product"}],"about":[{"href":"https:\/\/staviori.com.pl\/cs\/wp-json\/wp\/v2\/types\/product"}],"replies":[{"embeddable":true,"href":"https:\/\/staviori.com.pl\/cs\/wp-json\/wp\/v2\/comments?post=14193"}],"wp:featuredmedia":[{"embeddable":true,"href":"https:\/\/staviori.com.pl\/cs\/wp-json\/wp\/v2\/media\/21830"}],"wp:attachment":[{"href":"https:\/\/staviori.com.pl\/cs\/wp-json\/wp\/v2\/media?parent=14193"}],"wp:term":[{"taxonomy":"product_brand","embeddable":true,"href":"https:\/\/staviori.com.pl\/cs\/wp-json\/wp\/v2\/product_brand?post=14193"},{"taxonomy":"product_cat","embeddable":true,"href":"https:\/\/staviori.com.pl\/cs\/wp-json\/wp\/v2\/product_cat?post=14193"},{"taxonomy":"product_tag","embeddable":true,"href":"https:\/\/staviori.com.pl\/cs\/wp-json\/wp\/v2\/product_tag?post=14193"}],"curies":[{"name":"wp","href":"https:\/\/api.w.org\/{rel}","templated":true}]}}