{"id":14191,"date":"2025-02-24T22:46:03","date_gmt":"2025-02-24T21:46:03","guid":{"rendered":"https:\/\/staviori.com.pl\/product\/srebrne-kolczyki-ksc2015\/"},"modified":"2026-04-24T09:51:19","modified_gmt":"2026-04-24T07:51:19","slug":"srebrne-kolczyki-ksc2015","status":"publish","type":"product","link":"https:\/\/staviori.com.pl\/cs\/product\/srebrne-kolczyki-ksc2015\/","title":{"rendered":"St\u0159\u00edbrn\u00e9 n\u00e1u\u0161nice s kulat\u00fdmi zirkony 10 mm"},"content":{"rendered":"<p>Model: KSC2015<br \/>\nHmotnost p\u0159ibli\u017en\u011b 3,90 g<\/p>\n<p>N\u00e1u\u0161nice.<br \/>\nSt\u0159\u00edbro 0,925.<br \/>\nZirkonie.<\/p>\n<p>Pr\u016fm\u011br 10 mm.<br \/>\nTlou\u0161\u0165ka 6 mm.<\/p>","protected":false},"excerpt":{"rendered":"<p>Klasick\u00e9 st\u0159\u00edbrn\u00e9 n\u00e1u\u0161nice s velk\u00fdmi t\u0159pytiv\u00fdmi zirkony jsou kvintesenc\u00ed elegance a nad\u010dasov\u00e9ho stylu. Jsou vyrobeny ze st\u0159\u00edbra ryzosti 925\/1000 a zaujmou intenzivn\u00edm leskem a dokonal\u00fdm brusem kamen\u016f. D\u00edky sv\u00e9mu univerz\u00e1ln\u00edmu designu se hod\u00ed jak ke ka\u017edodenn\u00edmu oble\u010den\u00ed, tak ke zvl\u00e1\u0161tn\u00edm p\u0159\u00edle\u017eitostem. Jsou to \u0161perky, kter\u00e9 v\u017edy vypadaj\u00ed fenomen\u00e1ln\u011b.<\/p>","protected":false},"featured_media":21834,"comment_status":"closed","ping_status":"closed","template":"","meta":{"om_disable_all_campaigns":false},"product_brand":[2284,2350],"product_cat":[199,1818,1817],"product_tag":[3932,4191,2660,2603,6810,1396,2964,6809,6811,6803,6802,5820,3967,6088],"class_list":{"0":"post-14191","1":"product","2":"type-product","3":"status-publish","4":"has-post-thumbnail","6":"product_brand-staviori","7":"product_brand-verona","8":"product_cat-kolczyki","9":"product_cat-srebrne-kolczyki","10":"product_cat-srebro-2","11":"product_tag-3932","12":"product_tag-cubic-zirconia","13":"product_tag-eleganckie-kolczyki","14":"product_tag-klasyczna-bizuteria","15":"product_tag-kolczyki-duza-cyrkonia","16":"product_tag-kolczyki-srebrne","17":"product_tag-kolczyki-z-cyrkonia","18":"product_tag-ksc2015","19":"product_tag-large-stone-earrings","20":"product_tag-nausnice-stribro","21":"product_tag-ohrringe-silber-925","22":"product_tag-silver-earrings","23":"product_tag-srebro-0","24":"product_tag-zirkonia","25":"pa_grubosc-6mm","26":"pa_kamien-cyrkonia","27":"pa_kruszec-srebro","28":"pa_proba-0-925","29":"pa_srednica-10mm","30":"pa_waga-390g","31":"pa_zapiecie-sztyft","33":"first","34":"instock","35":"sale","36":"purchasable","37":"product-type-simple"},"aioseo_notices":[],"_links":{"self":[{"href":"https:\/\/staviori.com.pl\/cs\/wp-json\/wp\/v2\/product\/14191","targetHints":{"allow":["GET"]}}],"collection":[{"href":"https:\/\/staviori.com.pl\/cs\/wp-json\/wp\/v2\/product"}],"about":[{"href":"https:\/\/staviori.com.pl\/cs\/wp-json\/wp\/v2\/types\/product"}],"replies":[{"embeddable":true,"href":"https:\/\/staviori.com.pl\/cs\/wp-json\/wp\/v2\/comments?post=14191"}],"wp:featuredmedia":[{"embeddable":true,"href":"https:\/\/staviori.com.pl\/cs\/wp-json\/wp\/v2\/media\/21834"}],"wp:attachment":[{"href":"https:\/\/staviori.com.pl\/cs\/wp-json\/wp\/v2\/media?parent=14191"}],"wp:term":[{"taxonomy":"product_brand","embeddable":true,"href":"https:\/\/staviori.com.pl\/cs\/wp-json\/wp\/v2\/product_brand?post=14191"},{"taxonomy":"product_cat","embeddable":true,"href":"https:\/\/staviori.com.pl\/cs\/wp-json\/wp\/v2\/product_cat?post=14191"},{"taxonomy":"product_tag","embeddable":true,"href":"https:\/\/staviori.com.pl\/cs\/wp-json\/wp\/v2\/product_tag?post=14191"}],"curies":[{"name":"wp","href":"https:\/\/api.w.org\/{rel}","templated":true}]}}