{"id":14190,"date":"2025-02-24T22:46:03","date_gmt":"2025-02-24T21:46:03","guid":{"rendered":"https:\/\/staviori.com.pl\/product\/srebrne-kolczyki-ksc2008\/"},"modified":"2026-02-11T00:08:42","modified_gmt":"2026-02-10T23:08:42","slug":"srebrne-kolczyki-ksc2008","status":"publish","type":"product","link":"https:\/\/staviori.com.pl\/cs\/product\/srebrne-kolczyki-ksc2008\/","title":{"rendered":"St\u0159\u00edbrn\u00e9 n\u00e1u\u0161nice s kulat\u00fdm zirkonem 8 mm"},"content":{"rendered":"<p>Model: KSC2008<br \/>\nWaga ok. 2,35g<\/p>\n<p>N\u00e1u\u0161nice.<br \/>\nSt\u0159\u00edbro 0,925.<br \/>\nZirkonie.<\/p>\n<p>Pr\u016fm\u011br 8 mm.<br \/>\nTlou\u0161\u0165ka 5 mm.<\/p>","protected":false},"excerpt":{"rendered":"<p>Pi\u0119kne srebrne kolczyki z du\u017c\u0105, l\u015bni\u0105c\u0105 cyrkoni\u0105 to idealne po\u0142\u0105czenie klasyki i elegancji. Wykonane ze srebra pr\u00f3by 0,925, zachwycaj\u0105 intensywnym blaskiem i doskona\u0142ym szlifem kamienia, kt\u00f3ry pi\u0119knie odbija \u015bwiat\u0142o. To ponadczasowy model, kt\u00f3ry doda szyku ka\u017cdej stylizacji \u2014 zar\u00f3wno codziennej, jak i wieczorowej.<\/p>","protected":false},"featured_media":21836,"comment_status":"closed","ping_status":"closed","template":"","meta":{"om_disable_all_campaigns":false},"product_brand":[2284,2350],"product_cat":[199,1818,1817],"product_tag":[3932,4191,2660,2603,6810,1396,2964,6812,6811,6803,6802,5820,3967,6088],"class_list":{"0":"post-14190","1":"product","2":"type-product","3":"status-publish","4":"has-post-thumbnail","6":"product_brand-staviori","7":"product_brand-verona","8":"product_cat-kolczyki","9":"product_cat-srebrne-kolczyki","10":"product_cat-srebro-2","11":"product_tag-3932","12":"product_tag-cubic-zirconia","13":"product_tag-eleganckie-kolczyki","14":"product_tag-klasyczna-bizuteria","15":"product_tag-kolczyki-duza-cyrkonia","16":"product_tag-kolczyki-srebrne","17":"product_tag-kolczyki-z-cyrkonia","18":"product_tag-ksc2008","19":"product_tag-large-stone-earrings","20":"product_tag-nausnice-stribro","21":"product_tag-ohrringe-silber-925","22":"product_tag-silver-earrings","23":"product_tag-srebro-0","24":"product_tag-zirkonia","25":"pa_grubosc-5mm","26":"pa_kamien-cyrkonia","27":"pa_kruszec-srebro","28":"pa_proba-0-925","29":"pa_srednica-8mm","30":"pa_waga-235g","31":"pa_zapiecie-sztyft","33":"first","34":"instock","35":"purchasable","36":"product-type-simple"},"aioseo_notices":[],"_links":{"self":[{"href":"https:\/\/staviori.com.pl\/cs\/wp-json\/wp\/v2\/product\/14190","targetHints":{"allow":["GET"]}}],"collection":[{"href":"https:\/\/staviori.com.pl\/cs\/wp-json\/wp\/v2\/product"}],"about":[{"href":"https:\/\/staviori.com.pl\/cs\/wp-json\/wp\/v2\/types\/product"}],"replies":[{"embeddable":true,"href":"https:\/\/staviori.com.pl\/cs\/wp-json\/wp\/v2\/comments?post=14190"}],"wp:featuredmedia":[{"embeddable":true,"href":"https:\/\/staviori.com.pl\/cs\/wp-json\/wp\/v2\/media\/21836"}],"wp:attachment":[{"href":"https:\/\/staviori.com.pl\/cs\/wp-json\/wp\/v2\/media?parent=14190"}],"wp:term":[{"taxonomy":"product_brand","embeddable":true,"href":"https:\/\/staviori.com.pl\/cs\/wp-json\/wp\/v2\/product_brand?post=14190"},{"taxonomy":"product_cat","embeddable":true,"href":"https:\/\/staviori.com.pl\/cs\/wp-json\/wp\/v2\/product_cat?post=14190"},{"taxonomy":"product_tag","embeddable":true,"href":"https:\/\/staviori.com.pl\/cs\/wp-json\/wp\/v2\/product_tag?post=14190"}],"curies":[{"name":"wp","href":"https:\/\/api.w.org\/{rel}","templated":true}]}}