{"id":14185,"date":"2025-02-24T22:46:03","date_gmt":"2025-02-24T21:46:03","guid":{"rendered":"https:\/\/staviori.com.pl\/product\/bizuteria-inwestycyjna-kolczyk-krd4442\/"},"modified":"2026-02-11T00:08:42","modified_gmt":"2026-02-10T23:08:42","slug":"bizuteria-inwestycyjna-kolczyk-krd4442","status":"publish","type":"product","link":"https:\/\/staviori.com.pl\/cs\/product\/bizuteria-inwestycyjna-kolczyk-krd4442\/","title":{"rendered":"Exkluzivn\u00ed | r\u016f\u017eov\u00e9 zlato 750 n\u00e1u\u0161nice mot\u00fdl s diamanty"},"content":{"rendered":"<p>Model: DDE1919<br \/>\nWaga ok. 4,51g<\/p>\n<p>N\u00e1u\u0161nice.<br \/>\nR\u016f\u017eov\u00e9 zlato 0,750.<br \/>\n116 Diament\u00f3w, szlif brylantowy, o masie ok. 1,08ct, barwa G-H, czysto\u015b\u0107 SI1.<\/p>\n<p>Wymiary 15&#215;15.2 mm.<br \/>\nGrubo\u015b\u0107 2.1 mm.<\/p>\n<p><strong>Produkt je k dispozici pouze na vy\u017e\u00e1d\u00e1n\u00ed, doba dod\u00e1n\u00ed cca 5 t\u00fddn\u016f.<\/strong><\/p>","protected":false},"excerpt":{"rendered":"<p>Zachwycaj\u0105ce kolczyki z r\u00f3\u017cowego z\u0142ota pr\u00f3by 0,750 w kszta\u0142cie delikatnych motyli, wysadzane a\u017c 116 diamentami o \u0142\u0105cznej masie 1,08 ct. Ich subtelny blask i staranne wykonanie sprawiaj\u0105, \u017ce s\u0105 niezwykle kobiece i pe\u0142ne uroku. Idealny wyb\u00f3r dla kobiet ceni\u0105cych finezj\u0119, lekko\u015b\u0107 formy i luksusowy detal. To bi\u017cuteria, kt\u00f3ra przyci\u0105ga spojrzenia i podkre\u015bla wyj\u0105tkowo\u015b\u0107 ka\u017cdej stylizacji.<\/p>","protected":false},"featured_media":2267,"comment_status":"closed","ping_status":"closed","template":"","meta":{"om_disable_all_campaigns":false},"product_brand":[2284],"product_cat":[1803,6858,199],"product_tag":[3321,2660,3322,2698,2667,2708,3320,2280,2336],"class_list":{"0":"post-14185","1":"product","2":"type-product","3":"status-publish","4":"has-post-thumbnail","6":"product_brand-staviori","7":"product_cat-brylanty-exclusive","8":"product_cat-kolczyki-brylanty-exclusive","9":"product_cat-kolczyki","10":"product_tag-dde1919","11":"product_tag-eleganckie-kolczyki","12":"product_tag-kolczyki-motyle","13":"product_tag-kolczyki-na-prezent","14":"product_tag-kolczyki-z-diamentami","15":"product_tag-kolczyki-zlote","16":"product_tag-krd4442","17":"product_tag-luksusowa-bizuteria","18":"product_tag-rozowe-zloto","19":"pa_barwa-g-h","20":"pa_czystosc-si1","21":"pa_dostawca-draco","22":"pa_grubosc-2-1mm","23":"pa_kamien-biale-diamenty","24":"pa_kamien-brylanty","25":"pa_kolor-rozowe","26":"pa_kruszec-zloto","27":"pa_motyw-motylek","28":"pa_proba-0-750","29":"pa_waga-450g","30":"pa_wymiary-15x15-2mm","31":"pa_zapiecie-sztyft","33":"first","34":"onbackorder","35":"purchasable","36":"product-type-simple"},"aioseo_notices":[],"_links":{"self":[{"href":"https:\/\/staviori.com.pl\/cs\/wp-json\/wp\/v2\/product\/14185","targetHints":{"allow":["GET"]}}],"collection":[{"href":"https:\/\/staviori.com.pl\/cs\/wp-json\/wp\/v2\/product"}],"about":[{"href":"https:\/\/staviori.com.pl\/cs\/wp-json\/wp\/v2\/types\/product"}],"replies":[{"embeddable":true,"href":"https:\/\/staviori.com.pl\/cs\/wp-json\/wp\/v2\/comments?post=14185"}],"wp:featuredmedia":[{"embeddable":true,"href":"https:\/\/staviori.com.pl\/cs\/wp-json\/wp\/v2\/media\/2267"}],"wp:attachment":[{"href":"https:\/\/staviori.com.pl\/cs\/wp-json\/wp\/v2\/media?parent=14185"}],"wp:term":[{"taxonomy":"product_brand","embeddable":true,"href":"https:\/\/staviori.com.pl\/cs\/wp-json\/wp\/v2\/product_brand?post=14185"},{"taxonomy":"product_cat","embeddable":true,"href":"https:\/\/staviori.com.pl\/cs\/wp-json\/wp\/v2\/product_cat?post=14185"},{"taxonomy":"product_tag","embeddable":true,"href":"https:\/\/staviori.com.pl\/cs\/wp-json\/wp\/v2\/product_tag?post=14185"}],"curies":[{"name":"wp","href":"https:\/\/api.w.org\/{rel}","templated":true}]}}