{"id":14184,"date":"2025-02-24T22:46:03","date_gmt":"2025-02-24T21:46:03","guid":{"rendered":"https:\/\/staviori.com.pl\/product\/bizuteria-inwestycyjna-kolczyk-krd4048\/"},"modified":"2026-02-11T00:08:42","modified_gmt":"2026-02-10T23:08:42","slug":"bizuteria-inwestycyjna-kolczyk-krd4048","status":"publish","type":"product","link":"https:\/\/staviori.com.pl\/cs\/product\/bizuteria-inwestycyjna-kolczyk-krd4048\/","title":{"rendered":"Exkluzivn\u00ed | n\u00e1u\u0161nice z r\u016f\u017eov\u00e9ho zlata s ametysty a diamanty"},"content":{"rendered":"<p>Model: DSE1637<br \/>\nWaga ok. 7,50g<\/p>\n<p>N\u00e1u\u0161nice.<br \/>\nR\u016f\u017eov\u00e9 zlato 0,750.<br \/>\n76 Diament\u00f3w, szlif brylantowy, o masie 1,37ct, barwa G-H, czysto\u015b\u0107 SI1.<br \/>\n8 Ametyst\u00f3w, o masie 10,72ct.<\/p>\n<p>D\u00e9lka 56,5 mm.<br \/>\n\u0160\u00ed\u0159ka 13,7 mm.<br \/>\nPr\u016fm\u011br 6,9 mm.<\/p>\n<p>Produkt je k dispozici pouze na vy\u017e\u00e1d\u00e1n\u00ed, doba dod\u00e1n\u00ed cca 5 t\u00fddn\u016f.<\/p>","protected":false},"excerpt":{"rendered":"<p>Oslniv\u00e9 n\u00e1u\u0161nice z 18kar\u00e1tov\u00e9ho r\u016f\u017eov\u00e9ho zlata, kter\u00e9 ohromuj\u00ed sv\u00fdm sofistikovan\u00fdm designem a bohatstv\u00edm drah\u00fdch kamen\u016f. Ametysty s intenzivn\u00edm fialov\u00fdm t\u0159pytem byly zkombinov\u00e1ny s a\u017e 76 diamanty, aby vytvo\u0159ily velkolep\u00fd, v\u00edcerozm\u011brn\u00fd efekt. \u0160perky pln\u00e9 jiskry, ide\u00e1ln\u00ed pro zvl\u00e1\u0161tn\u00ed p\u0159\u00edle\u017eitosti, kdy z\u00e1le\u017e\u00ed na stylu a luxusu v t\u00e9 nej\u010dist\u0161\u00ed podob\u011b. Podlouhl\u00e9 tvary p\u0159\u00edv\u011bsk\u016f dod\u00e1vaj\u00ed eleganci a p\u0159itahuj\u00ed pozornost.<\/p>","protected":false},"featured_media":17972,"comment_status":"closed","ping_status":"closed","template":"","meta":{"om_disable_all_campaigns":false},"product_brand":[2284],"product_cat":[1803,199,6858],"product_tag":[2276,2754,3303,3133,2760,2770,3305,2667,3304,2336],"class_list":{"0":"post-14184","1":"product","2":"type-product","3":"status-publish","4":"has-post-thumbnail","6":"product_brand-staviori","7":"product_cat-brylanty-exclusive","8":"product_cat-kolczyki","9":"product_cat-kolczyki-brylanty-exclusive","10":"product_tag-bizuteria-ekskluzywna","11":"product_tag-bizuteria-wieczorowa","12":"product_tag-dse1637","13":"product_tag-kolczyki-eleganckie","14":"product_tag-kolczyki-luksusowe","15":"product_tag-kolczyki-wiszace","16":"product_tag-kolczyki-z-ametystami","17":"product_tag-kolczyki-z-diamentami","18":"product_tag-krd4048","19":"product_tag-rozowe-zloto","20":"pa_barwa-g-h","21":"pa_czystosc-si1","22":"pa_dlugosc-56-5mm","23":"pa_dostawca-draco","24":"pa_kamien-ametysty","25":"pa_kamien-brylanty","26":"pa_kolor-rozowe","27":"pa_kruszec-zloto","28":"pa_proba-0-750","29":"pa_szerokosc-13-7mm","30":"pa_waga-750g","31":"pa_zapiecie-sztyft","33":"first","34":"onbackorder","35":"purchasable","36":"product-type-simple"},"aioseo_notices":[],"_links":{"self":[{"href":"https:\/\/staviori.com.pl\/cs\/wp-json\/wp\/v2\/product\/14184","targetHints":{"allow":["GET"]}}],"collection":[{"href":"https:\/\/staviori.com.pl\/cs\/wp-json\/wp\/v2\/product"}],"about":[{"href":"https:\/\/staviori.com.pl\/cs\/wp-json\/wp\/v2\/types\/product"}],"replies":[{"embeddable":true,"href":"https:\/\/staviori.com.pl\/cs\/wp-json\/wp\/v2\/comments?post=14184"}],"wp:featuredmedia":[{"embeddable":true,"href":"https:\/\/staviori.com.pl\/cs\/wp-json\/wp\/v2\/media\/17972"}],"wp:attachment":[{"href":"https:\/\/staviori.com.pl\/cs\/wp-json\/wp\/v2\/media?parent=14184"}],"wp:term":[{"taxonomy":"product_brand","embeddable":true,"href":"https:\/\/staviori.com.pl\/cs\/wp-json\/wp\/v2\/product_brand?post=14184"},{"taxonomy":"product_cat","embeddable":true,"href":"https:\/\/staviori.com.pl\/cs\/wp-json\/wp\/v2\/product_cat?post=14184"},{"taxonomy":"product_tag","embeddable":true,"href":"https:\/\/staviori.com.pl\/cs\/wp-json\/wp\/v2\/product_tag?post=14184"}],"curies":[{"name":"wp","href":"https:\/\/api.w.org\/{rel}","templated":true}]}}