{"id":14183,"date":"2025-02-24T22:46:03","date_gmt":"2025-02-24T21:46:03","guid":{"rendered":"https:\/\/staviori.com.pl\/product\/bizuteria-inwestycyjna-kolczyk-krd4047\/"},"modified":"2026-02-11T00:08:42","modified_gmt":"2026-02-10T23:08:42","slug":"bizuteria-inwestycyjna-kolczyk-krd4047","status":"publish","type":"product","link":"https:\/\/staviori.com.pl\/cs\/product\/bizuteria-inwestycyjna-kolczyk-krd4047\/","title":{"rendered":"Exkluzivn\u00ed | 750 \u017elut\u00e9 zlato, n\u00e1u\u0161nice se z\u00e1hn\u011bdou a diamanty"},"content":{"rendered":"<p>Model: KRD4047<br \/>\nWaga ok. 7,34g<\/p>\n<p>N\u00e1u\u0161nice.<br \/>\n\u017dlut\u00e9 zlato 0,750.<br \/>\n76 Diament\u00f3w, szlif brylantowy, o masie 1,37ct, barwa G-H, czysto\u015b\u0107 SI1.<br \/>\n8 Kwarc Dymny, o masie 11,42ct.<\/p>\n<p>D\u00e9lka 56,5 mm.<br \/>\n\u0160\u00ed\u0159ka 13,7 mm.<br \/>\nPr\u016fm\u011br 6,9 mm.<br \/>\n<strong><br \/>\nProdukt je k dispozici pouze na vy\u017e\u00e1d\u00e1n\u00ed, doba dod\u00e1n\u00ed cca 5 t\u00fddn\u016f.<\/strong><\/p>","protected":false},"excerpt":{"rendered":"<p>Fenomen\u00e1ln\u00ed n\u00e1u\u0161nice z 18kar\u00e1tov\u00e9ho zlata s v\u00fdraznou kompozic\u00ed z\u00e1hn\u011bdy a diamant\u016f. Osm fasetovan\u00fdch kamen\u016f syt\u011b kou\u0159ov\u00e9 barvy v kombinaci se 76 diamanty p\u016fsob\u00ed mimo\u0159\u00e1dn\u011b elegantn\u011b a z\u00e1rove\u0148 smysln\u011b. Jejich sofistikovan\u00fd tvar a dlouh\u00e9, visac\u00ed linie kr\u00e1sn\u011b prodlou\u017e\u00ed siluetu a dodaj\u00ed luxusn\u00ed n\u00e1dech ka\u017ed\u00e9mu vzhledu. Skv\u011ble se hod\u00ed pro ve\u010dern\u00ed a v\u00fdjime\u010dn\u00e9 p\u0159\u00edle\u017eitosti.<\/p>","protected":false},"featured_media":2263,"comment_status":"closed","ping_status":"closed","template":"","meta":{"om_disable_all_campaigns":false},"product_brand":[2284],"product_cat":[1803,199,6858],"product_tag":[2338,2337,2754,3308,2317,3311,2770,2667,3310,3312,3309,2336,2522],"class_list":{"0":"post-14183","1":"product","2":"type-product","3":"status-publish","4":"has-post-thumbnail","6":"product_brand-staviori","7":"product_cat-brylanty-exclusive","8":"product_cat-kolczyki","9":"product_cat-kolczyki-brylanty-exclusive","10":"product_tag-18k","11":"product_tag-2337","12":"product_tag-bizuteria-wieczorowa","13":"product_tag-dse1637b","14":"product_tag-elegancka-bizuteria","15":"product_tag-kolczyki-ekskluzywne","16":"product_tag-kolczyki-wiszace","17":"product_tag-kolczyki-z-diamentami","18":"product_tag-kolczyki-z-kwarcem-dymnym","19":"product_tag-krd4047","20":"product_tag-olczyki-luksusowe","21":"product_tag-rozowe-zloto","22":"product_tag-zolte-zloto","23":"pa_barwa-g-h","24":"pa_czystosc-si1","25":"pa_dlugosc-56-5mm","26":"pa_dostawca-draco","27":"pa_kamien-brylanty","28":"pa_kamien-kwarc-dymny","29":"pa_kolor-zolte","30":"pa_kruszec-zloto","31":"pa_proba-0-750","32":"pa_szerokosc-13-7mm","33":"pa_waga-730g","34":"pa_zapiecie-sztyft","36":"first","37":"onbackorder","38":"purchasable","39":"product-type-simple"},"aioseo_notices":[],"_links":{"self":[{"href":"https:\/\/staviori.com.pl\/cs\/wp-json\/wp\/v2\/product\/14183","targetHints":{"allow":["GET"]}}],"collection":[{"href":"https:\/\/staviori.com.pl\/cs\/wp-json\/wp\/v2\/product"}],"about":[{"href":"https:\/\/staviori.com.pl\/cs\/wp-json\/wp\/v2\/types\/product"}],"replies":[{"embeddable":true,"href":"https:\/\/staviori.com.pl\/cs\/wp-json\/wp\/v2\/comments?post=14183"}],"wp:featuredmedia":[{"embeddable":true,"href":"https:\/\/staviori.com.pl\/cs\/wp-json\/wp\/v2\/media\/2263"}],"wp:attachment":[{"href":"https:\/\/staviori.com.pl\/cs\/wp-json\/wp\/v2\/media?parent=14183"}],"wp:term":[{"taxonomy":"product_brand","embeddable":true,"href":"https:\/\/staviori.com.pl\/cs\/wp-json\/wp\/v2\/product_brand?post=14183"},{"taxonomy":"product_cat","embeddable":true,"href":"https:\/\/staviori.com.pl\/cs\/wp-json\/wp\/v2\/product_cat?post=14183"},{"taxonomy":"product_tag","embeddable":true,"href":"https:\/\/staviori.com.pl\/cs\/wp-json\/wp\/v2\/product_tag?post=14183"}],"curies":[{"name":"wp","href":"https:\/\/api.w.org\/{rel}","templated":true}]}}