{"id":14182,"date":"2025-02-24T22:46:03","date_gmt":"2025-02-24T21:46:03","guid":{"rendered":"https:\/\/staviori.com.pl\/product\/bizuteria-inwestycyjna-kolczyk-krd4045\/"},"modified":"2026-02-11T00:08:42","modified_gmt":"2026-02-10T23:08:42","slug":"bizuteria-inwestycyjna-kolczyk-krd4045","status":"publish","type":"product","link":"https:\/\/staviori.com.pl\/cs\/product\/bizuteria-inwestycyjna-kolczyk-krd4045\/","title":{"rendered":"Exkluzivn\u00ed | n\u00e1u\u0161nice z r\u016f\u017eov\u00e9ho zlata s ametysty a diamanty"},"content":{"rendered":"<p>Model: DSE1700<br \/>\nHmotnost p\u0159ibli\u017en\u011b 5,52 g<\/p>\n<p>N\u00e1u\u0161nice.<br \/>\nR\u016f\u017eov\u00e9 zlato 0,750.<br \/>\n48 diamant\u016f, briliantov\u00fd brus, hmotnost cca 0,66ct, barva G-H, \u010distota SI1.<br \/>\n2 ametysty o hmotnosti p\u0159ibli\u017en\u011b 5,79ct.<\/p>\n<p>D\u00e9lka 40 mm.<br \/>\n\u0160\u00ed\u0159ka 7-8,4 mm.<br \/>\nTlou\u0161\u0165ka 5,6 mm.<\/p>\n<p><strong>Produkt je k dispozici pouze na vy\u017e\u00e1d\u00e1n\u00ed, doba dod\u00e1n\u00ed cca 5 t\u00fddn\u016f.<\/strong><\/p>","protected":false},"excerpt":{"rendered":"<p>Fenomen\u00e1ln\u00ed n\u00e1u\u0161nice z 18kar\u00e1tov\u00e9ho r\u016f\u017eov\u00e9ho zlata, kter\u00e9 zaujmou svou eleganc\u00ed a jemn\u00fdm t\u0159pytem. Zdob\u00ed je 48 diamant\u016f a p\u016fsobiv\u00e9 ametysty ve tvaru slzy, kter\u00e9 vytv\u00e1\u0159ej\u00ed jedine\u010dnou kompozici luxusu a t\u0159\u00eddy. Jejich rafinovan\u00fd tvar a romantick\u00e9 barvy z nich \u010din\u00ed dokonalou volbu pro ve\u010dern\u00ed vych\u00e1zky a v\u00fdjime\u010dn\u00e9 p\u0159\u00edle\u017eitosti. Jedn\u00e1 se o \u0161perky, kter\u00e9 nejen zdob\u00ed, ale tak\u00e9 p\u0159itahuj\u00ed pozornost.<\/p>","protected":false},"featured_media":17982,"comment_status":"closed","ping_status":"closed","template":"","meta":{"om_disable_all_campaigns":false},"product_brand":[2284],"product_cat":[1803,6858,199],"product_tag":[2276,2612,3133,2760,2686,3305,2672,3313,2336],"class_list":{"0":"post-14182","1":"product","2":"type-product","3":"status-publish","4":"has-post-thumbnail","6":"product_brand-staviori","7":"product_cat-brylanty-exclusive","8":"product_cat-kolczyki-brylanty-exclusive","9":"product_cat-kolczyki","10":"product_tag-bizuteria-ekskluzywna","11":"product_tag-bizuteria-z-kamieniami","12":"product_tag-kolczyki-eleganckie","13":"product_tag-kolczyki-luksusowe","14":"product_tag-kolczyki-wieczorowe","15":"product_tag-kolczyki-z-ametystami","16":"product_tag-kolczyki-z-brylantami","17":"product_tag-krd4045","18":"product_tag-rozowe-zloto","19":"pa_barwa-g-h","20":"pa_czystosc-si1","21":"pa_dlugosc-40mm","22":"pa_dostawca-draco","23":"pa_kamien-ametysty","24":"pa_kamien-biale-diamenty","25":"pa_kamien-brylanty","26":"pa_kolor-rozowe","27":"pa_kruszec-zloto","28":"pa_proba-0-750","29":"pa_szerokosc-7-8-4mm","30":"pa_waga-550g","31":"pa_zapiecie-sztyft","33":"first","34":"onbackorder","35":"purchasable","36":"product-type-simple"},"aioseo_notices":[],"_links":{"self":[{"href":"https:\/\/staviori.com.pl\/cs\/wp-json\/wp\/v2\/product\/14182","targetHints":{"allow":["GET"]}}],"collection":[{"href":"https:\/\/staviori.com.pl\/cs\/wp-json\/wp\/v2\/product"}],"about":[{"href":"https:\/\/staviori.com.pl\/cs\/wp-json\/wp\/v2\/types\/product"}],"replies":[{"embeddable":true,"href":"https:\/\/staviori.com.pl\/cs\/wp-json\/wp\/v2\/comments?post=14182"}],"wp:featuredmedia":[{"embeddable":true,"href":"https:\/\/staviori.com.pl\/cs\/wp-json\/wp\/v2\/media\/17982"}],"wp:attachment":[{"href":"https:\/\/staviori.com.pl\/cs\/wp-json\/wp\/v2\/media?parent=14182"}],"wp:term":[{"taxonomy":"product_brand","embeddable":true,"href":"https:\/\/staviori.com.pl\/cs\/wp-json\/wp\/v2\/product_brand?post=14182"},{"taxonomy":"product_cat","embeddable":true,"href":"https:\/\/staviori.com.pl\/cs\/wp-json\/wp\/v2\/product_cat?post=14182"},{"taxonomy":"product_tag","embeddable":true,"href":"https:\/\/staviori.com.pl\/cs\/wp-json\/wp\/v2\/product_tag?post=14182"}],"curies":[{"name":"wp","href":"https:\/\/api.w.org\/{rel}","templated":true}]}}