{"id":14179,"date":"2025-02-24T22:46:03","date_gmt":"2025-02-24T21:46:03","guid":{"rendered":"https:\/\/staviori.com.pl\/product\/bizuteria-inwestycyjna-kolczyk-krd4017\/"},"modified":"2026-02-11T00:08:42","modified_gmt":"2026-02-10T23:08:42","slug":"bizuteria-inwestycyjna-kolczyk-krd4017","status":"publish","type":"product","link":"https:\/\/staviori.com.pl\/cs\/product\/bizuteria-inwestycyjna-kolczyk-krd4017\/","title":{"rendered":"Exkluzivn\u00ed | n\u00e1u\u0161nice z r\u016f\u017eov\u00e9ho zlata s topazem a diamanty"},"content":{"rendered":"<p>Model: DSE1748<br \/>\nWaga ok. 2,89g<\/p>\n<p>N\u00e1u\u0161nice.<br \/>\nR\u016f\u017eov\u00e9 zlato 0,750.<br \/>\n56 Diament\u00f3w, szlif brylantowy, o masie ok. 0,17ct, barwa G-H, czysto\u015b\u0107 SI1.<br \/>\n2 Topazy bia\u0142e, o masie ok. 2,77ct.<\/p>\n<p>Szeroko\u015b\u0107 9.7 mm.<br \/>\nGrubo\u015b\u0107 6.3 mm.<\/p>\n<p><strong>Produkt je k dispozici pouze na vy\u017e\u00e1d\u00e1n\u00ed, doba dod\u00e1n\u00ed cca 5 t\u00fddn\u016f.<\/strong><\/p>","protected":false},"excerpt":{"rendered":"<p>Zjawiskowe kolczyki z r\u00f3\u017cowego z\u0142ota pr\u00f3by 0,750 z l\u015bni\u0105cymi bia\u0142ymi topazami o \u0142\u0105cznej masie 2,77 ct, otoczonymi subtelnym diamentowym blaskiem. 56 diament\u00f3w w szlifie brylantowym podkre\u015bla szlachetno\u015b\u0107 kamieni i dodaje ca\u0142o\u015bci eleganckiego wyrazu. To doskona\u0142a propozycja dla kobiet, kt\u00f3re ceni\u0105 wyrafinowan\u0105 form\u0119 i ponadczasowy styl. Idealne zar\u00f3wno na wyj\u0105tkowe okazje, jak i jako luksusowy akcent codziennej stylizacji.<\/p>","protected":false},"featured_media":17997,"comment_status":"closed","ping_status":"closed","template":"","meta":{"om_disable_all_campaigns":false},"product_brand":[2284],"product_cat":[1803,199,6858],"product_tag":[2689,3324,2660,2755,2667,2895,3323,2280,2336],"class_list":{"0":"post-14179","1":"product","2":"type-product","3":"status-publish","4":"has-post-thumbnail","6":"product_brand-staviori","7":"product_cat-brylanty-exclusive","8":"product_cat-kolczyki","9":"product_cat-kolczyki-brylanty-exclusive","10":"product_tag-bizuteria-z-kamieniami-szlachetnymi","11":"product_tag-dse1748","12":"product_tag-eleganckie-kolczyki","13":"product_tag-kolczyki-na-zamowienie","14":"product_tag-kolczyki-z-diamentami","15":"product_tag-kolczyki-z-topazem","16":"product_tag-krd4017","17":"product_tag-luksusowa-bizuteria","18":"product_tag-rozowe-zloto","19":"pa_barwa-g-h","20":"pa_czystosc-si1","21":"pa_dostawca-draco","22":"pa_grubosc-6-3mm","23":"pa_kamien-biale-diamenty","24":"pa_kamien-brylanty","25":"pa_kamien-topaz-bialy","26":"pa_kolor-rozowe","27":"pa_kruszec-zloto","28":"pa_proba-0-750","29":"pa_szerokosc-9-7mm","30":"pa_waga-290g","31":"pa_zapiecie-sztyft","33":"first","34":"onbackorder","35":"purchasable","36":"product-type-simple"},"aioseo_notices":[],"_links":{"self":[{"href":"https:\/\/staviori.com.pl\/cs\/wp-json\/wp\/v2\/product\/14179","targetHints":{"allow":["GET"]}}],"collection":[{"href":"https:\/\/staviori.com.pl\/cs\/wp-json\/wp\/v2\/product"}],"about":[{"href":"https:\/\/staviori.com.pl\/cs\/wp-json\/wp\/v2\/types\/product"}],"replies":[{"embeddable":true,"href":"https:\/\/staviori.com.pl\/cs\/wp-json\/wp\/v2\/comments?post=14179"}],"wp:featuredmedia":[{"embeddable":true,"href":"https:\/\/staviori.com.pl\/cs\/wp-json\/wp\/v2\/media\/17997"}],"wp:attachment":[{"href":"https:\/\/staviori.com.pl\/cs\/wp-json\/wp\/v2\/media?parent=14179"}],"wp:term":[{"taxonomy":"product_brand","embeddable":true,"href":"https:\/\/staviori.com.pl\/cs\/wp-json\/wp\/v2\/product_brand?post=14179"},{"taxonomy":"product_cat","embeddable":true,"href":"https:\/\/staviori.com.pl\/cs\/wp-json\/wp\/v2\/product_cat?post=14179"},{"taxonomy":"product_tag","embeddable":true,"href":"https:\/\/staviori.com.pl\/cs\/wp-json\/wp\/v2\/product_tag?post=14179"}],"curies":[{"name":"wp","href":"https:\/\/api.w.org\/{rel}","templated":true}]}}