{"id":14176,"date":"2025-02-24T22:45:58","date_gmt":"2025-02-24T21:45:58","guid":{"rendered":"https:\/\/staviori.com.pl\/product\/kolczyk-z-brylantami-krd2556\/"},"modified":"2026-02-11T00:08:42","modified_gmt":"2026-02-10T23:08:42","slug":"kolczyk-z-brylantami-krd2556","status":"publish","type":"product","link":"https:\/\/staviori.com.pl\/cs\/product\/kolczyk-z-brylantami-krd2556\/","title":{"rendered":"N\u00e1u\u0161nice z r\u016f\u017eov\u00e9ho zlata s diamanty - KRD2556"},"content":{"rendered":"<p>Model: KRD2556<br \/>\nWaga ok. 0,68g<\/p>\n<p>N\u00e1u\u0161nice.<br \/>\nR\u016f\u017eov\u00e9 zlato 0,585.<br \/>\n2 Diamenty, szlif brylantowy, o masie 0,10ct, barwa G-H, czysto\u015b\u0107 SI1-SI2.<\/p>\n<p>\u015arednica 3.15 mm.<br \/>\nGrubo\u015b\u0107 2.30 mm.<\/p>\n<p>Dost\u0119pne na indywidualne zam\u00f3wienie z dowolnym innym brylantem.<\/p>","protected":false},"excerpt":{"rendered":"<p>Klasyczne kolczyki sztyfty wykonane z 14-karatowego r\u00f3\u017cowego z\u0142ota to kwintesencja ponadczasowej elegancji. Oprawione w pe\u0142en blasku brylanty o masie 0,10 ct cudownie roz\u015bwietlaj\u0105 twarz i podkre\u015blaj\u0105 urod\u0119. Subtelna forma i wysoka jako\u015b\u0107 kamieni sprawiaj\u0105, \u017ce ten model b\u0119dzie idealnym dodatkiem zar\u00f3wno na co dzie\u0144, jak i na specjalne okazje. To bi\u017cuteria, kt\u00f3ra nigdy nie wychodzi z mody.<\/p>","protected":false},"featured_media":17955,"comment_status":"closed","ping_status":"closed","template":"","meta":{"om_disable_all_campaigns":false},"product_brand":[2284],"product_cat":[1838,1990,199],"product_tag":[2301,2317,3062,2665,2667,3276,2291,2336],"class_list":{"0":"post-14176","1":"product","2":"type-product","3":"status-publish","4":"has-post-thumbnail","6":"product_brand-staviori","7":"product_cat-diamenty","8":"product_cat-kolczyk-z-brylantami","9":"product_cat-kolczyki","10":"product_tag-brylanty","11":"product_tag-elegancka-bizuteria","12":"product_tag-kolczyki-klasyczne","13":"product_tag-kolczyki-sztyfty","14":"product_tag-kolczyki-z-diamentami","15":"product_tag-krd2556","16":"product_tag-prezent-dla-niej","17":"product_tag-rozowe-zloto","18":"pa_barwa-g-h","19":"pa_czystosc-si1","20":"pa_dostawca-estrella","21":"pa_grubosc-2-30mm","22":"pa_kamien-diament","23":"pa_kolor-rozowe","24":"pa_kruszec-zloto","25":"pa_proba-0-585","26":"pa_srednica-3-15mm","27":"pa_waga-068g","28":"pa_zapiecie-sztyft","30":"first","31":"instock","32":"purchasable","33":"product-type-simple"},"aioseo_notices":[],"_links":{"self":[{"href":"https:\/\/staviori.com.pl\/cs\/wp-json\/wp\/v2\/product\/14176","targetHints":{"allow":["GET"]}}],"collection":[{"href":"https:\/\/staviori.com.pl\/cs\/wp-json\/wp\/v2\/product"}],"about":[{"href":"https:\/\/staviori.com.pl\/cs\/wp-json\/wp\/v2\/types\/product"}],"replies":[{"embeddable":true,"href":"https:\/\/staviori.com.pl\/cs\/wp-json\/wp\/v2\/comments?post=14176"}],"wp:featuredmedia":[{"embeddable":true,"href":"https:\/\/staviori.com.pl\/cs\/wp-json\/wp\/v2\/media\/17955"}],"wp:attachment":[{"href":"https:\/\/staviori.com.pl\/cs\/wp-json\/wp\/v2\/media?parent=14176"}],"wp:term":[{"taxonomy":"product_brand","embeddable":true,"href":"https:\/\/staviori.com.pl\/cs\/wp-json\/wp\/v2\/product_brand?post=14176"},{"taxonomy":"product_cat","embeddable":true,"href":"https:\/\/staviori.com.pl\/cs\/wp-json\/wp\/v2\/product_cat?post=14176"},{"taxonomy":"product_tag","embeddable":true,"href":"https:\/\/staviori.com.pl\/cs\/wp-json\/wp\/v2\/product_tag?post=14176"}],"curies":[{"name":"wp","href":"https:\/\/api.w.org\/{rel}","templated":true}]}}