{"id":14175,"date":"2025-02-24T22:45:58","date_gmt":"2025-02-24T21:45:58","guid":{"rendered":"https:\/\/staviori.com.pl\/product\/kolczyk-z-brylantami-krd2007\/"},"modified":"2026-02-11T00:08:42","modified_gmt":"2026-02-10T23:08:42","slug":"kolczyk-z-brylantami-krd2007","status":"publish","type":"product","link":"https:\/\/staviori.com.pl\/cs\/product\/kolczyk-z-brylantami-krd2007\/","title":{"rendered":"Kr\u00e1sn\u00e9 dlouh\u00e9 n\u00e1u\u0161nice s diamanty - KRD2007"},"content":{"rendered":"<p>Model: KRD2007<br \/>\nWaga ok. 0,52g<\/p>\n<p>N\u00e1u\u0161nice.<br \/>\nR\u016f\u017eov\u00e9 zlato 0,585.<br \/>\n2 Diamenty, szlif brylantowy, o masie 0,04ct, barwa H, czysto\u015b\u0107 I1.<\/p>\n<p>D\u0142ugo\u015b\u0107 35 mm.<br \/>\n\u015arednica 2 mm.<\/p>\n<p>Pi\u0119kne kolczyki z r\u00f3\u017cowego z\u0142ota, przek\u0142adane przez ucho.<\/p>","protected":false},"excerpt":{"rendered":"<p>Zachwycaj\u0105ce kolczyki z 14-karatowego r\u00f3\u017cowego z\u0142ota o subtelnej formie i nowoczesnym charakterze. Delikatny \u0142a\u0144cuszek przewlekany przez ucho zako\u0144czony zosta\u0142 l\u015bni\u0105cym diamentem o szlifie brylantowym, kt\u00f3ry pi\u0119knie odbija \u015bwiat\u0142o przy ka\u017cdym ruchu. Minimalistyczny design i precyzyjne wykonanie sprawiaj\u0105, \u017ce to bi\u017cuteria idealna dla kobiet ceni\u0105cych elegancj\u0119 i nietuzinkowy styl. Perfekcyjny wyb\u00f3r na prezent lub wyj\u0105tkow\u0105 okazj\u0119.<\/p>","protected":false},"featured_media":2234,"comment_status":"closed","ping_status":"closed","template":"","meta":{"om_disable_all_campaigns":false},"product_brand":[2284],"product_cat":[1838,1990,199],"product_tag":[2317,3271,3270,2667,3272,2687,2668,2291,3273,3274],"class_list":{"0":"post-14175","1":"product","2":"type-product","3":"status-publish","4":"has-post-thumbnail","6":"product_brand-staviori","7":"product_cat-diamenty","8":"product_cat-kolczyk-z-brylantami","9":"product_cat-kolczyki","10":"product_tag-elegancka-bizuteria","11":"product_tag-kolczyki-przewlekane","12":"product_tag-kolczyki-rozowe-zloto","13":"product_tag-kolczyki-z-diamentami","14":"product_tag-krd2007","15":"product_tag-luksusowe-kolczyki","16":"product_tag-minimalistyczne-kolczyki","17":"product_tag-prezent-dla-niej","18":"product_tag-przekladane","19":"product_tag-przewlekane","20":"pa_barwa-h-2","21":"pa_czystosc-i1","22":"pa_dlugosc-35mm","23":"pa_dostawca-estrella","24":"pa_kamien-biale-diamenty","25":"pa_kamien-brylanty","26":"pa_kolor-rozowe","27":"pa_kruszec-zloto","28":"pa_proba-0-585","29":"pa_srednica-2mm","30":"pa_waga-052g","31":"pa_zapiecie-przewlekane","33":"first","34":"instock","35":"purchasable","36":"product-type-simple"},"aioseo_notices":[],"_links":{"self":[{"href":"https:\/\/staviori.com.pl\/cs\/wp-json\/wp\/v2\/product\/14175","targetHints":{"allow":["GET"]}}],"collection":[{"href":"https:\/\/staviori.com.pl\/cs\/wp-json\/wp\/v2\/product"}],"about":[{"href":"https:\/\/staviori.com.pl\/cs\/wp-json\/wp\/v2\/types\/product"}],"replies":[{"embeddable":true,"href":"https:\/\/staviori.com.pl\/cs\/wp-json\/wp\/v2\/comments?post=14175"}],"wp:featuredmedia":[{"embeddable":true,"href":"https:\/\/staviori.com.pl\/cs\/wp-json\/wp\/v2\/media\/2234"}],"wp:attachment":[{"href":"https:\/\/staviori.com.pl\/cs\/wp-json\/wp\/v2\/media?parent=14175"}],"wp:term":[{"taxonomy":"product_brand","embeddable":true,"href":"https:\/\/staviori.com.pl\/cs\/wp-json\/wp\/v2\/product_brand?post=14175"},{"taxonomy":"product_cat","embeddable":true,"href":"https:\/\/staviori.com.pl\/cs\/wp-json\/wp\/v2\/product_cat?post=14175"},{"taxonomy":"product_tag","embeddable":true,"href":"https:\/\/staviori.com.pl\/cs\/wp-json\/wp\/v2\/product_tag?post=14175"}],"curies":[{"name":"wp","href":"https:\/\/api.w.org\/{rel}","templated":true}]}}