{"id":14174,"date":"2025-02-24T22:45:58","date_gmt":"2025-02-24T21:45:58","guid":{"rendered":"https:\/\/staviori.com.pl\/product\/kolczyk-z-brylantami-krd2006\/"},"modified":"2026-02-11T00:08:42","modified_gmt":"2026-02-10T23:08:42","slug":"kolczyk-z-brylantami-krd2006","status":"publish","type":"product","link":"https:\/\/staviori.com.pl\/cs\/product\/kolczyk-z-brylantami-krd2006\/","title":{"rendered":"Staviori | Visac\u00ed n\u00e1u\u0161nice s p\u0159ekr\u00e1sn\u00fdmi diamanty ve tvaru bagety z r\u016f\u017eov\u00e9ho zlata 585"},"content":{"rendered":"<p>Model: KRD2006<br \/>\nWaga ok. 0,50g<\/p>\n<p>N\u00e1u\u0161nice.<br \/>\nR\u016f\u017eov\u00e9 zlato 0,585.<br \/>\n2 Diamenty, szlif bagieta, o masie 0,10ct, barwa H, czysto\u015b\u0107 I1.<\/p>\n<p>D\u0142ugo\u015b\u0107 36 mm.<br \/>\nWymiary 2.3&#215;4.3 mm.<\/p>\n<p>Pi\u0119kne, wisz\u0105ce kolczyki z r\u00f3\u017cowego z\u0142ota z diamentami w szlifie bagietowym.<\/p>","protected":false},"excerpt":{"rendered":"<p>Fenomen\u00e1ln\u00ed n\u00e1u\u0161nice z r\u016f\u017eov\u00e9ho zlata 0,585 pot\u011b\u0161\u00ed sv\u00fdm minimalistick\u00fdm designem a jemn\u00fdm t\u0159pytem diamant\u016f brou\u0161en\u00fdch do bagetky. Jejich jemn\u00fd, podlouhl\u00fd tvar kr\u00e1sn\u011b ze\u0161t\u00edhl\u00ed krk a dod\u00e1 \u0161mrnc ka\u017ed\u00e9 stylizaci. Jsou vynikaj\u00edc\u00ed volbou pro \u017eeny, kter\u00e9 ocen\u00ed eleganci v modern\u00edm vyd\u00e1n\u00ed a nad\u010dasov\u00fd p\u016fvab prav\u00e9ho zlata.<\/p>","protected":false},"featured_media":2227,"comment_status":"closed","ping_status":"closed","template":"","meta":{"om_disable_all_campaigns":false},"product_brand":[2284],"product_cat":[1838,1990,199,6752],"product_tag":[4396,6817,4981,3829,2660,6298,2667,6813,2708,6816,6815,6814,6556,2771,6226],"class_list":{"0":"post-14174","1":"product","2":"type-product","3":"status-publish","4":"has-post-thumbnail","6":"product_brand-staviori","7":"product_cat-diamenty","8":"product_cat-kolczyk-z-brylantami","9":"product_cat-kolczyki","10":"product_cat-kolekcja-staviori-must-have","11":"product_tag-4396","12":"product_tag-bagiety","13":"product_tag-baguette-cut","14":"product_tag-diamond-earrings","15":"product_tag-eleganckie-kolczyki","16":"product_tag-gold-585","17":"product_tag-kolczyki-z-diamentami","18":"product_tag-kolczyki-z-rozowego-zlota","19":"product_tag-kolczyki-zlote","20":"product_tag-krd2006","21":"product_tag-nausnice-diamanty","22":"product_tag-ohrringe-diamant","23":"product_tag-rose-gold-jewelry","24":"product_tag-wiszace-kolczyki","25":"product_tag-zloto-rozowe-585","26":"pa_barwa-h-2","27":"pa_czystosc-i1","28":"pa_dlugosc-36mm","29":"pa_dostawca-estrella","30":"pa_kamien-diamenty-bagietowe","31":"pa_kolor-rozowe","32":"pa_kruszec-zloto","33":"pa_proba-0-585","34":"pa_waga-050g","35":"pa_wymiary-2-3x4-3mm","36":"pa_zapiecie-przewlekane","38":"first","39":"instock","40":"purchasable","41":"product-type-simple"},"aioseo_notices":[],"_links":{"self":[{"href":"https:\/\/staviori.com.pl\/cs\/wp-json\/wp\/v2\/product\/14174","targetHints":{"allow":["GET"]}}],"collection":[{"href":"https:\/\/staviori.com.pl\/cs\/wp-json\/wp\/v2\/product"}],"about":[{"href":"https:\/\/staviori.com.pl\/cs\/wp-json\/wp\/v2\/types\/product"}],"replies":[{"embeddable":true,"href":"https:\/\/staviori.com.pl\/cs\/wp-json\/wp\/v2\/comments?post=14174"}],"wp:featuredmedia":[{"embeddable":true,"href":"https:\/\/staviori.com.pl\/cs\/wp-json\/wp\/v2\/media\/2227"}],"wp:attachment":[{"href":"https:\/\/staviori.com.pl\/cs\/wp-json\/wp\/v2\/media?parent=14174"}],"wp:term":[{"taxonomy":"product_brand","embeddable":true,"href":"https:\/\/staviori.com.pl\/cs\/wp-json\/wp\/v2\/product_brand?post=14174"},{"taxonomy":"product_cat","embeddable":true,"href":"https:\/\/staviori.com.pl\/cs\/wp-json\/wp\/v2\/product_cat?post=14174"},{"taxonomy":"product_tag","embeddable":true,"href":"https:\/\/staviori.com.pl\/cs\/wp-json\/wp\/v2\/product_tag?post=14174"}],"curies":[{"name":"wp","href":"https:\/\/api.w.org\/{rel}","templated":true}]}}