{"id":14163,"date":"2025-02-24T22:45:58","date_gmt":"2025-02-24T21:45:58","guid":{"rendered":"https:\/\/staviori.com.pl\/product\/srebrne-kolczyki-kds5977\/"},"modified":"2026-02-11T00:08:40","modified_gmt":"2026-02-10T23:08:40","slug":"srebrne-kolczyki-kds5977","status":"publish","type":"product","link":"https:\/\/staviori.com.pl\/cs\/product\/srebrne-kolczyki-kds5977\/","title":{"rendered":"Pozlacen\u00e9 st\u0159\u00edbrn\u00e9 n\u00e1u\u0161nice - List Monstery - KDS5977"},"content":{"rendered":"<p>Model: KDS5977<br \/>\nWaga ok. 0,70g<\/p>\n<p>N\u00e1u\u0161nice.<br \/>\nSt\u0159\u00edbro 0.925 pokoven\u00e9 \u017elut\u00fdm zlatem<\/p>\n<p>D\u0142ugo\u015b\u0107 10 mm.<br \/>\nSzeroko\u015b\u0107 9 mm.<\/p>\n<p>Kolczyki srebrne, poz\u0142acane, z zapi\u0119ciem na sztyft, w kszta\u0142cie li\u015bci Monstera<\/p>","protected":false},"excerpt":{"rendered":"<p>Staviori Kolczyki. Srebro 0,925.  pokryte \u017c\u00f3\u0142tym z\u0142otem D\u0142ugo\u015b\u0107 10 mm. Szeroko\u015b\u0107 9 mm.   Kolczyki srebrne, poz\u0142acane, z zapi\u0119ciem na sztyft, w kszta\u0142cie li\u015bci Monstera<\/p>","protected":false},"featured_media":17938,"comment_status":"closed","ping_status":"closed","template":"","meta":{"om_disable_all_campaigns":false},"product_brand":[2284],"product_cat":[199,1818,1817],"product_tag":[3262,3265,3266,3263,3264,3267],"class_list":{"0":"post-14163","1":"product","2":"type-product","3":"status-publish","4":"has-post-thumbnail","6":"product_brand-staviori","7":"product_cat-kolczyki","8":"product_cat-srebrne-kolczyki","9":"product_cat-srebro-2","10":"product_tag-kds5977","11":"product_tag-kolczyki-w-sztalcie-liscia","12":"product_tag-lisc","13":"product_tag-lisc-monstera","14":"product_tag-pozlacane-srebrne-kolczyki","15":"product_tag-roslinne","16":"pa_dlugosc-10mm","17":"pa_kruszec-srebro","18":"pa_kruszec-srebro-pozlacane","19":"pa_motyw-lisc","20":"pa_proba-0-925","21":"pa_szerokosc-9mm","22":"pa_waga-070g","23":"pa_zapiecie-sztyft","25":"first","26":"instock","27":"purchasable","28":"product-type-simple"},"aioseo_notices":[],"_links":{"self":[{"href":"https:\/\/staviori.com.pl\/cs\/wp-json\/wp\/v2\/product\/14163","targetHints":{"allow":["GET"]}}],"collection":[{"href":"https:\/\/staviori.com.pl\/cs\/wp-json\/wp\/v2\/product"}],"about":[{"href":"https:\/\/staviori.com.pl\/cs\/wp-json\/wp\/v2\/types\/product"}],"replies":[{"embeddable":true,"href":"https:\/\/staviori.com.pl\/cs\/wp-json\/wp\/v2\/comments?post=14163"}],"wp:featuredmedia":[{"embeddable":true,"href":"https:\/\/staviori.com.pl\/cs\/wp-json\/wp\/v2\/media\/17938"}],"wp:attachment":[{"href":"https:\/\/staviori.com.pl\/cs\/wp-json\/wp\/v2\/media?parent=14163"}],"wp:term":[{"taxonomy":"product_brand","embeddable":true,"href":"https:\/\/staviori.com.pl\/cs\/wp-json\/wp\/v2\/product_brand?post=14163"},{"taxonomy":"product_cat","embeddable":true,"href":"https:\/\/staviori.com.pl\/cs\/wp-json\/wp\/v2\/product_cat?post=14163"},{"taxonomy":"product_tag","embeddable":true,"href":"https:\/\/staviori.com.pl\/cs\/wp-json\/wp\/v2\/product_tag?post=14163"}],"curies":[{"name":"wp","href":"https:\/\/api.w.org\/{rel}","templated":true}]}}