{"id":14136,"date":"2025-02-24T22:45:54","date_gmt":"2025-02-24T21:45:54","guid":{"rendered":"https:\/\/staviori.com.pl\/product\/perly-ze-srebrem-kdn6483\/"},"modified":"2026-02-11T00:08:40","modified_gmt":"2026-02-10T23:08:40","slug":"perly-ze-srebrem-kdn6483","status":"publish","type":"product","link":"https:\/\/staviori.com.pl\/cs\/product\/perly-ze-srebrem-kdn6483\/","title":{"rendered":"Pozlacen\u00e9 st\u0159\u00edbrn\u00e9 n\u00e1u\u0161nice s perlami - KDN6483"},"content":{"rendered":"<p>Model: KDN6483<br \/>\nWaga ok. 3,15g<\/p>\n<p>N\u00e1u\u0161nice.<br \/>\nSt\u0159\u00edbro 0.925 pokoven\u00e9 \u017elut\u00fdm zlatem<br \/>\nP\u0159\u00edrodn\u00ed sladkovodn\u00ed kultivovan\u00e9 perly.<\/p>\n<p>Wymiary kamieni ok. 3-3.5 mm.<\/p>","protected":false},"excerpt":{"rendered":"<p>Stylowe kolczyki o nowoczesnym charakterze, wykonane ze srebra 0,925 pokrytego \u017c\u00f3\u0142tym z\u0142otem, to po\u0142\u0105czenie elegancji i wyrafinowanego designu. Trzy naturalne per\u0142y hodowane, subtelnie rozmieszczone na froncie, dodaj\u0105 im klasy i kobiecego uroku. Ich geometryczna forma w stylu p\u00f3\u0142k\u00f3\u0142ek doskonale podkre\u015bli zar\u00f3wno codzienne, jak i wieczorowe stylizacje. Idealny wyb\u00f3r dla kobiet ceni\u0105cych modn\u0105 bi\u017cuteri\u0119 z per\u0142owym akcentem.<\/p>","protected":false},"featured_media":14137,"comment_status":"closed","ping_status":"closed","template":"","meta":{"om_disable_all_campaigns":false},"product_brand":[2284,2350],"product_cat":[1393,1919,1817],"product_tag":[2317,3232,3231,3196,3146,1396,1395,3233,3029,2427],"class_list":{"0":"post-14136","1":"product","2":"type-product","3":"status-publish","4":"has-post-thumbnail","6":"product_brand-staviori","7":"product_brand-verona","8":"product_cat-perly","9":"product_cat-perly-ze-srebrem","10":"product_cat-srebro-2","11":"product_tag-elegancka-bizuteria","12":"product_tag-js52676","13":"product_tag-kdn6483","14":"product_tag-kolczyki-nowoczesne","15":"product_tag-kolczyki-polkola","16":"product_tag-kolczyki-srebrne","17":"product_tag-kolczyki-z-perlami","18":"product_tag-kolczyki-zlocone","19":"product_tag-perly-hodowane","20":"product_tag-srebro-925","21":"pa_kamien-naturalne-perly-hodowane-slodkowodne","22":"pa_kruszec-srebro","23":"pa_kruszec-srebro-pozlacane","24":"pa_proba-0-925","25":"pa_waga-315g","26":"pa_wymiary-kamieni-ok-3-3-5mm","27":"pa_zapiecie-szarnir","29":"first","30":"instock","31":"purchasable","32":"product-type-simple"},"aioseo_notices":[],"_links":{"self":[{"href":"https:\/\/staviori.com.pl\/cs\/wp-json\/wp\/v2\/product\/14136","targetHints":{"allow":["GET"]}}],"collection":[{"href":"https:\/\/staviori.com.pl\/cs\/wp-json\/wp\/v2\/product"}],"about":[{"href":"https:\/\/staviori.com.pl\/cs\/wp-json\/wp\/v2\/types\/product"}],"replies":[{"embeddable":true,"href":"https:\/\/staviori.com.pl\/cs\/wp-json\/wp\/v2\/comments?post=14136"}],"wp:featuredmedia":[{"embeddable":true,"href":"https:\/\/staviori.com.pl\/cs\/wp-json\/wp\/v2\/media\/14137"}],"wp:attachment":[{"href":"https:\/\/staviori.com.pl\/cs\/wp-json\/wp\/v2\/media?parent=14136"}],"wp:term":[{"taxonomy":"product_brand","embeddable":true,"href":"https:\/\/staviori.com.pl\/cs\/wp-json\/wp\/v2\/product_brand?post=14136"},{"taxonomy":"product_cat","embeddable":true,"href":"https:\/\/staviori.com.pl\/cs\/wp-json\/wp\/v2\/product_cat?post=14136"},{"taxonomy":"product_tag","embeddable":true,"href":"https:\/\/staviori.com.pl\/cs\/wp-json\/wp\/v2\/product_tag?post=14136"}],"curies":[{"name":"wp","href":"https:\/\/api.w.org\/{rel}","templated":true}]}}