{"id":14127,"date":"2025-02-24T22:45:54","date_gmt":"2025-02-24T21:45:54","guid":{"rendered":"https:\/\/staviori.com.pl\/product\/srebrne-kolczyki-kdm6140o\/"},"modified":"2026-02-11T00:08:40","modified_gmt":"2026-02-10T23:08:40","slug":"srebrne-kolczyki-kdm6140o","status":"publish","type":"product","link":"https:\/\/staviori.com.pl\/cs\/product\/srebrne-kolczyki-kdm6140o\/","title":{"rendered":"St\u0159\u00edbrn\u00e9 n\u00e1u\u0161nice s onyxem a markazity - KDM6140O"},"content":{"rendered":"<p>Model: KDM6140O<br \/>\nHmotnost p\u0159ibli\u017en\u011b 2,10 g<\/p>\n<p>N\u00e1u\u0161nice.<br \/>\nSt\u0159\u00edbro 0,925.<br \/>\nOnyx.<br \/>\nMarkazit\u00e9.<\/p>\n<p>D\u0142ugo\u015b\u0107 11 mm.<br \/>\n\u015arednica 7 mm.<br \/>\n\u015arednica 4 mm.<\/p>","protected":false},"excerpt":{"rendered":"<p>Tyto jedine\u010dn\u00e9 n\u00e1u\u0161nice ze st\u0159\u00edbra 0,925 jsou elegantn\u00ed kombinac\u00ed syt\u011b \u010dern\u00e9ho onyxu s jemn\u00fdm leskem markazit\u016f. Klasick\u00fd tvar a kontrastn\u00ed kameny dod\u00e1vaj\u00ed celku rafinovan\u00fd, lehce retro charakter. Ide\u00e1ln\u00ed pro \u017eeny, kter\u00e9 ocen\u00ed \u0161perky s du\u0161\u00ed, je\u017e vyniknou na pozad\u00ed ka\u017edodenn\u00edch dopl\u0148k\u016f. Hod\u00ed se jak k jednoduch\u00fdm \u0161at\u016fm, tak k ve\u010dern\u00edmu outfitu.<\/p>","protected":false},"featured_media":2065,"comment_status":"closed","ping_status":"closed","template":"","meta":{"om_disable_all_campaigns":false},"product_brand":[2284],"product_cat":[199,1818,1817],"product_tag":[3003,2660,3234,2664,1396,2943,3235,2427],"class_list":{"0":"post-14127","1":"product","2":"type-product","3":"status-publish","4":"has-post-thumbnail","6":"product_brand-staviori","7":"product_cat-kolczyki","8":"product_cat-srebrne-kolczyki","9":"product_cat-srebro-2","10":"product_tag-bizuteria-vintage","11":"product_tag-eleganckie-kolczyki","12":"product_tag-kdm6140o","13":"product_tag-klasyczne-kolczyki","14":"product_tag-kolczyki-srebrne","15":"product_tag-kolczyki-z-markazytami","16":"product_tag-kolczyki-z-onyksami","17":"product_tag-srebro-925","18":"pa_dlugosc-11mm","19":"pa_dostawca-markazyty-hong","20":"pa_kamien-markazyty","21":"pa_kamien-onyks","22":"pa_kruszec-srebro","23":"pa_proba-0-925","24":"pa_srednica-7mm","25":"pa_waga-210g","26":"pa_zapiecie-sztyft","28":"first","29":"instock","30":"purchasable","31":"product-type-simple"},"aioseo_notices":[],"_links":{"self":[{"href":"https:\/\/staviori.com.pl\/cs\/wp-json\/wp\/v2\/product\/14127","targetHints":{"allow":["GET"]}}],"collection":[{"href":"https:\/\/staviori.com.pl\/cs\/wp-json\/wp\/v2\/product"}],"about":[{"href":"https:\/\/staviori.com.pl\/cs\/wp-json\/wp\/v2\/types\/product"}],"replies":[{"embeddable":true,"href":"https:\/\/staviori.com.pl\/cs\/wp-json\/wp\/v2\/comments?post=14127"}],"wp:featuredmedia":[{"embeddable":true,"href":"https:\/\/staviori.com.pl\/cs\/wp-json\/wp\/v2\/media\/2065"}],"wp:attachment":[{"href":"https:\/\/staviori.com.pl\/cs\/wp-json\/wp\/v2\/media?parent=14127"}],"wp:term":[{"taxonomy":"product_brand","embeddable":true,"href":"https:\/\/staviori.com.pl\/cs\/wp-json\/wp\/v2\/product_brand?post=14127"},{"taxonomy":"product_cat","embeddable":true,"href":"https:\/\/staviori.com.pl\/cs\/wp-json\/wp\/v2\/product_cat?post=14127"},{"taxonomy":"product_tag","embeddable":true,"href":"https:\/\/staviori.com.pl\/cs\/wp-json\/wp\/v2\/product_tag?post=14127"}],"curies":[{"name":"wp","href":"https:\/\/api.w.org\/{rel}","templated":true}]}}