{"id":14126,"date":"2025-02-24T22:45:54","date_gmt":"2025-02-24T21:45:54","guid":{"rendered":"https:\/\/staviori.com.pl\/product\/srebrne-kolczyki-kdm5942\/"},"modified":"2026-02-11T00:08:40","modified_gmt":"2026-02-10T23:08:40","slug":"srebrne-kolczyki-kdm5942","status":"publish","type":"product","link":"https:\/\/staviori.com.pl\/cs\/product\/srebrne-kolczyki-kdm5942\/","title":{"rendered":"St\u0159\u00edbrn\u00e9 zelen\u00e9 n\u00e1u\u0161nice s ach\u00e1tem a markazity - KDM5942"},"content":{"rendered":"<p>Model: KDM5942<br \/>\nWaga ok. 4,60g<\/p>\n<p>N\u00e1u\u0161nice.<br \/>\nSt\u0159\u00edbro 0,925.<br \/>\nAch\u00e1t.<br \/>\nMarkazit\u00e9.<br \/>\nVelikost kamene p\u0159ibli\u017en\u011b 7\u00d75 mm.<br \/>\nD\u0142ugo\u015b\u0107 27 mm.<\/p>\n<p>Upozorn\u011bn\u00ed: V\u00fdrobek s p\u0159\u00edrodn\u00edmi kameny. Proto\u017ee se jedn\u00e1 o d\u00edlo p\u0159\u00edrody, nejsou kameny dokonal\u00e9. Mohou b\u00fdt viditeln\u00e9 p\u0159\u00edrodn\u00ed praskliny a inkluze, nejedn\u00e1 se o vadu v\u00fdrobku.<\/p>","protected":false},"excerpt":{"rendered":"<p>V\u00fdjime\u010dn\u00e9 n\u00e1u\u0161nice z rhodiovan\u00e9ho st\u0159\u00edbra o ryzosti 0,925 pot\u011b\u0161\u00ed sv\u00fdm klasick\u00fdm stylem inspirovan\u00fdm art d\u00e9co. Syt\u011b zelen\u00e9 ach\u00e1ty v obd\u00e9ln\u00edkov\u00e9m zasazen\u00ed kr\u00e1sn\u011b kontrastuj\u00ed s leskl\u00fdmi markazity a vytv\u00e1\u0159ej\u00ed v\u00fdraznou a elegantn\u00ed kompozici. Jedn\u00e1 se o \u0161perky pro \u017eeny, kter\u00e9 oce\u0148uj\u00ed jedine\u010dn\u00fd charakter p\u0159\u00edrodn\u00edch kamen\u016f a nad\u010dasovou eleganci. Skv\u011ble se hod\u00ed pro zvl\u00e1\u0161tn\u00ed p\u0159\u00edle\u017eitosti a ve\u010dern\u00ed vych\u00e1zky.<\/p>","protected":false},"featured_media":2060,"comment_status":"closed","ping_status":"closed","template":"","meta":{"om_disable_all_campaigns":false},"product_brand":[2284],"product_cat":[199,1818,1817],"product_tag":[3237,3003,2660,3236,1396,2854,2943,2501,2427],"class_list":{"0":"post-14126","1":"product","2":"type-product","3":"status-publish","4":"has-post-thumbnail","6":"product_brand-staviori","7":"product_cat-kolczyki","8":"product_cat-srebrne-kolczyki","9":"product_cat-srebro-2","10":"product_tag-agat-zielony","11":"product_tag-bizuteria-vintage","12":"product_tag-eleganckie-kolczyki","13":"product_tag-kdm5942","14":"product_tag-kolczyki-srebrne","15":"product_tag-kolczyki-z-agatem","16":"product_tag-kolczyki-z-markazytami","17":"product_tag-naturalne-kamienie","18":"product_tag-srebro-925","19":"pa_dlugosc-27mm","20":"pa_dostawca-markazyty-hong","21":"pa_kamien-agat","22":"pa_kamien-markazyty","23":"pa_kruszec-srebro","24":"pa_proba-0-925","25":"pa_waga-190g","26":"pa_wymiary-kamieni-ok-7x5mm","27":"pa_zapiecie-sztyft","29":"first","30":"instock","31":"purchasable","32":"product-type-simple"},"aioseo_notices":[],"_links":{"self":[{"href":"https:\/\/staviori.com.pl\/cs\/wp-json\/wp\/v2\/product\/14126","targetHints":{"allow":["GET"]}}],"collection":[{"href":"https:\/\/staviori.com.pl\/cs\/wp-json\/wp\/v2\/product"}],"about":[{"href":"https:\/\/staviori.com.pl\/cs\/wp-json\/wp\/v2\/types\/product"}],"replies":[{"embeddable":true,"href":"https:\/\/staviori.com.pl\/cs\/wp-json\/wp\/v2\/comments?post=14126"}],"wp:featuredmedia":[{"embeddable":true,"href":"https:\/\/staviori.com.pl\/cs\/wp-json\/wp\/v2\/media\/2060"}],"wp:attachment":[{"href":"https:\/\/staviori.com.pl\/cs\/wp-json\/wp\/v2\/media?parent=14126"}],"wp:term":[{"taxonomy":"product_brand","embeddable":true,"href":"https:\/\/staviori.com.pl\/cs\/wp-json\/wp\/v2\/product_brand?post=14126"},{"taxonomy":"product_cat","embeddable":true,"href":"https:\/\/staviori.com.pl\/cs\/wp-json\/wp\/v2\/product_cat?post=14126"},{"taxonomy":"product_tag","embeddable":true,"href":"https:\/\/staviori.com.pl\/cs\/wp-json\/wp\/v2\/product_tag?post=14126"}],"curies":[{"name":"wp","href":"https:\/\/api.w.org\/{rel}","templated":true}]}}