{"id":14125,"date":"2025-02-24T22:45:54","date_gmt":"2025-02-24T21:45:54","guid":{"rendered":"https:\/\/staviori.com.pl\/product\/srebrne-kolczyki-kdm5940\/"},"modified":"2026-02-11T00:08:40","modified_gmt":"2026-02-10T23:08:40","slug":"srebrne-kolczyki-kdm5940","status":"publish","type":"product","link":"https:\/\/staviori.com.pl\/cs\/product\/srebrne-kolczyki-kdm5940\/","title":{"rendered":"St\u0159\u00edbrn\u00e9 n\u00e1u\u0161nice s \u010derven\u00fdm ach\u00e1tem a markazity - KDM5940"},"content":{"rendered":"<p>Model: KDM5940<br \/>\nWaga ok. 2,70g<\/p>\n<p>N\u00e1u\u0161nice.<br \/>\nSt\u0159\u00edbro 0,925.<br \/>\nAch\u00e1t.<br \/>\nMarkazit\u00e9.<\/p>\n<p>D\u0142ugo\u015b\u0107 19 mm.<br \/>\nWysoko\u015b\u0107 6&#215;4 mm.<\/p>","protected":false},"excerpt":{"rendered":"<p>Klasyczne kolczyki wykonane ze srebra 0,925 \u0142\u0105cz\u0105 elegancj\u0119 z subtelnym urokiem. G\u0142\u0119boka czerwie\u0144 prostok\u0105tnych agat\u00f3w pi\u0119knie wsp\u00f3\u0142gra z delikatnym blaskiem markazyt\u00f3w, tworz\u0105c harmonijn\u0105 i ponadczasow\u0105 kompozycj\u0119. Ich smuk\u0142a forma sprawia, \u017ce doskonale prezentuj\u0105 si\u0119 zar\u00f3wno w codziennych stylizacjach, jak i podczas bardziej formalnych okazji. Idealne dla kobiet ceni\u0105cych klasyk\u0119 z charakterem.<\/p>","protected":false},"featured_media":17905,"comment_status":"closed","ping_status":"closed","template":"","meta":{"om_disable_all_campaigns":false},"product_brand":[2284],"product_cat":[199,1818,1817],"product_tag":[3239,2660,3238,2603,1396,2854,2943,2427],"class_list":{"0":"post-14125","1":"product","2":"type-product","3":"status-publish","4":"has-post-thumbnail","6":"product_brand-staviori","7":"product_cat-kolczyki","8":"product_cat-srebrne-kolczyki","9":"product_cat-srebro-2","10":"product_tag-czerwony-agat","11":"product_tag-eleganckie-kolczyki","12":"product_tag-kdm5940","13":"product_tag-klasyczna-bizuteria","14":"product_tag-kolczyki-srebrne","15":"product_tag-kolczyki-z-agatem","16":"product_tag-kolczyki-z-markazytami","17":"product_tag-srebro-925","18":"pa_dlugosc-19mm","19":"pa_dostawca-markazyty-hong","20":"pa_kamien-agat","21":"pa_kamien-markazyty","22":"pa_kruszec-srebro","23":"pa_proba-0-925","24":"pa_waga-270g","25":"pa_wysokosc-6x4mm","26":"pa_zapiecie-sztyft","28":"first","29":"instock","30":"purchasable","31":"product-type-simple"},"aioseo_notices":[],"_links":{"self":[{"href":"https:\/\/staviori.com.pl\/cs\/wp-json\/wp\/v2\/product\/14125","targetHints":{"allow":["GET"]}}],"collection":[{"href":"https:\/\/staviori.com.pl\/cs\/wp-json\/wp\/v2\/product"}],"about":[{"href":"https:\/\/staviori.com.pl\/cs\/wp-json\/wp\/v2\/types\/product"}],"replies":[{"embeddable":true,"href":"https:\/\/staviori.com.pl\/cs\/wp-json\/wp\/v2\/comments?post=14125"}],"wp:featuredmedia":[{"embeddable":true,"href":"https:\/\/staviori.com.pl\/cs\/wp-json\/wp\/v2\/media\/17905"}],"wp:attachment":[{"href":"https:\/\/staviori.com.pl\/cs\/wp-json\/wp\/v2\/media?parent=14125"}],"wp:term":[{"taxonomy":"product_brand","embeddable":true,"href":"https:\/\/staviori.com.pl\/cs\/wp-json\/wp\/v2\/product_brand?post=14125"},{"taxonomy":"product_cat","embeddable":true,"href":"https:\/\/staviori.com.pl\/cs\/wp-json\/wp\/v2\/product_cat?post=14125"},{"taxonomy":"product_tag","embeddable":true,"href":"https:\/\/staviori.com.pl\/cs\/wp-json\/wp\/v2\/product_tag?post=14125"}],"curies":[{"name":"wp","href":"https:\/\/api.w.org\/{rel}","templated":true}]}}