{"id":14119,"date":"2025-02-24T22:45:54","date_gmt":"2025-02-24T21:45:54","guid":{"rendered":"https:\/\/staviori.com.pl\/product\/srebrne-kolczyki-kdm4111\/"},"modified":"2026-02-11T00:08:40","modified_gmt":"2026-02-10T23:08:40","slug":"srebrne-kolczyki-kdm4111","status":"publish","type":"product","link":"https:\/\/staviori.com.pl\/cs\/product\/srebrne-kolczyki-kdm4111\/","title":{"rendered":"Jemn\u00e9 st\u0159\u00edbrn\u00e9 n\u00e1u\u0161nice s markazity a perlet\u00ed - KDM4111"},"content":{"rendered":"<p>Model: KDM4111<br \/>\nHmotnost p\u0159ibli\u017en\u011b 3,10 g<\/p>\n<p>N\u00e1u\u0161nice.<br \/>\nSt\u0159\u00edbro 0,925.<br \/>\nMarkazit\u00e9.<br \/>\nMasa Per\u0142owa.<\/p>\n<p>Szeroko\u015b\u0107 8-5.7 mm.<br \/>\nD\u0142ugo\u015b\u0107 18 mm.<\/p>","protected":false},"excerpt":{"rendered":"<p>Te urocze kolczyki z rodowanego srebra 0,925 zachwycaj\u0105 ponadczasowym stylem i subtelnym blaskiem. Delikatne kwiatowe zdobienia z markazytami tworz\u0105 eleganck\u0105 kompozycj\u0119, kt\u00f3ra idealnie komponuje si\u0119 z pi\u0119knie oprawion\u0105 mas\u0105 per\u0142ow\u0105. To doskona\u0142y wyb\u00f3r dla kobiet ceni\u0105cych klasyczn\u0105 bi\u017cuteri\u0119 z nut\u0105 retro. Kolczyki dodadz\u0105 szyku zar\u00f3wno codziennej, jak i wieczorowej stylizacji.<\/p>","protected":false},"featured_media":17877,"comment_status":"closed","ping_status":"closed","template":"","meta":{"om_disable_all_campaigns":false},"product_brand":[2284],"product_cat":[199,1818,1817],"product_tag":[3154,2660,3222,1396,3223,2943,3150,2427],"class_list":{"0":"post-14119","1":"product","2":"type-product","3":"status-publish","4":"has-post-thumbnail","6":"product_brand-staviori","7":"product_cat-kolczyki","8":"product_cat-srebrne-kolczyki","9":"product_cat-srebro-2","10":"product_tag-bizuteria-retro","11":"product_tag-eleganckie-kolczyki","12":"product_tag-kdm4111","13":"product_tag-kolczyki-srebrne","14":"product_tag-kolczyki-vintage","15":"product_tag-kolczyki-z-markazytami","16":"product_tag-kolczyki-z-masa-perlowa","17":"product_tag-srebro-925","18":"pa_dlugosc-18mm","19":"pa_dostawca-markazyty-hong","20":"pa_kamien-markazyty","21":"pa_kamien-masa-perlowa","22":"pa_kruszec-srebro","23":"pa_proba-0-925","24":"pa_szerokosc-8-5-7mm","25":"pa_waga-310g","26":"pa_zapiecie-sztyft","28":"first","29":"instock","30":"purchasable","31":"product-type-simple"},"aioseo_notices":[],"_links":{"self":[{"href":"https:\/\/staviori.com.pl\/cs\/wp-json\/wp\/v2\/product\/14119","targetHints":{"allow":["GET"]}}],"collection":[{"href":"https:\/\/staviori.com.pl\/cs\/wp-json\/wp\/v2\/product"}],"about":[{"href":"https:\/\/staviori.com.pl\/cs\/wp-json\/wp\/v2\/types\/product"}],"replies":[{"embeddable":true,"href":"https:\/\/staviori.com.pl\/cs\/wp-json\/wp\/v2\/comments?post=14119"}],"wp:featuredmedia":[{"embeddable":true,"href":"https:\/\/staviori.com.pl\/cs\/wp-json\/wp\/v2\/media\/17877"}],"wp:attachment":[{"href":"https:\/\/staviori.com.pl\/cs\/wp-json\/wp\/v2\/media?parent=14119"}],"wp:term":[{"taxonomy":"product_brand","embeddable":true,"href":"https:\/\/staviori.com.pl\/cs\/wp-json\/wp\/v2\/product_brand?post=14119"},{"taxonomy":"product_cat","embeddable":true,"href":"https:\/\/staviori.com.pl\/cs\/wp-json\/wp\/v2\/product_cat?post=14119"},{"taxonomy":"product_tag","embeddable":true,"href":"https:\/\/staviori.com.pl\/cs\/wp-json\/wp\/v2\/product_tag?post=14119"}],"curies":[{"name":"wp","href":"https:\/\/api.w.org\/{rel}","templated":true}]}}