{"id":14118,"date":"2025-02-24T22:45:54","date_gmt":"2025-02-24T21:45:54","guid":{"rendered":"https:\/\/staviori.com.pl\/product\/srebrne-kolczyki-kdm3434\/"},"modified":"2026-02-11T00:08:40","modified_gmt":"2026-02-10T23:08:40","slug":"srebrne-kolczyki-kdm3434","status":"publish","type":"product","link":"https:\/\/staviori.com.pl\/cs\/product\/srebrne-kolczyki-kdm3434\/","title":{"rendered":"St\u0159\u00edbrn\u00e9 n\u00e1u\u0161nice s perlet\u00ed a markazity - KDM3434"},"content":{"rendered":"<p>Model: KDM3434<br \/>\nWaga ok. 2,70g<\/p>\n<p>N\u00e1u\u0161nice.<br \/>\n0,925 rhodiovan\u00e9 st\u0159\u00edbro.<br \/>\nMarkazit\u00e9.<br \/>\nMasa Per\u0142owa.<\/p>\n<p>\u0160\u00ed\u0159ka 5 mm.<br \/>\nD\u00e9lka 20 mm.<\/p>","protected":false},"excerpt":{"rendered":"<p>Urocze kolczyki z rodowanego srebra 0,925 to idealne po\u0142\u0105czenie subtelno\u015bci i klasyki. Ozdobione po\u0142yskuj\u0105c\u0105 mas\u0105 per\u0142ow\u0105 oraz l\u015bni\u0105cymi markazytami, tworz\u0105 elegancki duet w stylu vintage. Finezyjna forma oraz staranne wyko\u0144czenie sprawiaj\u0105, \u017ce b\u0119d\u0105 doskona\u0142ym dodatkiem do wieczorowej sukienki, jak i codziennej stylizacji z nut\u0105 romantyzmu.<\/p>","protected":false},"featured_media":17910,"comment_status":"closed","ping_status":"closed","template":"","meta":{"om_disable_all_campaigns":false},"product_brand":[2284],"product_cat":[199,1818,1817],"product_tag":[3003,2660,3240,2698,1396,2943,3150,2427],"class_list":{"0":"post-14118","1":"product","2":"type-product","3":"status-publish","4":"has-post-thumbnail","6":"product_brand-staviori","7":"product_cat-kolczyki","8":"product_cat-srebrne-kolczyki","9":"product_cat-srebro-2","10":"product_tag-bizuteria-vintage","11":"product_tag-eleganckie-kolczyki","12":"product_tag-kdm3434","13":"product_tag-kolczyki-na-prezent","14":"product_tag-kolczyki-srebrne","15":"product_tag-kolczyki-z-markazytami","16":"product_tag-kolczyki-z-masa-perlowa","17":"product_tag-srebro-925","18":"pa_dlugosc-20mm","19":"pa_dostawca-markazyty-hong","20":"pa_kamien-markazyty","21":"pa_kamien-masa-perlowa","22":"pa_kruszec-srebro-rodowane","23":"pa_proba-0-925","24":"pa_szerokosc-5mm","25":"pa_waga-270g","26":"pa_zapiecie-sztyft","28":"first","29":"outofstock","30":"purchasable","31":"product-type-simple"},"aioseo_notices":[],"_links":{"self":[{"href":"https:\/\/staviori.com.pl\/cs\/wp-json\/wp\/v2\/product\/14118","targetHints":{"allow":["GET"]}}],"collection":[{"href":"https:\/\/staviori.com.pl\/cs\/wp-json\/wp\/v2\/product"}],"about":[{"href":"https:\/\/staviori.com.pl\/cs\/wp-json\/wp\/v2\/types\/product"}],"replies":[{"embeddable":true,"href":"https:\/\/staviori.com.pl\/cs\/wp-json\/wp\/v2\/comments?post=14118"}],"wp:featuredmedia":[{"embeddable":true,"href":"https:\/\/staviori.com.pl\/cs\/wp-json\/wp\/v2\/media\/17910"}],"wp:attachment":[{"href":"https:\/\/staviori.com.pl\/cs\/wp-json\/wp\/v2\/media?parent=14118"}],"wp:term":[{"taxonomy":"product_brand","embeddable":true,"href":"https:\/\/staviori.com.pl\/cs\/wp-json\/wp\/v2\/product_brand?post=14118"},{"taxonomy":"product_cat","embeddable":true,"href":"https:\/\/staviori.com.pl\/cs\/wp-json\/wp\/v2\/product_cat?post=14118"},{"taxonomy":"product_tag","embeddable":true,"href":"https:\/\/staviori.com.pl\/cs\/wp-json\/wp\/v2\/product_tag?post=14118"}],"curies":[{"name":"wp","href":"https:\/\/api.w.org\/{rel}","templated":true}]}}