{"id":14116,"date":"2025-02-24T22:45:50","date_gmt":"2025-02-24T21:45:50","guid":{"rendered":"https:\/\/staviori.com.pl\/product\/srebrne-kolczyki-kdm2911\/"},"modified":"2026-02-11T00:08:40","modified_gmt":"2026-02-10T23:08:40","slug":"srebrne-kolczyki-kdm2911","status":"publish","type":"product","link":"https:\/\/staviori.com.pl\/cs\/product\/srebrne-kolczyki-kdm2911\/","title":{"rendered":"St\u0159\u00edbrn\u00e9 stylov\u00e9 n\u00e1u\u0161nice s markazity - KDM2911"},"content":{"rendered":"<p>Model: KDM2911<br \/>\nWaga ok. 3,45g<\/p>\n<p>N\u00e1u\u0161nice.<br \/>\nSt\u0159\u00edbro 0,925<br \/>\nMarkazit\u00e9.<\/p>\n<p>Wymiary 6.5&#215;18 mm.<\/p>","protected":false},"excerpt":{"rendered":"<p>Okouzluj\u00edc\u00ed n\u00e1u\u0161nice z rhodiovan\u00e9ho st\u0159\u00edbra zdoben\u00e9 stylov\u00fdmi markazity, kter\u00e9 tvo\u0159\u00ed jemn\u00e9 t\u0159\u00edstup\u0148ov\u00e9 uspo\u0159\u00e1d\u00e1n\u00ed. Jsou jemn\u00e9 a elegantn\u00ed, pot\u011b\u0161\u00ed sv\u00fdm retro charakterem a jemn\u00fdm leskem. Skv\u011ble se hod\u00ed pro ka\u017edodenn\u00ed stylizaci i v\u00fdjime\u010dn\u00e9 p\u0159\u00edle\u017eitosti a ka\u017ed\u00e9mu vzhledu dodaj\u00ed \u0161ik a noblesu.<\/p>","protected":false},"featured_media":17834,"comment_status":"closed","ping_status":"closed","template":"","meta":{"om_disable_all_campaigns":false},"product_brand":[2284],"product_cat":[199,1818,1817],"product_tag":[2660,3166,2603,2698,3157,1396,2943,2427],"class_list":{"0":"post-14116","1":"product","2":"type-product","3":"status-publish","4":"has-post-thumbnail","6":"product_brand-staviori","7":"product_cat-kolczyki","8":"product_cat-srebrne-kolczyki","9":"product_cat-srebro-2","10":"product_tag-eleganckie-kolczyki","11":"product_tag-kdm2911","12":"product_tag-klasyczna-bizuteria","13":"product_tag-kolczyki-na-prezent","14":"product_tag-kolczyki-retro","15":"product_tag-kolczyki-srebrne","16":"product_tag-kolczyki-z-markazytami","17":"product_tag-srebro-925","18":"pa_dostawca-markazyty-hong","19":"pa_kamien-markazyty","20":"pa_kruszec-srebro","21":"pa_proba-0-925","22":"pa_waga-345g","23":"pa_wymiary-6-5x18mm","24":"pa_zapiecie-sztyft","26":"first","27":"instock","28":"purchasable","29":"product-type-simple"},"aioseo_notices":[],"_links":{"self":[{"href":"https:\/\/staviori.com.pl\/cs\/wp-json\/wp\/v2\/product\/14116","targetHints":{"allow":["GET"]}}],"collection":[{"href":"https:\/\/staviori.com.pl\/cs\/wp-json\/wp\/v2\/product"}],"about":[{"href":"https:\/\/staviori.com.pl\/cs\/wp-json\/wp\/v2\/types\/product"}],"replies":[{"embeddable":true,"href":"https:\/\/staviori.com.pl\/cs\/wp-json\/wp\/v2\/comments?post=14116"}],"wp:featuredmedia":[{"embeddable":true,"href":"https:\/\/staviori.com.pl\/cs\/wp-json\/wp\/v2\/media\/17834"}],"wp:attachment":[{"href":"https:\/\/staviori.com.pl\/cs\/wp-json\/wp\/v2\/media?parent=14116"}],"wp:term":[{"taxonomy":"product_brand","embeddable":true,"href":"https:\/\/staviori.com.pl\/cs\/wp-json\/wp\/v2\/product_brand?post=14116"},{"taxonomy":"product_cat","embeddable":true,"href":"https:\/\/staviori.com.pl\/cs\/wp-json\/wp\/v2\/product_cat?post=14116"},{"taxonomy":"product_tag","embeddable":true,"href":"https:\/\/staviori.com.pl\/cs\/wp-json\/wp\/v2\/product_tag?post=14116"}],"curies":[{"name":"wp","href":"https:\/\/api.w.org\/{rel}","templated":true}]}}