{"id":14113,"date":"2025-02-24T22:45:50","date_gmt":"2025-02-24T21:45:50","guid":{"rendered":"https:\/\/staviori.com.pl\/product\/srebrne-kolczyki-kdm2877\/"},"modified":"2026-02-11T00:08:40","modified_gmt":"2026-02-10T23:08:40","slug":"srebrne-kolczyki-kdm2877","status":"publish","type":"product","link":"https:\/\/staviori.com.pl\/cs\/product\/srebrne-kolczyki-kdm2877\/","title":{"rendered":"St\u0159\u00edbrn\u00e9 n\u00e1u\u0161nice markazity a onyx - KDM2877"},"content":{"rendered":"<p>Model: KDM2877<br \/>\nHmotnost p\u0159ibli\u017en\u011b 3,90 g<\/p>\n<p>N\u00e1u\u0161nice.<br \/>\n0,925 rhodiovan\u00e9 st\u0159\u00edbro.<br \/>\nMarkazit\u00e9.<br \/>\nOnyx.<\/p>\n<p>Wymiary 7&#215;22.5 mm.<\/p>","protected":false},"excerpt":{"rendered":"<p>Okouzluj\u00edc\u00ed n\u00e1u\u0161nice z rhodiovan\u00e9ho st\u0159\u00edbra, zdoben\u00e9 tmav\u011b \u010dern\u00fdm onyxem a klasick\u00fdmi markazity. Horn\u00ed \u010d\u00e1st s hladk\u00fdm kabo\u0161onem kr\u00e1sn\u011b kontrastuje s bohat\u011b zdoben\u00fdm prvkem ve tvaru srdce a vytv\u00e1\u0159\u00ed tak \u0161perk p\u0159ipom\u00ednaj\u00edc\u00ed vintage. Je ide\u00e1ln\u00ed volbou pro \u017eeny, kter\u00e9 ocen\u00ed eleganci s n\u00e1dechem tajemna a jedine\u010dn\u00fd styl.<\/p>","protected":false},"featured_media":17817,"comment_status":"closed","ping_status":"closed","template":"","meta":{"om_disable_all_campaigns":false},"product_brand":[2284],"product_cat":[199,1818,1817],"product_tag":[3154,2317,3152,1396,2770,2943,3153,2426,2945],"class_list":{"0":"post-14113","1":"product","2":"type-product","3":"status-publish","4":"has-post-thumbnail","6":"product_brand-staviori","7":"product_cat-kolczyki","8":"product_cat-srebrne-kolczyki","9":"product_cat-srebro-2","10":"product_tag-bizuteria-retro","11":"product_tag-elegancka-bizuteria","12":"product_tag-kdm2877","13":"product_tag-kolczyki-srebrne","14":"product_tag-kolczyki-wiszace","15":"product_tag-kolczyki-z-markazytami","16":"product_tag-kolczyki-z-onykiem","17":"product_tag-srebro-rodowane","18":"product_tag-vintage-bizuteria","19":"pa_dostawca-markazyty-hong","20":"pa_kamien-markazyty","21":"pa_kamien-onyks","22":"pa_kruszec-srebro-rodowane","23":"pa_proba-0-925","24":"pa_waga-390g","25":"pa_wymiary-7x22-5mm","26":"pa_zapiecie-sztyft","28":"first","29":"instock","30":"purchasable","31":"product-type-simple"},"aioseo_notices":[],"_links":{"self":[{"href":"https:\/\/staviori.com.pl\/cs\/wp-json\/wp\/v2\/product\/14113","targetHints":{"allow":["GET"]}}],"collection":[{"href":"https:\/\/staviori.com.pl\/cs\/wp-json\/wp\/v2\/product"}],"about":[{"href":"https:\/\/staviori.com.pl\/cs\/wp-json\/wp\/v2\/types\/product"}],"replies":[{"embeddable":true,"href":"https:\/\/staviori.com.pl\/cs\/wp-json\/wp\/v2\/comments?post=14113"}],"wp:featuredmedia":[{"embeddable":true,"href":"https:\/\/staviori.com.pl\/cs\/wp-json\/wp\/v2\/media\/17817"}],"wp:attachment":[{"href":"https:\/\/staviori.com.pl\/cs\/wp-json\/wp\/v2\/media?parent=14113"}],"wp:term":[{"taxonomy":"product_brand","embeddable":true,"href":"https:\/\/staviori.com.pl\/cs\/wp-json\/wp\/v2\/product_brand?post=14113"},{"taxonomy":"product_cat","embeddable":true,"href":"https:\/\/staviori.com.pl\/cs\/wp-json\/wp\/v2\/product_cat?post=14113"},{"taxonomy":"product_tag","embeddable":true,"href":"https:\/\/staviori.com.pl\/cs\/wp-json\/wp\/v2\/product_tag?post=14113"}],"curies":[{"name":"wp","href":"https:\/\/api.w.org\/{rel}","templated":true}]}}