{"id":14104,"date":"2025-02-24T22:45:50","date_gmt":"2025-02-24T21:45:50","guid":{"rendered":"https:\/\/staviori.com.pl\/product\/srebrne-kolczyki-kdk6672\/"},"modified":"2026-02-11T00:08:39","modified_gmt":"2026-02-10T23:08:39","slug":"srebrne-kolczyki-kdk6672","status":"publish","type":"product","link":"https:\/\/staviori.com.pl\/cs\/product\/srebrne-kolczyki-kdk6672\/","title":{"rendered":"pozlacen\u00e9 st\u0159\u00edbrn\u00e9 n\u00e1u\u0161nice se zirkony a smaltem"},"content":{"rendered":"<p>Model: KDK6672<br \/>\nHmotnost p\u0159ibli\u017en\u011b 1,15 g<\/p>\n<p>N\u00e1u\u0161nice.<br \/>\nSt\u0159\u00edbro 0.925 pokoven\u00e9 \u017elut\u00fdm zlatem<\/p>\n<p>Zirkonie.<br \/>\nEmalia.<\/p>\n<p>\u015arednica 3.5 mm.<\/p>\n<p>\u015aliczne, oryginalne kolczyki z poz\u0142acanego srebrna z cyrkoniami oraz bia\u0142\u0105 emali\u0105. Idealna dla dziewczynki jak i doros\u0142ej kobiety.<\/p>","protected":false},"excerpt":{"rendered":"<p>Urocze kolczyki wykonane ze srebra pr\u00f3by 0,925, pokryte warstw\u0105 \u017c\u00f3\u0142tego z\u0142ota. Centralnie osadzona, l\u015bni\u0105ca cyrkonia otoczona jest delikatn\u0105, bia\u0142\u0105 emali\u0105, kt\u00f3ra nadaje ca\u0142o\u015bci subtelnego uroku. To elegancki, a zarazem dziewcz\u0119cy dodatek \u2013 doskona\u0142y zar\u00f3wno dla m\u0142odej dziewczynki, jak i dla kobiety ceni\u0105cej minimalistyczne pi\u0119kno i ponadczasow\u0105 klasyk\u0119.<\/p>","protected":false},"featured_media":14105,"comment_status":"closed","ping_status":"closed","template":"","meta":{"om_disable_all_campaigns":false},"product_brand":[2284,2350],"product_cat":[199,1818,1817],"product_tag":[2541,2454,3743,3776,6835,6838,6413,1394,3775,2452,2332,6637,6075,6837,2427,3724,6645,6836],"class_list":{"0":"post-14104","1":"product","2":"type-product","3":"status-publish","4":"has-post-thumbnail","6":"product_brand-staviori","7":"product_brand-verona","8":"product_cat-kolczyki","9":"product_cat-srebrne-kolczyki","10":"product_cat-srebro-2","11":"product_tag-bizuteria-damska","12":"product_tag-cyrkonia","13":"product_tag-earrings","14":"product_tag-eleganckie","15":"product_tag-emalia-biala","16":"product_tag-enamel","17":"product_tag-gold-plated","18":"product_tag-kolczyki","19":"product_tag-minimalistyczne","20":"product_tag-pozlacane","21":"product_tag-prezent","22":"product_tag-schmuck","23":"product_tag-silber-925","24":"product_tag-silver","25":"product_tag-srebro-925","26":"product_tag-staviori","27":"product_tag-zirconia","28":"product_tag-zlocone","29":"pa_kamien-cyrkonia","30":"pa_kamien-emalia","31":"pa_kruszec-srebro","32":"pa_kruszec-srebro-pozlacane","33":"pa_proba-0-925","34":"pa_srednica-3-5mm","35":"pa_waga-115g","36":"pa_zapiecie-sztyft","38":"first","39":"instock","40":"purchasable","41":"product-type-simple"},"aioseo_notices":[],"_links":{"self":[{"href":"https:\/\/staviori.com.pl\/cs\/wp-json\/wp\/v2\/product\/14104","targetHints":{"allow":["GET"]}}],"collection":[{"href":"https:\/\/staviori.com.pl\/cs\/wp-json\/wp\/v2\/product"}],"about":[{"href":"https:\/\/staviori.com.pl\/cs\/wp-json\/wp\/v2\/types\/product"}],"replies":[{"embeddable":true,"href":"https:\/\/staviori.com.pl\/cs\/wp-json\/wp\/v2\/comments?post=14104"}],"wp:featuredmedia":[{"embeddable":true,"href":"https:\/\/staviori.com.pl\/cs\/wp-json\/wp\/v2\/media\/14105"}],"wp:attachment":[{"href":"https:\/\/staviori.com.pl\/cs\/wp-json\/wp\/v2\/media?parent=14104"}],"wp:term":[{"taxonomy":"product_brand","embeddable":true,"href":"https:\/\/staviori.com.pl\/cs\/wp-json\/wp\/v2\/product_brand?post=14104"},{"taxonomy":"product_cat","embeddable":true,"href":"https:\/\/staviori.com.pl\/cs\/wp-json\/wp\/v2\/product_cat?post=14104"},{"taxonomy":"product_tag","embeddable":true,"href":"https:\/\/staviori.com.pl\/cs\/wp-json\/wp\/v2\/product_tag?post=14104"}],"curies":[{"name":"wp","href":"https:\/\/api.w.org\/{rel}","templated":true}]}}