{"id":14028,"date":"2025-02-24T22:45:50","date_gmt":"2025-02-24T21:45:50","guid":{"rendered":"https:\/\/staviori.com.pl\/product\/srebrne-kolczyki-kdk6590\/"},"modified":"2026-04-16T11:33:04","modified_gmt":"2026-04-16T09:33:04","slug":"srebrne-kolczyki-kdk6590","status":"publish","type":"product","link":"https:\/\/staviori.com.pl\/cs\/product\/srebrne-kolczyki-kdk6590\/","title":{"rendered":"St\u0159\u00edbrn\u00e9 \u0161pi\u010dat\u00e9 n\u00e1u\u0161nice , odv\u00e1\u017en\u00e9 - KDK6590"},"content":{"rendered":"<p>Model: KDK6590<br \/>\nHmotnost p\u0159ibli\u017en\u011b 1,90 g<\/p>\n<p>N\u00e1u\u0161nice.<br \/>\n0,925 rhodiovan\u00e9 st\u0159\u00edbro.<br \/>\nD\u0142ugo\u015b\u0107 30 mm.<\/p>","protected":false},"excerpt":{"rendered":"<p>Nowoczesne, eleganckie kolczyki wykonane ze srebra rodowanego pr\u00f3by 0,925. Ich geometryczny kszta\u0142t w formie smuk\u0142ego sto\u017cka z tr\u00f3jk\u0105tnym detalem u g\u00f3ry nadaje bi\u017cuterii wyj\u0105tkowego charakteru. To idealny wyb\u00f3r dla kobiet ceni\u0105cych minimalizm i oryginalny design. Doskonale uzupe\u0142ni\u0105 zar\u00f3wno codzienny, jak i wieczorowy look.<\/p>","protected":false},"featured_media":14029,"comment_status":"closed","ping_status":"closed","template":"","meta":{"om_disable_all_campaigns":false},"product_brand":[2284,2350],"product_cat":[199,1818,1817],"product_tag":[5208,5829,3208,3278,3158,1396,6845,5830,5820,4630,2426,5905],"class_list":{"0":"post-14028","1":"product","2":"type-product","3":"status-publish","4":"has-post-thumbnail","6":"product_brand-staviori","7":"product_brand-verona","8":"product_cat-kolczyki","9":"product_cat-srebrne-kolczyki","10":"product_cat-srebro-2","11":"product_tag-bizuteria-nowoczesna","12":"product_tag-geometric-earrings","13":"product_tag-kdk6590","14":"product_tag-kolczyki-dlugie","15":"product_tag-kolczyki-geometryczne","16":"product_tag-kolczyki-srebrne","17":"product_tag-moderne-ohrringe","18":"product_tag-nausnice-geometricke","19":"product_tag-silver-earrings","20":"product_tag-srebro-0-925","21":"product_tag-srebro-rodowane","22":"product_tag-sterling-silver","23":"pa_dlugosc-30mm","24":"pa_kruszec-srebro-rodowane","25":"pa_proba-0-925","26":"pa_waga-190g","27":"pa_zapiecie-sztyft","29":"first","30":"instock","31":"purchasable","32":"product-type-simple"},"aioseo_notices":[],"_links":{"self":[{"href":"https:\/\/staviori.com.pl\/cs\/wp-json\/wp\/v2\/product\/14028","targetHints":{"allow":["GET"]}}],"collection":[{"href":"https:\/\/staviori.com.pl\/cs\/wp-json\/wp\/v2\/product"}],"about":[{"href":"https:\/\/staviori.com.pl\/cs\/wp-json\/wp\/v2\/types\/product"}],"replies":[{"embeddable":true,"href":"https:\/\/staviori.com.pl\/cs\/wp-json\/wp\/v2\/comments?post=14028"}],"wp:featuredmedia":[{"embeddable":true,"href":"https:\/\/staviori.com.pl\/cs\/wp-json\/wp\/v2\/media\/14029"}],"wp:attachment":[{"href":"https:\/\/staviori.com.pl\/cs\/wp-json\/wp\/v2\/media?parent=14028"}],"wp:term":[{"taxonomy":"product_brand","embeddable":true,"href":"https:\/\/staviori.com.pl\/cs\/wp-json\/wp\/v2\/product_brand?post=14028"},{"taxonomy":"product_cat","embeddable":true,"href":"https:\/\/staviori.com.pl\/cs\/wp-json\/wp\/v2\/product_cat?post=14028"},{"taxonomy":"product_tag","embeddable":true,"href":"https:\/\/staviori.com.pl\/cs\/wp-json\/wp\/v2\/product_tag?post=14028"}],"curies":[{"name":"wp","href":"https:\/\/api.w.org\/{rel}","templated":true}]}}