{"id":14008,"date":"2025-02-24T22:45:45","date_gmt":"2025-02-24T21:45:45","guid":{"rendered":"https:\/\/staviori.com.pl\/product\/srebrne-kolczyki-kdk6533y\/"},"modified":"2026-04-16T11:00:20","modified_gmt":"2026-04-16T09:00:20","slug":"srebrne-kolczyki-kdk6533y","status":"publish","type":"product","link":"https:\/\/staviori.com.pl\/cs\/product\/srebrne-kolczyki-kdk6533y\/","title":{"rendered":"Post\u0159\u00edb\u0159en\u00e9 pozlacen\u00e9 n\u00e1u\u0161nice se 3 srd\u00ed\u010dky - KDK6533Y"},"content":{"rendered":"<p>Model: KDK6533Y<br \/>\nHmotnost p\u0159ibli\u017en\u011b 1,89 g<\/p>\n<p>N\u00e1u\u0161nice.<br \/>\nSt\u0159\u00edbro 0.925 pokoven\u00e9 \u017elut\u00fdm zlatem<\/p>\n<p>D\u0142ugo\u015b\u0107 28 mm.<br \/>\nSzeroko\u015b\u0107 12 mm.<\/p>","protected":false},"excerpt":{"rendered":"<p>Stylowe kolczyki poz\u0142acane, kt\u00f3re przyci\u0105gaj\u0105 uwag\u0119 swoj\u0105 oryginaln\u0105 form\u0105. Trzy kszta\u0142tne serca tworz\u0105 finezyjny i pe\u0142en wdzi\u0119ku motyw, kt\u00f3ry pi\u0119knie podkre\u015bla kobiec\u0105 urod\u0119. Pow\u0142oka z\u0142ocenia nadaje ca\u0142o\u015bci luksusowy blask, doskonale komponuj\u0105c si\u0119 zar\u00f3wno z codziennymi stylizacjami, jak i wieczorowymi kreacjami. Bi\u017cuteria dla kobiet kochaj\u0105cych romantyczne akcenty i subteln\u0105 elegancj\u0119.<\/p>","protected":false},"featured_media":17781,"comment_status":"closed","ping_status":"closed","template":"","meta":{"om_disable_all_campaigns":false},"product_brand":[2284,2350],"product_cat":[199,1818,1817],"product_tag":[2317,3103,3047,3105,3096,2580,3104,3106],"class_list":{"0":"post-14008","1":"product","2":"type-product","3":"status-publish","4":"has-post-thumbnail","6":"product_brand-staviori","7":"product_brand-verona","8":"product_cat-kolczyki","9":"product_cat-srebrne-kolczyki","10":"product_cat-srebro-2","11":"product_tag-elegancka-bizuteria","12":"product_tag-kdk6533y","13":"product_tag-kolczyki-pozlacane","14":"product_tag-kolczyki-romantyczne","15":"product_tag-kolczyki-serca","16":"product_tag-prezent-dla-kobiety","17":"product_tag-zlocona-bizuteria","18":"product_tag-zlote-akcenty","19":"pa_dlugosc-28mm","20":"pa_kruszec-srebro","21":"pa_kruszec-srebro-pozlacane","22":"pa_proba-0-925","23":"pa_szerokosc-12mm","24":"pa_waga-189g","25":"pa_zapiecie-sztyft","27":"first","28":"outofstock","29":"purchasable","30":"product-type-simple"},"aioseo_notices":[],"_links":{"self":[{"href":"https:\/\/staviori.com.pl\/cs\/wp-json\/wp\/v2\/product\/14008","targetHints":{"allow":["GET"]}}],"collection":[{"href":"https:\/\/staviori.com.pl\/cs\/wp-json\/wp\/v2\/product"}],"about":[{"href":"https:\/\/staviori.com.pl\/cs\/wp-json\/wp\/v2\/types\/product"}],"replies":[{"embeddable":true,"href":"https:\/\/staviori.com.pl\/cs\/wp-json\/wp\/v2\/comments?post=14008"}],"wp:featuredmedia":[{"embeddable":true,"href":"https:\/\/staviori.com.pl\/cs\/wp-json\/wp\/v2\/media\/17781"}],"wp:attachment":[{"href":"https:\/\/staviori.com.pl\/cs\/wp-json\/wp\/v2\/media?parent=14008"}],"wp:term":[{"taxonomy":"product_brand","embeddable":true,"href":"https:\/\/staviori.com.pl\/cs\/wp-json\/wp\/v2\/product_brand?post=14008"},{"taxonomy":"product_cat","embeddable":true,"href":"https:\/\/staviori.com.pl\/cs\/wp-json\/wp\/v2\/product_cat?post=14008"},{"taxonomy":"product_tag","embeddable":true,"href":"https:\/\/staviori.com.pl\/cs\/wp-json\/wp\/v2\/product_tag?post=14008"}],"curies":[{"name":"wp","href":"https:\/\/api.w.org\/{rel}","templated":true}]}}