{"id":14006,"date":"2025-02-24T22:45:45","date_gmt":"2025-02-24T21:45:45","guid":{"rendered":"https:\/\/staviori.com.pl\/product\/srebrne-kolczyki-kdk6533\/"},"modified":"2026-04-16T11:00:59","modified_gmt":"2026-04-16T09:00:59","slug":"srebrne-kolczyki-kdk6533","status":"publish","type":"product","link":"https:\/\/staviori.com.pl\/cs\/product\/srebrne-kolczyki-kdk6533\/","title":{"rendered":"St\u0159\u00edbrn\u00e9 n\u00e1u\u0161nice 3 srdce - KDK6533"},"content":{"rendered":"<p>Model: KDK6533<br \/>\nHmotnost p\u0159ibli\u017en\u011b 1,89 g<\/p>\n<p>N\u00e1u\u0161nice.<br \/>\n0,925 rhodiovan\u00e9 st\u0159\u00edbro.<\/p>\n<p>D\u0142ugo\u015b\u0107 28 mm.<br \/>\nSzeroko\u015b\u0107 12 mm.<\/p>","protected":false},"excerpt":{"rendered":"<p>Zjawiskowe srebrne kolczyki o l\u015bni\u0105cym wyko\u0144czeniu, wykonane z rodowanego srebra pr\u00f3by 0,925. Trzy subtelnie po\u0142\u0105czone serca tworz\u0105 romantyczn\u0105 i lekk\u0105 kompozycj\u0119, kt\u00f3ra pi\u0119knie porusza si\u0119 przy ka\u017cdym ruchu. To idealny dodatek dla kobiet ceni\u0105cych sobie nowoczesn\u0105 elegancj\u0119 i odrobin\u0119 zmys\u0142owo\u015bci. Kolczyki emanuj\u0105 urokiem i delikatno\u015bci\u0105 \u2013 doskona\u0142e zar\u00f3wno na co dzie\u0144, jak i na wyj\u0105tkowe okazje.<\/p>","protected":false},"featured_media":17779,"comment_status":"closed","ping_status":"closed","template":"","meta":{"om_disable_all_campaigns":false},"product_brand":[2284,2350],"product_cat":[199,1818,1817],"product_tag":[3097,2660,3100,3102,3096,1396,3099,2291,3101],"class_list":{"0":"post-14006","1":"product","2":"type-product","3":"status-publish","4":"has-post-thumbnail","6":"product_brand-staviori","7":"product_brand-verona","8":"product_cat-kolczyki","9":"product_cat-srebrne-kolczyki","10":"product_cat-srebro-2","11":"product_tag-bizuteria-romantyczna","12":"product_tag-eleganckie-kolczyki","13":"product_tag-kdk6533","14":"product_tag-kolczyki-damskie","15":"product_tag-kolczyki-serca","16":"product_tag-kolczyki-srebrne","17":"product_tag-ks53741","18":"product_tag-prezent-dla-niej","19":"product_tag-srebrna-bizuteria","20":"pa_dlugosc-28mm","21":"pa_kruszec-srebro-rodowane","22":"pa_proba-0-925","23":"pa_szerokosc-12mm","24":"pa_waga-189g","25":"pa_zapiecie-sztyft","27":"first","28":"instock","29":"purchasable","30":"product-type-simple"},"aioseo_notices":[],"_links":{"self":[{"href":"https:\/\/staviori.com.pl\/cs\/wp-json\/wp\/v2\/product\/14006","targetHints":{"allow":["GET"]}}],"collection":[{"href":"https:\/\/staviori.com.pl\/cs\/wp-json\/wp\/v2\/product"}],"about":[{"href":"https:\/\/staviori.com.pl\/cs\/wp-json\/wp\/v2\/types\/product"}],"replies":[{"embeddable":true,"href":"https:\/\/staviori.com.pl\/cs\/wp-json\/wp\/v2\/comments?post=14006"}],"wp:featuredmedia":[{"embeddable":true,"href":"https:\/\/staviori.com.pl\/cs\/wp-json\/wp\/v2\/media\/17779"}],"wp:attachment":[{"href":"https:\/\/staviori.com.pl\/cs\/wp-json\/wp\/v2\/media?parent=14006"}],"wp:term":[{"taxonomy":"product_brand","embeddable":true,"href":"https:\/\/staviori.com.pl\/cs\/wp-json\/wp\/v2\/product_brand?post=14006"},{"taxonomy":"product_cat","embeddable":true,"href":"https:\/\/staviori.com.pl\/cs\/wp-json\/wp\/v2\/product_cat?post=14006"},{"taxonomy":"product_tag","embeddable":true,"href":"https:\/\/staviori.com.pl\/cs\/wp-json\/wp\/v2\/product_tag?post=14006"}],"curies":[{"name":"wp","href":"https:\/\/api.w.org\/{rel}","templated":true}]}}