{"id":13958,"date":"2025-02-24T22:45:45","date_gmt":"2025-02-24T21:45:45","guid":{"rendered":"https:\/\/staviori.com.pl\/product\/srebrne-kolczyki-kdk6509y\/"},"modified":"2026-04-15T11:53:40","modified_gmt":"2026-04-15T09:53:40","slug":"srebrne-kolczyki-kdk6509y","status":"publish","type":"product","link":"https:\/\/staviori.com.pl\/cs\/product\/srebrne-kolczyki-kdk6509y\/","title":{"rendered":"Pozlacen\u00e9 n\u00e1u\u0161nice s p\u0159\u00edv\u011bskem v BOHO stylu - KDK6509Y"},"content":{"rendered":"<p>Model: KDK6509Y<br \/>\nWaga ok. 2,70g<\/p>\n<p>N\u00e1u\u0161nice.<br \/>\nSt\u0159\u00edbro 0.925 pokoven\u00e9 \u017elut\u00fdm zlatem<\/p>\n<p>D\u0142ugo\u015b\u0107 35 mm.<\/p>\n<p>Kolczyki na sztyfcie w stylu BOHO, wykonane ze srebra pr\u00f3by 0,925, poz\u0142acane.<\/p>","protected":false},"excerpt":{"rendered":"<p>Stylowe kolczyki na sztyfcie w wyrazistym stylu BOHO, wykonane z wysokiej jako\u015bci srebra pr\u00f3by 0,925 i pokryte \u017c\u00f3\u0142tym z\u0142otem. A\u017curowy wz\u00f3r inspirowany motywami orientalnymi w po\u0142\u0105czeniu z delikatnie poruszaj\u0105cymi si\u0119 okr\u0105g\u0142ymi zawieszkami tworzy pe\u0142n\u0105 wdzi\u0119ku i ekspresji kompozycj\u0119. Idealne dla kobiet, kt\u00f3re kochaj\u0105 wyrazist\u0105 bi\u017cuteri\u0119 z dusz\u0105 i chc\u0105 wyr\u00f3\u017cni\u0107 si\u0119 w t\u0142umie.<\/p>","protected":false},"featured_media":13959,"comment_status":"closed","ping_status":"closed","template":"","meta":{"om_disable_all_campaigns":false},"product_brand":[2284,2350],"product_cat":[199,1818,1817],"product_tag":[3118,3122,3126,2995,3114,3047,3123,3125,2427,3124],"class_list":{"0":"post-13958","1":"product","2":"type-product","3":"status-publish","4":"has-post-thumbnail","6":"product_brand-staviori","7":"product_brand-verona","8":"product_cat-kolczyki","9":"product_cat-srebrne-kolczyki","10":"product_cat-srebro-2","11":"product_tag-bizuteria-etniczna","12":"product_tag-bizuteria-orientalna","13":"product_tag-kdk6509y","14":"product_tag-kolczyki-azurowe","15":"product_tag-kolczyki-boho","16":"product_tag-kolczyki-pozlacane","17":"product_tag-kolczyki-z-zawieszkami","18":"product_tag-ks52820","19":"product_tag-srebro-925","20":"product_tag-styl-boho","21":"pa_dlugosc-35mm","22":"pa_kruszec-srebro","23":"pa_kruszec-srebro-pozlacane","24":"pa_proba-0-925","25":"pa_waga-270g","26":"pa_zapiecie-sztyft","28":"first","29":"instock","30":"purchasable","31":"product-type-simple"},"aioseo_notices":[],"_links":{"self":[{"href":"https:\/\/staviori.com.pl\/cs\/wp-json\/wp\/v2\/product\/13958","targetHints":{"allow":["GET"]}}],"collection":[{"href":"https:\/\/staviori.com.pl\/cs\/wp-json\/wp\/v2\/product"}],"about":[{"href":"https:\/\/staviori.com.pl\/cs\/wp-json\/wp\/v2\/types\/product"}],"replies":[{"embeddable":true,"href":"https:\/\/staviori.com.pl\/cs\/wp-json\/wp\/v2\/comments?post=13958"}],"wp:featuredmedia":[{"embeddable":true,"href":"https:\/\/staviori.com.pl\/cs\/wp-json\/wp\/v2\/media\/13959"}],"wp:attachment":[{"href":"https:\/\/staviori.com.pl\/cs\/wp-json\/wp\/v2\/media?parent=13958"}],"wp:term":[{"taxonomy":"product_brand","embeddable":true,"href":"https:\/\/staviori.com.pl\/cs\/wp-json\/wp\/v2\/product_brand?post=13958"},{"taxonomy":"product_cat","embeddable":true,"href":"https:\/\/staviori.com.pl\/cs\/wp-json\/wp\/v2\/product_cat?post=13958"},{"taxonomy":"product_tag","embeddable":true,"href":"https:\/\/staviori.com.pl\/cs\/wp-json\/wp\/v2\/product_tag?post=13958"}],"curies":[{"name":"wp","href":"https:\/\/api.w.org\/{rel}","templated":true}]}}