{"id":13914,"date":"2025-02-24T22:45:42","date_gmt":"2025-02-24T21:45:42","guid":{"rendered":"https:\/\/staviori.com.pl\/product\/srebrne-kolczyki-kdk6433\/"},"modified":"2026-03-10T10:40:57","modified_gmt":"2026-03-10T09:40:57","slug":"srebrne-kolczyki-kdk6433","status":"publish","type":"product","link":"https:\/\/staviori.com.pl\/cs\/product\/srebrne-kolczyki-kdk6433\/","title":{"rendered":"St\u0159\u00edbrn\u00e9 pozlacen\u00e9 n\u00e1u\u0161nice s \u0159et\u00edzkem a \u010dern\u00fdmi zirkony KDK6433"},"content":{"rendered":"<p>Model: KDK6433<br \/>\nHmotnost p\u0159ibli\u017en\u011b 1 g<\/p>\n<p>N\u00e1u\u0161nice.<br \/>\nSt\u0159\u00edbro 0.925 pokoven\u00e9 \u017elut\u00fdm zlatem<\/p>\n<p>Zirkonov\u00e1 \u010dern\u00e1.<\/p>","protected":false},"excerpt":{"rendered":"<p>Stylowe kolczyki typu sztyft wykonane ze srebra pr\u00f3by 0,925, pokryte \u017c\u00f3\u0142tym z\u0142otem i ozdobione czarn\u0105 cyrkoni\u0105. Ich nowoczesny charakter podkre\u015bla subtelny \u0142a\u0144cuszek \u0142\u0105cz\u0105cy prz\u00f3d z zapi\u0119ciem, co daje wyj\u0105tkowy efekt noszenia \u2014 modny, lekko buntowniczy, a zarazem elegancki. Idealny dodatek do miejskich i wieczorowych stylizacji.<\/p>","protected":false},"featured_media":17741,"comment_status":"closed","ping_status":"closed","template":"","meta":{"om_disable_all_campaigns":false},"product_brand":[2284,2350],"product_cat":[199,1818,1817],"product_tag":[2536,3065,3064,6848,3200],"class_list":{"0":"post-13914","1":"product","2":"type-product","3":"status-publish","4":"has-post-thumbnail","6":"product_brand-staviori","7":"product_brand-verona","8":"product_cat-kolczyki","9":"product_cat-srebrne-kolczyki","10":"product_cat-srebro-2","11":"product_tag-czarna-cyrkonia","12":"product_tag-kdk6433","13":"product_tag-ko50954","14":"product_tag-lancuszkowe-kolczyki","15":"product_tag-pozlacane-kolczyki","16":"pa_barwa-70","17":"pa_kamien-cyrkonia-czarna","18":"pa_kruszec-srebro","19":"pa_proba-0-925","20":"pa_waga-1-00g","21":"pa_zapiecie-sztyft","23":"first","24":"outofstock","25":"purchasable","26":"product-type-simple"},"aioseo_notices":[],"_links":{"self":[{"href":"https:\/\/staviori.com.pl\/cs\/wp-json\/wp\/v2\/product\/13914","targetHints":{"allow":["GET"]}}],"collection":[{"href":"https:\/\/staviori.com.pl\/cs\/wp-json\/wp\/v2\/product"}],"about":[{"href":"https:\/\/staviori.com.pl\/cs\/wp-json\/wp\/v2\/types\/product"}],"replies":[{"embeddable":true,"href":"https:\/\/staviori.com.pl\/cs\/wp-json\/wp\/v2\/comments?post=13914"}],"wp:featuredmedia":[{"embeddable":true,"href":"https:\/\/staviori.com.pl\/cs\/wp-json\/wp\/v2\/media\/17741"}],"wp:attachment":[{"href":"https:\/\/staviori.com.pl\/cs\/wp-json\/wp\/v2\/media?parent=13914"}],"wp:term":[{"taxonomy":"product_brand","embeddable":true,"href":"https:\/\/staviori.com.pl\/cs\/wp-json\/wp\/v2\/product_brand?post=13914"},{"taxonomy":"product_cat","embeddable":true,"href":"https:\/\/staviori.com.pl\/cs\/wp-json\/wp\/v2\/product_cat?post=13914"},{"taxonomy":"product_tag","embeddable":true,"href":"https:\/\/staviori.com.pl\/cs\/wp-json\/wp\/v2\/product_tag?post=13914"}],"curies":[{"name":"wp","href":"https:\/\/api.w.org\/{rel}","templated":true}]}}