{"id":13909,"date":"2025-02-24T22:45:42","date_gmt":"2025-02-24T21:45:42","guid":{"rendered":"https:\/\/staviori.com.pl\/product\/srebrne-kolczyki-kdk6417y\/"},"modified":"2026-02-16T08:56:41","modified_gmt":"2026-02-16T07:56:41","slug":"srebrne-kolczyki-kdk6417y","status":"publish","type":"product","link":"https:\/\/staviori.com.pl\/cs\/product\/srebrne-kolczyki-kdk6417y\/","title":{"rendered":"Post\u0159\u00edb\u0159en\u00e9 pozlacen\u00e9 kroucen\u00e9 n\u00e1u\u0161nice - KDK6417Y"},"content":{"rendered":"<p>Model: KDK6417Y<br \/>\nHmotnost p\u0159ibli\u017en\u011b 2,10 g<\/p>\n<p>N\u00e1u\u0161nice.<br \/>\nSt\u0159\u00edbro 0.925 pokoven\u00e9 \u017elut\u00fdm zlatem<br \/>\nPr\u016fm\u011br 10 mm.<\/p>\n<p>Kolczyki z zapi\u0119ciem typu szarnir, wykonane ze srebra pr\u00f3by 0,925, poz\u0142acane.<\/p>","protected":false},"excerpt":{"rendered":"<p>Stylowe, poz\u0142acane kolczyki ko\u0142a wykonane ze srebra pr\u00f3by 0,925 to idealny dodatek do ka\u017cdej stylizacji. Ich delikatnie skr\u0119cona forma przyci\u0105ga wzrok i dodaje bi\u017cuterii charakteru. Zapi\u0119cie typu szarnir zapewnia komfort i bezpiecze\u0144stwo noszenia. Elegancja w nowoczesnym wydaniu \u2014 \u015bwietny wyb\u00f3r na prezent lub do codziennego noszenia.<\/p>","protected":false},"featured_media":10125,"comment_status":"closed","ping_status":"closed","template":"","meta":{"om_disable_all_campaigns":false},"product_brand":[2284,2350],"product_cat":[199,1818,1817],"product_tag":[3077,3078,1394,2682,3047,1396,2427,3076,2683],"class_list":{"0":"post-13909","1":"product","2":"type-product","3":"status-publish","4":"has-post-thumbnail","6":"product_brand-staviori","7":"product_brand-verona","8":"product_cat-kolczyki","9":"product_cat-srebrne-kolczyki","10":"product_cat-srebro-2","11":"product_tag-j050794","12":"product_tag-kdk6417y","13":"product_tag-kolczyki","14":"product_tag-kolczyki-kola","15":"product_tag-kolczyki-pozlacane","16":"product_tag-kolczyki-srebrne","17":"product_tag-srebro-925","18":"product_tag-zapiecie-szarnir","19":"product_tag-zlote-kolczyki","20":"pa_kruszec-srebro","21":"pa_kruszec-srebro-pozlacane","22":"pa_proba-0-925","23":"pa_srednica-10mm","24":"pa_waga-210g","26":"first","27":"instock","28":"purchasable","29":"product-type-simple"},"aioseo_notices":[],"_links":{"self":[{"href":"https:\/\/staviori.com.pl\/cs\/wp-json\/wp\/v2\/product\/13909","targetHints":{"allow":["GET"]}}],"collection":[{"href":"https:\/\/staviori.com.pl\/cs\/wp-json\/wp\/v2\/product"}],"about":[{"href":"https:\/\/staviori.com.pl\/cs\/wp-json\/wp\/v2\/types\/product"}],"replies":[{"embeddable":true,"href":"https:\/\/staviori.com.pl\/cs\/wp-json\/wp\/v2\/comments?post=13909"}],"wp:featuredmedia":[{"embeddable":true,"href":"https:\/\/staviori.com.pl\/cs\/wp-json\/wp\/v2\/media\/10125"}],"wp:attachment":[{"href":"https:\/\/staviori.com.pl\/cs\/wp-json\/wp\/v2\/media?parent=13909"}],"wp:term":[{"taxonomy":"product_brand","embeddable":true,"href":"https:\/\/staviori.com.pl\/cs\/wp-json\/wp\/v2\/product_brand?post=13909"},{"taxonomy":"product_cat","embeddable":true,"href":"https:\/\/staviori.com.pl\/cs\/wp-json\/wp\/v2\/product_cat?post=13909"},{"taxonomy":"product_tag","embeddable":true,"href":"https:\/\/staviori.com.pl\/cs\/wp-json\/wp\/v2\/product_tag?post=13909"}],"curies":[{"name":"wp","href":"https:\/\/api.w.org\/{rel}","templated":true}]}}