{"id":13907,"date":"2025-02-24T22:45:42","date_gmt":"2025-02-24T21:45:42","guid":{"rendered":"https:\/\/staviori.com.pl\/product\/srebrne-kolczyki-kdk6415\/"},"modified":"2026-02-11T00:08:37","modified_gmt":"2026-02-10T23:08:37","slug":"srebrne-kolczyki-kdk6415","status":"publish","type":"product","link":"https:\/\/staviori.com.pl\/cs\/product\/srebrne-kolczyki-kdk6415\/","title":{"rendered":"St\u0159\u00edbrn\u00e9 n\u00e1u\u0161nice pro d\u00edvku nebo \u017eenu - KDK6415"},"content":{"rendered":"<p>Model: KDK6415<br \/>\nWaga ok. 2,20g<\/p>\n<p>N\u00e1u\u0161nice.<br \/>\n0,925 rhodiovan\u00e9 st\u0159\u00edbro.<br \/>\nZirkonie.<\/p>","protected":false},"excerpt":{"rendered":"<p>Delikatne kolczyki w kszta\u0142cie motyli, wykonane z rodowanego srebra pr\u00f3by 0,925. Ozdobione kolorowymi cyrkoniami w odcieniach czerwieni, fioletu, r\u00f3\u017cu i czerni, przyci\u0105gaj\u0105 wzrok subtelnym blaskiem i bajkow\u0105 form\u0105. Zapi\u0119cie typu szarnir zapewnia wygod\u0119 noszenia i bezpiecze\u0144stwo. Idealne do codziennego noszenia oraz jako wyj\u0105tkowy dodatek do eleganckich stylizacji.<\/p>","protected":false},"featured_media":10121,"comment_status":"closed","ping_status":"closed","template":"","meta":{"om_disable_all_campaigns":false},"product_brand":[2284,2350],"product_cat":[199,1818,1817],"product_tag":[2541,2454,2660,3080,3083,2698,1396,2340,2493,3082,2426],"class_list":{"0":"post-13907","1":"product","2":"type-product","3":"status-publish","4":"has-post-thumbnail","6":"product_brand-staviori","7":"product_brand-verona","8":"product_cat-kolczyki","9":"product_cat-srebrne-kolczyki","10":"product_cat-srebro-2","11":"product_tag-bizuteria-damska","12":"product_tag-cyrkonia","13":"product_tag-eleganckie-kolczyki","14":"product_tag-jx50548","15":"product_tag-kdk6415","16":"product_tag-kolczyki-na-prezent","17":"product_tag-kolczyki-srebrne","18":"product_tag-kolorowe-kamienie","19":"product_tag-motyl","20":"product_tag-motyle","21":"product_tag-srebro-rodowane","22":"pa_kamien-cyrkonia","23":"pa_kruszec-srebro-rodowane","24":"pa_proba-0-925","25":"pa_waga-220g","26":"pa_zapiecie-szarnir","28":"first","29":"instock","30":"purchasable","31":"product-type-simple"},"aioseo_notices":[],"_links":{"self":[{"href":"https:\/\/staviori.com.pl\/cs\/wp-json\/wp\/v2\/product\/13907","targetHints":{"allow":["GET"]}}],"collection":[{"href":"https:\/\/staviori.com.pl\/cs\/wp-json\/wp\/v2\/product"}],"about":[{"href":"https:\/\/staviori.com.pl\/cs\/wp-json\/wp\/v2\/types\/product"}],"replies":[{"embeddable":true,"href":"https:\/\/staviori.com.pl\/cs\/wp-json\/wp\/v2\/comments?post=13907"}],"wp:featuredmedia":[{"embeddable":true,"href":"https:\/\/staviori.com.pl\/cs\/wp-json\/wp\/v2\/media\/10121"}],"wp:attachment":[{"href":"https:\/\/staviori.com.pl\/cs\/wp-json\/wp\/v2\/media?parent=13907"}],"wp:term":[{"taxonomy":"product_brand","embeddable":true,"href":"https:\/\/staviori.com.pl\/cs\/wp-json\/wp\/v2\/product_brand?post=13907"},{"taxonomy":"product_cat","embeddable":true,"href":"https:\/\/staviori.com.pl\/cs\/wp-json\/wp\/v2\/product_cat?post=13907"},{"taxonomy":"product_tag","embeddable":true,"href":"https:\/\/staviori.com.pl\/cs\/wp-json\/wp\/v2\/product_tag?post=13907"}],"curies":[{"name":"wp","href":"https:\/\/api.w.org\/{rel}","templated":true}]}}