{"id":13903,"date":"2025-02-24T22:45:42","date_gmt":"2025-02-24T21:45:42","guid":{"rendered":"https:\/\/staviori.com.pl\/product\/srebrne-kolczyki-kdk6403y\/"},"modified":"2026-04-17T10:54:16","modified_gmt":"2026-04-17T08:54:16","slug":"srebrne-kolczyki-kdk6403y","status":"publish","type":"product","link":"https:\/\/staviori.com.pl\/cs\/product\/srebrne-kolczyki-kdk6403y\/","title":{"rendered":"Pozlacen\u00e9 st\u0159\u00edbrn\u00e9 n\u00e1u\u0161nice s modr\u00fdmi zirkony - KDK6403Y"},"content":{"rendered":"<p>Model: KDK6403Y<br \/>\nHmotnost p\u0159ibli\u017en\u011b 2,90 g<\/p>\n<p>N\u00e1u\u0161nice.<br \/>\nSt\u0159\u00edbro 0.925 pokoven\u00e9 \u017elut\u00fdm zlatem<br \/>\nZirkonie.<\/p>\n<p>D\u00e9lka 20 mm.<br \/>\nRozm\u011bry 11 \u00d7 9 mm.<\/p>","protected":false},"excerpt":{"rendered":"<p>Rozko\u0161n\u00e9 n\u00e1u\u0161nice pozlacen\u00e9 \u017elut\u00fdm zlatem, vyroben\u00e9 ze st\u0159\u00edbra ryzosti 0,925, zdoben\u00e9 syt\u011b modr\u00fdmi zirkony v ov\u00e1ln\u00e9m v\u00fdbrusu. Kameny jsou obklopeny t\u0159pytivou svatoz\u00e1\u0159\u00ed z drobn\u00fdch zirkon\u016f, kter\u00e9 podtrhuj\u00ed elegantn\u00ed charakter \u0161perku. Jedn\u00e1 se o sofistikovanou volbu pro \u017eeny, kter\u00e9 ocen\u00ed klasiku v modern\u00edm vyd\u00e1n\u00ed.<\/p>","protected":false},"featured_media":17862,"comment_status":"closed","ping_status":"closed","template":"","meta":{"om_disable_all_campaigns":false},"product_brand":[2284,2350],"product_cat":[199,1818,1817],"product_tag":[3202,2317,3191,3199,2685,2698,2964,3201,3200,2942],"class_list":{"0":"post-13903","1":"product","2":"type-product","3":"status-publish","4":"has-post-thumbnail","6":"product_brand-staviori","7":"product_brand-verona","8":"product_cat-kolczyki","9":"product_cat-srebrne-kolczyki","10":"product_cat-srebro-2","11":"product_tag-bizuteria-z-polyskiem","12":"product_tag-elegancka-bizuteria","13":"product_tag-gn49602","14":"product_tag-kdk6403y","15":"product_tag-kolczyki-glamour","16":"product_tag-kolczyki-na-prezent","17":"product_tag-kolczyki-z-cyrkonia","18":"product_tag-niebieskie-kamienie","19":"product_tag-pozlacane-kolczyki","20":"product_tag-srebrne-kolczyki","21":"pa_dlugosc-20mm","22":"pa_kamien-cyrkonia","23":"pa_kruszec-srebro","24":"pa_kruszec-srebro-pozlacane","25":"pa_proba-0-925","26":"pa_waga-290g","27":"pa_wymiary-11x9mm","29":"first","30":"instock","31":"purchasable","32":"product-type-simple"},"aioseo_notices":[],"_links":{"self":[{"href":"https:\/\/staviori.com.pl\/cs\/wp-json\/wp\/v2\/product\/13903","targetHints":{"allow":["GET"]}}],"collection":[{"href":"https:\/\/staviori.com.pl\/cs\/wp-json\/wp\/v2\/product"}],"about":[{"href":"https:\/\/staviori.com.pl\/cs\/wp-json\/wp\/v2\/types\/product"}],"replies":[{"embeddable":true,"href":"https:\/\/staviori.com.pl\/cs\/wp-json\/wp\/v2\/comments?post=13903"}],"wp:featuredmedia":[{"embeddable":true,"href":"https:\/\/staviori.com.pl\/cs\/wp-json\/wp\/v2\/media\/17862"}],"wp:attachment":[{"href":"https:\/\/staviori.com.pl\/cs\/wp-json\/wp\/v2\/media?parent=13903"}],"wp:term":[{"taxonomy":"product_brand","embeddable":true,"href":"https:\/\/staviori.com.pl\/cs\/wp-json\/wp\/v2\/product_brand?post=13903"},{"taxonomy":"product_cat","embeddable":true,"href":"https:\/\/staviori.com.pl\/cs\/wp-json\/wp\/v2\/product_cat?post=13903"},{"taxonomy":"product_tag","embeddable":true,"href":"https:\/\/staviori.com.pl\/cs\/wp-json\/wp\/v2\/product_tag?post=13903"}],"curies":[{"name":"wp","href":"https:\/\/api.w.org\/{rel}","templated":true}]}}