{"id":13899,"date":"2025-02-24T22:45:39","date_gmt":"2025-02-24T21:45:39","guid":{"rendered":"https:\/\/staviori.com.pl\/product\/srebrne-kolczyki-kdk6368y\/"},"modified":"2026-04-24T10:25:25","modified_gmt":"2026-04-24T08:25:25","slug":"srebrne-kolczyki-kdk6368y","status":"publish","type":"product","link":"https:\/\/staviori.com.pl\/cs\/product\/srebrne-kolczyki-kdk6368y\/","title":{"rendered":"Pozlacen\u00e9 st\u0159\u00edbrn\u00e9 n\u00e1u\u0161nice v\u010dela se zirkony"},"content":{"rendered":"<p>Model: KDK6368Y<br \/>\nHmotnost p\u0159ibli\u017en\u011b 1,10 g<\/p>\n<p>N\u00e1u\u0161nice.<br \/>\nSt\u0159\u00edbro 0.925 pokoven\u00e9 \u017elut\u00fdm zlatem<br \/>\nZirkonie.<\/p>\n<p>Kolczyki srebrne poz\u0142acane z cyrkoniami &#8211; pszczo\u0142a. Kolczyki na biglu wykonane ze srebra pr\u00f3by 0,925. Model ozdobiono cyrkoniami.<\/p>","protected":false},"excerpt":{"rendered":"<p>Urocze kolczyki srebrne poz\u0142acane w kszta\u0142cie pszcz\u00f3\u0142ki, ozdobione b\u0142yszcz\u0105cymi cyrkoniami. Subtelne i jednocze\u015bnie pe\u0142ne blasku, stanowi\u0105 wyj\u0105tkowy dodatek, kt\u00f3ry podkre\u015bli lekko\u015b\u0107 i wdzi\u0119k ka\u017cdej stylizacji. Idealne dla os\u00f3b ceni\u0105cych sobie delikatn\u0105 bi\u017cuteri\u0119 o oryginalnym charakterze.<\/p>","protected":false},"featured_media":10105,"comment_status":"closed","ping_status":"closed","template":"","meta":{"om_disable_all_campaigns":false},"product_brand":[2284,2350],"product_cat":[199,1818,1817],"product_tag":[6424,5793,5916,3047,6423,1396,2953,6425,6426,5820,2427,6088],"class_list":{"0":"post-13899","1":"product","2":"type-product","3":"status-publish","4":"has-post-thumbnail","6":"product_brand-staviori","7":"product_brand-verona","8":"product_cat-kolczyki","9":"product_cat-srebrne-kolczyki","10":"product_cat-srebro-2","11":"product_tag-bee-earrings","12":"product_tag-cubic-zirconia-jewelry","13":"product_tag-gold-plated-earrings","14":"product_tag-kolczyki-pozlacane","15":"product_tag-kolczyki-pszczola","16":"product_tag-kolczyki-srebrne","17":"product_tag-kolczyki-z-cyrkoniami","18":"product_tag-ohrringe-biene","19":"product_tag-silber-vergoldet","20":"product_tag-silver-earrings","21":"product_tag-srebro-925","22":"product_tag-zirkonia","23":"pa_kamien-cyrkonia","24":"pa_kruszec-srebro","25":"pa_kruszec-srebro-pozlacane","26":"pa_proba-0-925","27":"pa_srednica-ok-11mm","28":"pa_waga-110g","29":"pa_zapiecie-bigiel-zamniety","31":"first","32":"instock","33":"purchasable","34":"product-type-simple"},"aioseo_notices":[],"_links":{"self":[{"href":"https:\/\/staviori.com.pl\/cs\/wp-json\/wp\/v2\/product\/13899","targetHints":{"allow":["GET"]}}],"collection":[{"href":"https:\/\/staviori.com.pl\/cs\/wp-json\/wp\/v2\/product"}],"about":[{"href":"https:\/\/staviori.com.pl\/cs\/wp-json\/wp\/v2\/types\/product"}],"replies":[{"embeddable":true,"href":"https:\/\/staviori.com.pl\/cs\/wp-json\/wp\/v2\/comments?post=13899"}],"wp:featuredmedia":[{"embeddable":true,"href":"https:\/\/staviori.com.pl\/cs\/wp-json\/wp\/v2\/media\/10105"}],"wp:attachment":[{"href":"https:\/\/staviori.com.pl\/cs\/wp-json\/wp\/v2\/media?parent=13899"}],"wp:term":[{"taxonomy":"product_brand","embeddable":true,"href":"https:\/\/staviori.com.pl\/cs\/wp-json\/wp\/v2\/product_brand?post=13899"},{"taxonomy":"product_cat","embeddable":true,"href":"https:\/\/staviori.com.pl\/cs\/wp-json\/wp\/v2\/product_cat?post=13899"},{"taxonomy":"product_tag","embeddable":true,"href":"https:\/\/staviori.com.pl\/cs\/wp-json\/wp\/v2\/product_tag?post=13899"}],"curies":[{"name":"wp","href":"https:\/\/api.w.org\/{rel}","templated":true}]}}