{"id":13898,"date":"2025-02-24T22:45:39","date_gmt":"2025-02-24T21:45:39","guid":{"rendered":"https:\/\/staviori.com.pl\/product\/srebrne-kolczyki-kdk6367y\/"},"modified":"2026-04-18T14:07:29","modified_gmt":"2026-04-18T12:07:29","slug":"srebrne-kolczyki-kdk6367y","status":"publish","type":"product","link":"https:\/\/staviori.com.pl\/cs\/product\/srebrne-kolczyki-kdk6367y\/","title":{"rendered":"Velk\u00e9 kroucen\u00e9 kruhov\u00e9 n\u00e1u\u0161nice | pozlacen\u00e9 st\u0159\u00edbro 5cm"},"content":{"rendered":"<p>Model: KDK6367Y<br \/>\nHmotnost p\u0159ibli\u017en\u011b 3,40 g<\/p>\n<p>N\u00e1u\u0161nice.<br \/>\nSt\u0159\u00edbro 0.925 pokoven\u00e9 \u017elut\u00fdm zlatem<\/p>\n<p>Tlou\u0161\u0165ka 1,8 mm.<br \/>\nPr\u016fm\u011br 50 mm.<\/p>","protected":false},"excerpt":{"rendered":"<p>Velk\u00e9 n\u00e1padn\u00e9 kruhov\u00e9 n\u00e1u\u0161nice ze st\u0159\u00edbra o ryzosti 925\/1000 pokoven\u00e9 \u017elut\u00fdm zlatem. Jejich ozdobn\u00fd povrch s jemn\u00fdm vzorem kr\u00e1sn\u011b odr\u00e1\u017e\u00ed sv\u011btlo a podtrhuje p\u016fvab a \u017eenskost. Ide\u00e1ln\u00ed pro \u017eeny, kter\u00e9 maj\u00ed r\u00e1dy klasick\u00e9 \u0161perky v modern\u00edm vyd\u00e1n\u00ed a cht\u011bj\u00ed sv\u00e9mu stylingu dodat v\u00fdrazn\u00fd akcent.<\/p>","protected":false},"featured_media":10103,"comment_status":"closed","ping_status":"closed","template":"","meta":{"om_disable_all_campaigns":false},"product_brand":[2284,2350],"product_cat":[199,1818,1817],"product_tag":[6420,3901,3743,6413,6422,3847,1394,2682,3844,6072,6073,2452,6414,6075,2427,5905,5295,6421,6416,2683],"class_list":{"0":"post-13898","1":"product","2":"type-product","3":"status-publish","4":"has-post-thumbnail","6":"product_brand-staviori","7":"product_brand-verona","8":"product_cat-kolczyki","9":"product_cat-srebrne-kolczyki","10":"product_cat-srebro-2","11":"product_tag-big-hoop-earrings","12":"product_tag-duze-kolczyki","13":"product_tag-earrings","14":"product_tag-gold-plated","15":"product_tag-grose-creolen","16":"product_tag-hoop-earrings","17":"product_tag-kolczyki","18":"product_tag-kolczyki-kola","19":"product_tag-kruhove-nausnice","20":"product_tag-nausnice","21":"product_tag-ohrringe","22":"product_tag-pozlacane","23":"product_tag-pozlacene","24":"product_tag-silber-925","25":"product_tag-srebro-925","26":"product_tag-sterling-silver","27":"product_tag-stribro-925","28":"product_tag-velke-nausnice","29":"product_tag-vergoldet","30":"product_tag-zlote-kolczyki","31":"pa_grubosc-1-8mm","32":"pa_kruszec-srebro","33":"pa_kruszec-srebro-pozlacane","34":"pa_proba-0-925","35":"pa_srednica-50mm","36":"pa_waga-340g","37":"pa_zapiecie-bigiel-zamniety","39":"first","40":"instock","41":"purchasable","42":"product-type-simple"},"aioseo_notices":[],"_links":{"self":[{"href":"https:\/\/staviori.com.pl\/cs\/wp-json\/wp\/v2\/product\/13898","targetHints":{"allow":["GET"]}}],"collection":[{"href":"https:\/\/staviori.com.pl\/cs\/wp-json\/wp\/v2\/product"}],"about":[{"href":"https:\/\/staviori.com.pl\/cs\/wp-json\/wp\/v2\/types\/product"}],"replies":[{"embeddable":true,"href":"https:\/\/staviori.com.pl\/cs\/wp-json\/wp\/v2\/comments?post=13898"}],"wp:featuredmedia":[{"embeddable":true,"href":"https:\/\/staviori.com.pl\/cs\/wp-json\/wp\/v2\/media\/10103"}],"wp:attachment":[{"href":"https:\/\/staviori.com.pl\/cs\/wp-json\/wp\/v2\/media?parent=13898"}],"wp:term":[{"taxonomy":"product_brand","embeddable":true,"href":"https:\/\/staviori.com.pl\/cs\/wp-json\/wp\/v2\/product_brand?post=13898"},{"taxonomy":"product_cat","embeddable":true,"href":"https:\/\/staviori.com.pl\/cs\/wp-json\/wp\/v2\/product_cat?post=13898"},{"taxonomy":"product_tag","embeddable":true,"href":"https:\/\/staviori.com.pl\/cs\/wp-json\/wp\/v2\/product_tag?post=13898"}],"curies":[{"name":"wp","href":"https:\/\/api.w.org\/{rel}","templated":true}]}}