{"id":13895,"date":"2025-02-24T22:45:39","date_gmt":"2025-02-24T21:45:39","guid":{"rendered":"https:\/\/staviori.com.pl\/product\/srebrne-kolczyki-kdk6316b\/"},"modified":"2026-03-18T09:23:31","modified_gmt":"2026-03-18T08:23:31","slug":"srebrne-kolczyki-kdk6316b","status":"publish","type":"product","link":"https:\/\/staviori.com.pl\/cs\/product\/srebrne-kolczyki-kdk6316b\/","title":{"rendered":"St\u0159\u00edbrn\u00e9 n\u00e1u\u0161nice s \u010dern\u00fdmi zirkony - KDK6316B"},"content":{"rendered":"<p>Model: KDK6316B<br \/>\nHmotnost p\u0159ibli\u017en\u011b 4,90 g<\/p>\n<p>N\u00e1u\u0161nice.<br \/>\n0,925 rhodiovan\u00e9 st\u0159\u00edbro.<br \/>\nZirkonov\u00e1 \u010dern\u00e1.<\/p>\n<p>Rozm\u011bry 10 \u00d7 10 mm.<br \/>\n\u0160\u00ed\u0159ka 5 mm.<\/p>","protected":false},"excerpt":{"rendered":"<p>Elegantn\u00ed n\u00e1u\u0161nice se zap\u00edn\u00e1n\u00edm na karabinku z rhodiovan\u00e9ho st\u0159\u00edbra, zdoben\u00e9 \u010dern\u00fdmi zirkony. Jejich obd\u00e9ln\u00edkov\u00fd tvar a syt\u011b \u010dern\u00e1 barva kamen\u016f jim dod\u00e1vaj\u00ed modern\u00ed a z\u00e1rove\u0148 sofistikovan\u00fd charakter. Skv\u011ble se hod\u00ed pro ve\u010dern\u00ed styling nebo jako v\u00fdrazn\u00fd akcent ka\u017edodenn\u00edho vzhledu. Pro \u017eeny, kter\u00e9 r\u00e1dy kombinuj\u00ed klasiku s odv\u00e1\u017enost\u00ed.<\/p>","protected":false},"featured_media":1962,"comment_status":"closed","ping_status":"closed","template":"","meta":{"om_disable_all_campaigns":false},"product_brand":[2284,2350],"product_cat":[199,1818,1817],"product_tag":[3059,2660,3056,3055,1396,2686,3057,3058,2455],"class_list":{"0":"post-13895","1":"product","2":"type-product","3":"status-publish","4":"has-post-thumbnail","6":"product_brand-staviori","7":"product_brand-verona","8":"product_cat-kolczyki","9":"product_cat-srebrne-kolczyki","10":"product_cat-srebro-2","11":"product_tag-bizuteria-glamour","12":"product_tag-eleganckie-kolczyki","13":"product_tag-js50999","14":"product_tag-kdk6316b","15":"product_tag-kolczyki-srebrne","16":"product_tag-kolczyki-wieczorowe","17":"product_tag-kolczyki-z-czarnymi-cyrkoniami","18":"product_tag-kolczyki-zatrzaskowe","19":"product_tag-rodowane-srebro","20":"pa_kamien-cyrkonia-czarna","21":"pa_kruszec-srebro-rodowane","22":"pa_proba-0-925","23":"pa_szerokosc-5mm","24":"pa_waga-4-90g","25":"pa_wymiary-10x10mm","26":"pa_zapiecie-angielskie","28":"first","29":"instock","30":"purchasable","31":"product-type-simple"},"aioseo_notices":[],"_links":{"self":[{"href":"https:\/\/staviori.com.pl\/cs\/wp-json\/wp\/v2\/product\/13895","targetHints":{"allow":["GET"]}}],"collection":[{"href":"https:\/\/staviori.com.pl\/cs\/wp-json\/wp\/v2\/product"}],"about":[{"href":"https:\/\/staviori.com.pl\/cs\/wp-json\/wp\/v2\/types\/product"}],"replies":[{"embeddable":true,"href":"https:\/\/staviori.com.pl\/cs\/wp-json\/wp\/v2\/comments?post=13895"}],"wp:featuredmedia":[{"embeddable":true,"href":"https:\/\/staviori.com.pl\/cs\/wp-json\/wp\/v2\/media\/1962"}],"wp:attachment":[{"href":"https:\/\/staviori.com.pl\/cs\/wp-json\/wp\/v2\/media?parent=13895"}],"wp:term":[{"taxonomy":"product_brand","embeddable":true,"href":"https:\/\/staviori.com.pl\/cs\/wp-json\/wp\/v2\/product_brand?post=13895"},{"taxonomy":"product_cat","embeddable":true,"href":"https:\/\/staviori.com.pl\/cs\/wp-json\/wp\/v2\/product_cat?post=13895"},{"taxonomy":"product_tag","embeddable":true,"href":"https:\/\/staviori.com.pl\/cs\/wp-json\/wp\/v2\/product_tag?post=13895"}],"curies":[{"name":"wp","href":"https:\/\/api.w.org\/{rel}","templated":true}]}}