{"id":13870,"date":"2025-02-24T22:45:37","date_gmt":"2025-02-24T21:45:37","guid":{"rendered":"https:\/\/staviori.com.pl\/product\/srebrne-kolczyki-kdk5598\/"},"modified":"2026-04-13T19:38:17","modified_gmt":"2026-04-13T17:38:17","slug":"srebrne-kolczyki-kdk5598","status":"publish","type":"product","link":"https:\/\/staviori.com.pl\/cs\/product\/srebrne-kolczyki-kdk5598\/","title":{"rendered":"St\u0159\u00edbrn\u00e9 n\u00e1u\u0161nice s p\u0159\u00edv\u011bskem - KDK5598"},"content":{"rendered":"<p>Model: KDK5598<br \/>\nHmotnost p\u0159ibli\u017en\u011b 3,30 g<\/p>\n<p>N\u00e1u\u0161nice.<br \/>\nSrebro 0.925.<\/p>\n<p>D\u00e9lka 40 mm.<\/p>","protected":false},"excerpt":{"rendered":"<p>Jemn\u00e9 a nesm\u00edrn\u011b elegantn\u00ed st\u0159\u00edbrn\u00e9 n\u00e1u\u0161nice ve tvaru \u0161t\u00edhl\u00fdch kapek. Jsou vyrobeny z nejkvalitn\u011bj\u0161\u00edho st\u0159\u00edbra o ryzosti 0,925 a pot\u011b\u0161\u00ed sv\u00fdm minimalistick\u00fdm designem a kr\u00e1sn\u00fdm leskem. Skv\u011ble se hod\u00ed pro ka\u017edou p\u0159\u00edle\u017eitost - jak ke ka\u017edodenn\u00edmu oble\u010den\u00ed, tak k form\u00e1ln\u011bj\u0161\u00edmu stylingu. Jejich jemn\u00fd tvar podtrhuje \u017eenskou jemnost a noblesu.<\/p>","protected":false},"featured_media":1859,"comment_status":"closed","ping_status":"closed","template":"","meta":{"om_disable_all_campaigns":false},"product_brand":[2284,2350],"product_cat":[199,1818,1817],"product_tag":[2660,2603,3017,2770,2384,2942,2427],"class_list":{"0":"post-13870","1":"product","2":"type-product","3":"status-publish","4":"has-post-thumbnail","6":"product_brand-staviori","7":"product_brand-verona","8":"product_cat-kolczyki","9":"product_cat-srebrne-kolczyki","10":"product_cat-srebro-2","11":"product_tag-eleganckie-kolczyki","12":"product_tag-klasyczna-bizuteria","13":"product_tag-kolczyki-krople","14":"product_tag-kolczyki-wiszace","15":"product_tag-minimalistyczna-bizuteria","16":"product_tag-srebrne-kolczyki","17":"product_tag-srebro-925","18":"pa_dlugosc-40mm","19":"pa_kruszec-srebro","20":"pa_proba-0-925","21":"pa_waga-3-30g","22":"pa_zapiecie-angielskie","23":"pa_zapiecie-bigiel-zamniety","25":"first","26":"instock","27":"purchasable","28":"product-type-simple"},"aioseo_notices":[],"_links":{"self":[{"href":"https:\/\/staviori.com.pl\/cs\/wp-json\/wp\/v2\/product\/13870","targetHints":{"allow":["GET"]}}],"collection":[{"href":"https:\/\/staviori.com.pl\/cs\/wp-json\/wp\/v2\/product"}],"about":[{"href":"https:\/\/staviori.com.pl\/cs\/wp-json\/wp\/v2\/types\/product"}],"replies":[{"embeddable":true,"href":"https:\/\/staviori.com.pl\/cs\/wp-json\/wp\/v2\/comments?post=13870"}],"wp:featuredmedia":[{"embeddable":true,"href":"https:\/\/staviori.com.pl\/cs\/wp-json\/wp\/v2\/media\/1859"}],"wp:attachment":[{"href":"https:\/\/staviori.com.pl\/cs\/wp-json\/wp\/v2\/media?parent=13870"}],"wp:term":[{"taxonomy":"product_brand","embeddable":true,"href":"https:\/\/staviori.com.pl\/cs\/wp-json\/wp\/v2\/product_brand?post=13870"},{"taxonomy":"product_cat","embeddable":true,"href":"https:\/\/staviori.com.pl\/cs\/wp-json\/wp\/v2\/product_cat?post=13870"},{"taxonomy":"product_tag","embeddable":true,"href":"https:\/\/staviori.com.pl\/cs\/wp-json\/wp\/v2\/product_tag?post=13870"}],"curies":[{"name":"wp","href":"https:\/\/api.w.org\/{rel}","templated":true}]}}